{"id":26284,"date":"2023-11-30T11:52:35","date_gmt":"2023-11-30T10:52:35","guid":{"rendered":"https:\/\/www.studiolongboard.com\/?post_type=product&#038;p=26284"},"modified":"2023-12-13T14:43:26","modified_gmt":"2023-12-13T13:43:26","slug":"kendama-play-pro-ii-k-slick-stripe-green-recpaint","status":"publish","type":"product","link":"https:\/\/www.studiolongboard.com\/es\/shop\/sale\/kendama-play-pro-ii-k-slick-stripe-green-recpaint\/","title":{"rendered":"KENDAMA Play Pro II K-Slick Stripe Green Recpaint"},"content":{"rendered":"<h2>KENDAMA Play Pro II K-Slick Stripe Green Recpaint<\/h2>\n<p>KENDAMA Play Pro II K-Slick Stripe Green Recpaint ist aus der Familie der Play Pro II Serie und wurde entwickelt, um dem Kendama-Spieler das bestm\u00f6gliche Kendama zu erm\u00f6glichen.<br \/>\nDie gl\u00e4nzende Recpaint-Beschichtung besitzt eine bisher nie da gewesene Griffigkeit, welche einerseits sehr haftbar ist und andererseits Feinjustierungen beim Fangen erm\u00f6glicht.<br \/>\nDie Grundlage der Recpaint-Serie bleibt das Play Pro II Ken Shape mit seinen optimalen Balance-Eigenschaften. Zudem wurde die Lochbohrung der Kugel verbessert. Ein um zwei Millimeter vergr\u00f6\u00dferter Durchmesser des Lochs erm\u00f6glicht ein leichteres Spiken (Aufspiessen) der Kugel, w\u00e4hrend ein angepasster Bohrwinkel die Kontrolle zwischen Ken und Kugel vergr\u00f6\u00dfert.<br \/>\nDas Play Pro II \u2013 Recpaint \u00a0erlaubt es dem Spieler das Kendama Spiel auf h\u00f6chstem Niveau zu erlernen.<\/p>\n<p>FARBE:\tgr\u00fcn<br \/>\nGR\u00d6SSE:\tklassisch<br \/>\nLACKIERUNG: gl\u00e4nzend<br \/>\nHERSTELLER: Kendama Europe<br \/>\nGEWICHT KUGEL (KANN ABWEICHEN):\t70g<br \/>\nGEWICHT SCHWERT (KANN ABWEICHEN):\t70g<br \/>\nVERPACKUNGSGEWICHT: 250g<br \/>\nH\u00d6HE:\t18,5cm<br \/>\nBREITE:\t7,0cm<br \/>\nKUGELDURCHMESSER: 6,0cm<br \/>\nSCHNURL\u00c4NGE:\t40,0cm<br \/>\nALTERSEMPFEHLUNG: Geeignet f\u00fcr Kinder ab 7 Jahren.<br \/>\nLACK EIGENSCHAFTEN: Recpaint<br \/>\nMODELL:\tPLAY PRO II &#8211; REC PAINT<\/p>","protected":false},"excerpt":{"rendered":"<p>KENDAMA Play Pro II K-Slick Stripe Green Recpaint KENDAMA Play Pro II K-Slick Stripe Green Recpaint ist aus der Familie der Play Pro II Serie und wurde entwickelt, um dem Kendama-Spieler das bestm\u00f6gliche Kendama zu erm\u00f6glichen. Die gl\u00e4nzende Recpaint-Beschichtung besitzt eine bisher nie da gewesene Griffigkeit, welche einerseits sehr haftbar ist und andererseits Feinjustierungen beim [&#8230;]\n","protected":false},"featured_media":26285,"comment_status":"open","ping_status":"closed","template":"","meta":{"jetpack_post_was_ever_published":false,"jetpack_publicize_message":"","jetpack_publicize_feature_enabled":true,"jetpack_social_post_already_shared":true,"jetpack_social_options":{"image_generator_settings":{"template":"highway","default_image_id":0,"font":"","enabled":false},"version":2}},"product_brand":[],"product_cat":[687,732,320],"product_tag":[722,5528],"class_list":{"0":"post-26284","1":"product","2":"type-product","3":"status-publish","4":"has-post-thumbnail","6":"product_cat-sale","7":"product_cat-kendama","8":"product_cat-accessories","9":"product_tag-kendama","10":"product_tag-kinder","11":"product_shipping_class-paket-m","13":"first","14":"outofstock","15":"sale","16":"taxable","17":"shipping-taxable","18":"purchasable","19":"product-type-simple"},"composite_virtual":false,"composite_layout":"","composite_add_to_cart_form_location":"","composite_editable_in_cart":false,"composite_sold_individually_context":"","composite_shop_price_calc":"","composite_components":[],"composite_scenarios":[],"booking_location":null,"booking_location_type":null,"booking_duration":null,"booking_duration_unit":null,"booking_buffer":null,"booking_cost":null,"booking_resources":null,"jetpack_publicize_connections":[],"jetpack_sharing_enabled":true,"_links":{"self":[{"href":"https:\/\/www.studiolongboard.com\/es\/wp-json\/wp\/v2\/product\/26284","targetHints":{"allow":["GET"]}}],"collection":[{"href":"https:\/\/www.studiolongboard.com\/es\/wp-json\/wp\/v2\/product"}],"about":[{"href":"https:\/\/www.studiolongboard.com\/es\/wp-json\/wp\/v2\/types\/product"}],"replies":[{"embeddable":true,"href":"https:\/\/www.studiolongboard.com\/es\/wp-json\/wp\/v2\/comments?post=26284"}],"wp:featuredmedia":[{"embeddable":true,"href":"https:\/\/www.studiolongboard.com\/es\/wp-json\/wp\/v2\/media\/26285"}],"wp:attachment":[{"href":"https:\/\/www.studiolongboard.com\/es\/wp-json\/wp\/v2\/media?parent=26284"}],"wp:term":[{"taxonomy":"product_brand","embeddable":true,"href":"https:\/\/www.studiolongboard.com\/es\/wp-json\/wp\/v2\/product_brand?post=26284"},{"taxonomy":"product_cat","embeddable":true,"href":"https:\/\/www.studiolongboard.com\/es\/wp-json\/wp\/v2\/product_cat?post=26284"},{"taxonomy":"product_tag","embeddable":true,"href":"https:\/\/www.studiolongboard.com\/es\/wp-json\/wp\/v2\/product_tag?post=26284"}],"curies":[{"name":"wp","href":"https:\/\/api.w.org\/{rel}","templated":true}]}}