{"id":25657,"date":"2023-10-18T16:37:07","date_gmt":"2023-10-18T14:37:07","guid":{"rendered":"https:\/\/www.studiolongboard.com\/?post_type=product&#038;p=25657"},"modified":"2026-03-16T19:42:02","modified_gmt":"2026-03-16T18:42:02","slug":"pantheon-karma-92mm-74a-wheels","status":"publish","type":"product","link":"https:\/\/www.studiolongboard.com\/es\/shop\/longboards\/longboard-wheels\/pantheon-karma-92mm-74a-wheels\/","title":{"rendered":"Ruedas PANTHEON Karma 92mm 74a"},"content":{"rendered":"<h2>Ruedas PANTHEON Karma 92mm 74a<\/h2>\n<p>Las ruedas PANTHEON Karma 92mm 74a son el ep\u00edtome del dise\u00f1o orientado al prop\u00f3sito en ruedas de distancia para longboard. Fabricadas para ofrecer el m\u00e1ximo rendimiento, estas ruedas cuentan con un n\u00facleo, un neum\u00e1tico y una mezcla de uretano personalizados para optimizar el agarre, la velocidad y la construcci\u00f3n ligera. Complementan a la perfecci\u00f3n las tablas de distancia Pantheon como la Pranayama y la Trip, proporcionando una velocidad y un agarre excepcionales para una experiencia de conducci\u00f3n mejorada.<\/p>\n<p>Nada en esta rueda se ha dise\u00f1ado sin intenci\u00f3n. Nada es de serie; todo est\u00e1 hecho a medida. Toda la llanta se ha fundido al rev\u00e9s en aras del rendimiento puro. El n\u00facleo y la llanta se crearon simult\u00e1neamente desde cero con la intenci\u00f3n de maximizar la resistencia, el agarre, la suavidad y la velocidad, al tiempo que se minimizaba el peso. La mezcla de uretano patentada trabaja con la forma de la rueda y el n\u00facleo para maximizar el agarre como ninguna otra rueda alta lo ha hecho. Se vierte de una forma que no se ha fabricado en ninguna otra rueda. Esta forma se construy\u00f3 para maximizar las actuales tablas de distancia Pantheon a su m\u00e1ximo potencial y a las tolerancias de nuestra cubierta, encajando de forma aerodin\u00e1mica con nuestra Pranayama y Trip y proporcionando velocidad y agarre de vicio en la Supersonic durante el bombeo.<\/p>\n<p>Di\u00e1metro: 92 mm<br \/>\nAnchura: 53 mm<br \/>\nParche de contacto: 49 mm<br \/>\nPeso: 278 g cada uno<\/p>","protected":false},"excerpt":{"rendered":"<p>PANTHEON Karma 92mm 74a Wheels PANTHEON Karma 92mm 74a Wheels are the epitome of purpose-driven design in longboard distance wheels. Crafted for peak performance, these wheels feature a custom core, tire, and urethane blend to optimize grip, speed and lightweight construction. They perfectly complement Pantheon distance boards like the Pranayama and Trip, delivering exceptional speed [&#8230;]\n","protected":false},"featured_media":25658,"comment_status":"closed","ping_status":"closed","template":"","meta":{"jetpack_post_was_ever_published":false,"jetpack_publicize_message":"","jetpack_publicize_feature_enabled":true,"jetpack_social_post_already_shared":true,"jetpack_social_options":{"image_generator_settings":{"template":"highway","default_image_id":0,"font":"","enabled":false},"version":2}},"product_brand":[9129],"product_cat":[687,317],"product_tag":[8977,4247,5223],"class_list":{"0":"post-25657","1":"product","2":"type-product","3":"status-publish","4":"has-post-thumbnail","6":"product_brand-pantheon","7":"product_cat-sale","8":"product_cat-longboard-wheels","9":"product_tag-karma","10":"product_tag-long-distance","11":"product_tag-ldp","12":"product_shipping_class-paket-m","14":"first","15":"instock","16":"taxable","17":"shipping-taxable","18":"purchasable","19":"product-type-simple"},"composite_virtual":false,"composite_layout":"","composite_add_to_cart_form_location":"","composite_editable_in_cart":false,"composite_sold_individually_context":"","composite_shop_price_calc":"","composite_components":[],"composite_scenarios":[],"booking_location":null,"booking_location_type":null,"booking_duration":null,"booking_duration_unit":null,"booking_buffer":null,"booking_cost":null,"booking_resources":null,"jetpack_publicize_connections":[],"jetpack_sharing_enabled":true,"_links":{"self":[{"href":"https:\/\/www.studiolongboard.com\/es\/wp-json\/wp\/v2\/product\/25657","targetHints":{"allow":["GET"]}}],"collection":[{"href":"https:\/\/www.studiolongboard.com\/es\/wp-json\/wp\/v2\/product"}],"about":[{"href":"https:\/\/www.studiolongboard.com\/es\/wp-json\/wp\/v2\/types\/product"}],"replies":[{"embeddable":true,"href":"https:\/\/www.studiolongboard.com\/es\/wp-json\/wp\/v2\/comments?post=25657"}],"wp:featuredmedia":[{"embeddable":true,"href":"https:\/\/www.studiolongboard.com\/es\/wp-json\/wp\/v2\/media\/25658"}],"wp:attachment":[{"href":"https:\/\/www.studiolongboard.com\/es\/wp-json\/wp\/v2\/media?parent=25657"}],"wp:term":[{"taxonomy":"product_brand","embeddable":true,"href":"https:\/\/www.studiolongboard.com\/es\/wp-json\/wp\/v2\/product_brand?post=25657"},{"taxonomy":"product_cat","embeddable":true,"href":"https:\/\/www.studiolongboard.com\/es\/wp-json\/wp\/v2\/product_cat?post=25657"},{"taxonomy":"product_tag","embeddable":true,"href":"https:\/\/www.studiolongboard.com\/es\/wp-json\/wp\/v2\/product_tag?post=25657"}],"curies":[{"name":"wp","href":"https:\/\/api.w.org\/{rel}","templated":true}]}}