{"id":24615,"date":"2023-07-25T14:39:02","date_gmt":"2023-07-25T12:39:02","guid":{"rendered":"https:\/\/www.studiolongboard.com\/?post_type=product&#038;p=24615"},"modified":"2026-01-12T19:16:29","modified_gmt":"2026-01-12T18:16:29","slug":"tsg-ankle-guards-support-2-0","status":"publish","type":"product","link":"https:\/\/www.studiolongboard.com\/es\/shop\/protection\/schuetzer\/tsg-ankle-guards-support-2-0\/","title":{"rendered":"TSG Ankle-Guards Support"},"content":{"rendered":"<h2>TSG Ankle-Guards Support<\/h2>\n<p>TSG Ankle-Guards Support unterst\u00fctzt und entlastet Kn\u00f6chel und B\u00e4nder und verringert die Gefahren eines erneuten Umknickens durch Stabilisierung des Kn\u00f6chels.<\/p>\n<p>Protection:<br \/>\nSportschutzkleidungsprotokoll PPETS0013 in Anlehnung an EN 13688:2013<br \/>\nComfort:<br \/>\nPerfekt anpassbar mit Klett-Strap zum herumwickeln<br \/>\nSchn\u00fcrsystem<br \/>\nDehnbarer Saum<br \/>\n3D Mesh gepolsterte Zunge<br \/>\nHat keinen Einfluss auf die Schuhgr\u00f6\u00dfe<\/p>\n<p>&#8211; enge und hohe Schn\u00fcrung f\u00fcr besten Support<br \/>\n&#8211; umhergehender Klettverschluss<br \/>\n&#8211; atmungsaktiv<br \/>\n&#8211; tr\u00e4gt nicht auf und passt so problemlos mit in deine Schuhe<\/p>\n<p>Gr\u00f6\u00dfe S\/M, L\/XL<\/p>\n<p>&nbsp;<\/p>","protected":false},"excerpt":{"rendered":"<p>TSG Ankle-Guards Support TSG Ankle-Guards Support unterst\u00fctzt und entlastet Kn\u00f6chel und B\u00e4nder und verringert die Gefahren eines erneuten Umknickens durch Stabilisierung des Kn\u00f6chels. Protection: Sportschutzkleidungsprotokoll PPETS0013 in Anlehnung an EN 13688:2013 Comfort: Perfekt anpassbar mit Klett-Strap zum herumwickeln Schn\u00fcrsystem Dehnbarer Saum 3D Mesh gepolsterte Zunge Hat keinen Einfluss auf die Schuhgr\u00f6\u00dfe &#8211; enge und hohe [&#8230;]\n","protected":false},"featured_media":24616,"comment_status":"closed","ping_status":"closed","template":"","meta":{"jetpack_post_was_ever_published":false,"jetpack_publicize_message":"","jetpack_publicize_feature_enabled":true,"jetpack_social_post_already_shared":true,"jetpack_social_options":{"image_generator_settings":{"template":"highway","default_image_id":0,"font":"","enabled":false},"version":2}},"product_brand":[9120],"product_cat":[528,505],"product_tag":[],"class_list":{"0":"post-24615","1":"product","2":"type-product","3":"status-publish","4":"has-post-thumbnail","6":"product_brand-tsg","7":"product_cat-schuetzer","8":"product_cat-protection","9":"product_shipping_class-paket-m","11":"first","12":"outofstock","13":"taxable","14":"shipping-taxable","15":"product-type-variable"},"composite_virtual":false,"composite_layout":"","composite_add_to_cart_form_location":"","composite_editable_in_cart":false,"composite_sold_individually_context":"","composite_shop_price_calc":"","composite_components":[],"composite_scenarios":[],"booking_location":null,"booking_location_type":null,"booking_duration":null,"booking_duration_unit":null,"booking_buffer":null,"booking_cost":null,"booking_resources":null,"jetpack_publicize_connections":[],"jetpack_sharing_enabled":true,"_links":{"self":[{"href":"https:\/\/www.studiolongboard.com\/es\/wp-json\/wp\/v2\/product\/24615","targetHints":{"allow":["GET"]}}],"collection":[{"href":"https:\/\/www.studiolongboard.com\/es\/wp-json\/wp\/v2\/product"}],"about":[{"href":"https:\/\/www.studiolongboard.com\/es\/wp-json\/wp\/v2\/types\/product"}],"replies":[{"embeddable":true,"href":"https:\/\/www.studiolongboard.com\/es\/wp-json\/wp\/v2\/comments?post=24615"}],"wp:featuredmedia":[{"embeddable":true,"href":"https:\/\/www.studiolongboard.com\/es\/wp-json\/wp\/v2\/media\/24616"}],"wp:attachment":[{"href":"https:\/\/www.studiolongboard.com\/es\/wp-json\/wp\/v2\/media?parent=24615"}],"wp:term":[{"taxonomy":"product_brand","embeddable":true,"href":"https:\/\/www.studiolongboard.com\/es\/wp-json\/wp\/v2\/product_brand?post=24615"},{"taxonomy":"product_cat","embeddable":true,"href":"https:\/\/www.studiolongboard.com\/es\/wp-json\/wp\/v2\/product_cat?post=24615"},{"taxonomy":"product_tag","embeddable":true,"href":"https:\/\/www.studiolongboard.com\/es\/wp-json\/wp\/v2\/product_tag?post=24615"}],"curies":[{"name":"wp","href":"https:\/\/api.w.org\/{rel}","templated":true}]}}