{"id":24608,"date":"2023-07-25T14:30:58","date_gmt":"2023-07-25T12:30:58","guid":{"rendered":"https:\/\/www.studiolongboard.com\/?post_type=product&#038;p=24608"},"modified":"2025-08-29T12:28:48","modified_gmt":"2025-08-29T10:28:48","slug":"tsg-protective-shirt-s-s-tahoe-pro-a","status":"publish","type":"product","link":"https:\/\/www.studiolongboard.com\/es\/shop\/protection\/schuetzer\/tsg-protective-shirt-s-s-tahoe-pro-a\/","title":{"rendered":"TSG Backprotector Camisa Protectora s\/s Tahoe Pro A2.0"},"content":{"rendered":"<h2>TSG Protective Shirt s\/s Tahoe Pro A2.0<\/h2>\n<p>TSG Protective Shirt s\/s Tahoe Pro A2.0, wie sein Vorg\u00e4nger verf\u00fcgt das TSG Protective Shirt Tahoe Pro A \u00fcber einen Baselayer aus Spandex mit integrierten Softshell-Protektoren an Brust, R\u00fccken (herausnehmbar), Nieren und Schultern. Der R\u00fcckenprotektor-Einsatz passt sich der K\u00f6rperform des Fahrers an und erm\u00f6glicht uneingeschr\u00e4nkte Bewegungsfreiheit, w\u00e4hrend er gleichzeitig 95% der Aufprallenergie absorbiert. Das Shirt ist atmungsaktiv und waschbar. Die Bel\u00fcftung unter den Armen bietet zus\u00e4tzlichen Komfort, wenn ein Rider alles gibt. Es ist auch vollst\u00e4ndig waschbar, so dass es f\u00fcr jede Fahrt wieder frisch ist.<\/p>\n<p>protection:<br \/>\nPure Softshell construction<br \/>\nACF-Schutzschaum<br \/>\nR\u00fcckenprotektor<br \/>\nArti-Lage<br \/>\nMehrlagige EVA\/Arti-Lage Schulterpolster<br \/>\nThermoplastisches 3D Brustpolster<br \/>\nEVA Nierenpolster<br \/>\nEN 1621-2 Level 1<\/p>\n<p>comfort:<br \/>\nDurchgehender seitlicher Front-Reissverschluss<br \/>\nBequemes Spandex<br \/>\nSlim-Fit<br \/>\nStrapazierf\u00e4higer Stretch-Bezug \u00fcber dem Schulter-Schutzschaum<br \/>\nHerausnehmbarer R\u00fcckenpanzer<br \/>\nvorgeformte Schulterpolster<br \/>\nBel\u00fcftung mit Netzeinsatz unter den Armen<\/p>\n<p>&nbsp;<\/p>","protected":false},"excerpt":{"rendered":"<p>TSG Protective Shirt s\/s Tahoe Pro A2.0 TSG Protective Shirt s\/s Tahoe Pro A2.0, wie sein Vorg\u00e4nger verf\u00fcgt das TSG Protective Shirt Tahoe Pro A \u00fcber einen Baselayer aus Spandex mit integrierten Softshell-Protektoren an Brust, R\u00fccken (herausnehmbar), Nieren und Schultern. Der R\u00fcckenprotektor-Einsatz passt sich der K\u00f6rperform des Fahrers an und erm\u00f6glicht uneingeschr\u00e4nkte Bewegungsfreiheit, w\u00e4hrend er [&#8230;]\n","protected":false},"featured_media":24613,"comment_status":"closed","ping_status":"closed","template":"","meta":{"jetpack_post_was_ever_published":false,"jetpack_publicize_message":"","jetpack_publicize_feature_enabled":true,"jetpack_social_post_already_shared":true,"jetpack_social_options":{"image_generator_settings":{"template":"highway","default_image_id":0,"font":"","enabled":false},"version":2}},"product_brand":[9120],"product_cat":[320,505,528,687],"product_tag":[328,343,8592],"class_list":{"0":"post-24608","1":"product","2":"type-product","3":"status-publish","4":"has-post-thumbnail","6":"product_brand-tsg","7":"product_cat-accessories","8":"product_cat-protection","9":"product_cat-schuetzer","10":"product_cat-sale","11":"product_tag-freeride","12":"product_tag-downhill","13":"product_tag-backprotectors","14":"product_shipping_class-paket-m","16":"first","17":"instock","18":"sale","19":"taxable","20":"shipping-taxable","21":"purchasable","22":"product-type-variable"},"composite_virtual":false,"composite_layout":"","composite_add_to_cart_form_location":"","composite_editable_in_cart":false,"composite_sold_individually_context":"","composite_shop_price_calc":"","composite_components":[],"composite_scenarios":[],"booking_location":null,"booking_location_type":null,"booking_duration":null,"booking_duration_unit":null,"booking_buffer":null,"booking_cost":null,"booking_resources":null,"jetpack_publicize_connections":[],"jetpack_sharing_enabled":true,"_links":{"self":[{"href":"https:\/\/www.studiolongboard.com\/es\/wp-json\/wp\/v2\/product\/24608","targetHints":{"allow":["GET"]}}],"collection":[{"href":"https:\/\/www.studiolongboard.com\/es\/wp-json\/wp\/v2\/product"}],"about":[{"href":"https:\/\/www.studiolongboard.com\/es\/wp-json\/wp\/v2\/types\/product"}],"replies":[{"embeddable":true,"href":"https:\/\/www.studiolongboard.com\/es\/wp-json\/wp\/v2\/comments?post=24608"}],"wp:featuredmedia":[{"embeddable":true,"href":"https:\/\/www.studiolongboard.com\/es\/wp-json\/wp\/v2\/media\/24613"}],"wp:attachment":[{"href":"https:\/\/www.studiolongboard.com\/es\/wp-json\/wp\/v2\/media?parent=24608"}],"wp:term":[{"taxonomy":"product_brand","embeddable":true,"href":"https:\/\/www.studiolongboard.com\/es\/wp-json\/wp\/v2\/product_brand?post=24608"},{"taxonomy":"product_cat","embeddable":true,"href":"https:\/\/www.studiolongboard.com\/es\/wp-json\/wp\/v2\/product_cat?post=24608"},{"taxonomy":"product_tag","embeddable":true,"href":"https:\/\/www.studiolongboard.com\/es\/wp-json\/wp\/v2\/product_tag?post=24608"}],"curies":[{"name":"wp","href":"https:\/\/api.w.org\/{rel}","templated":true}]}}