{"id":24502,"date":"2023-07-11T16:45:33","date_gmt":"2023-07-11T14:45:33","guid":{"rendered":"https:\/\/www.studiolongboard.com\/?post_type=product&#038;p=24502"},"modified":"2024-08-21T21:08:18","modified_gmt":"2024-08-21T19:08:18","slug":"slide-fish-3-4-patch-32-surfskate","status":"publish","type":"product","link":"https:\/\/www.studiolongboard.com\/es\/shop\/surfskates\/surfskate-completes\/slide-fish-3-4-patch-32-surfskate\/","title":{"rendered":"SLIDE Fish 3\/4 Patch 32&#8243; Surfskate"},"content":{"rendered":"<h2>SLIDE Fish 3\/4 Patch 32&#8243; Surfskate<\/h2>\n<p>SLIDE Fish 3\/4 Patch 32&#8243; Surfskate ist ein perfekter Shape f\u00fcr diejenigen Surfer, die an zus\u00e4tzliches Volumen an der Nose ihres Boards gew\u00f6hnt sind. Es ist ein stabiles Board, das vor allem jenen Fahrern Spa\u00df macht, die ein Modell suchen, mit dem sie Sliden und enge Turns \u00fcben k\u00f6nnen, aber auch jenen, die ihr Gleichgewicht beim Drehen verbessern und Geschwindigkeit erzeugen wollen. <\/p>\n<p>Eigenschaften:<\/p>\n<p>Deck: 32\u201c x 10.25&#8243; x 17&#8243; Wheelbase  &#8211; 81 cm x 26 cm x 43 cm Wheelbase<br \/>\nMaterial: 7 Lagen kanadisches Ahorn<br \/>\nVorderachse: New Wave 165 mm<br \/>\nHinterachse: 16 5mm Aluminium poliert<br \/>\nR\u00e4der: Slide Toffee. 65mm \/ 78A<br \/>\nLager: ABEC 7<\/p>","protected":false},"excerpt":{"rendered":"<p>SLIDE Fish 3\/4 Patch 32&#8243; Surfskate SLIDE Fish 3\/4 Patch 32&#8243; Surfskate ist ein perfekter Shape f\u00fcr diejenigen Surfer, die an zus\u00e4tzliches Volumen an der Nose ihres Boards gew\u00f6hnt sind. Es ist ein stabiles Board, das vor allem jenen Fahrern Spa\u00df macht, die ein Modell suchen, mit dem sie Sliden und enge Turns \u00fcben k\u00f6nnen, [&#8230;]\n","protected":false},"featured_media":24503,"comment_status":"open","ping_status":"closed","template":"","meta":{"jetpack_post_was_ever_published":false,"jetpack_publicize_message":"","jetpack_publicize_feature_enabled":true,"jetpack_social_post_already_shared":true,"jetpack_social_options":{"image_generator_settings":{"template":"highway","default_image_id":0,"font":"","enabled":false},"version":2}},"product_brand":[],"product_cat":[8983,531],"product_tag":[718,720,331,8477],"class_list":{"0":"post-24502","1":"product","2":"type-product","3":"status-publish","4":"has-post-thumbnail","6":"product_cat-surfskate-completes","7":"product_cat-surfskates","8":"product_tag-surfskateboard","9":"product_tag-surf","10":"product_tag-surfskate","11":"product_tag-8477","12":"product_shipping_class-paket","14":"first","15":"outofstock","16":"taxable","17":"shipping-taxable","18":"purchasable","19":"product-type-simple"},"composite_virtual":false,"composite_layout":"","composite_add_to_cart_form_location":"","composite_editable_in_cart":false,"composite_sold_individually_context":"","composite_shop_price_calc":"","composite_components":[],"composite_scenarios":[],"booking_location":null,"booking_location_type":null,"booking_duration":null,"booking_duration_unit":null,"booking_buffer":null,"booking_cost":null,"booking_resources":null,"jetpack_publicize_connections":[],"jetpack_sharing_enabled":true,"_links":{"self":[{"href":"https:\/\/www.studiolongboard.com\/es\/wp-json\/wp\/v2\/product\/24502","targetHints":{"allow":["GET"]}}],"collection":[{"href":"https:\/\/www.studiolongboard.com\/es\/wp-json\/wp\/v2\/product"}],"about":[{"href":"https:\/\/www.studiolongboard.com\/es\/wp-json\/wp\/v2\/types\/product"}],"replies":[{"embeddable":true,"href":"https:\/\/www.studiolongboard.com\/es\/wp-json\/wp\/v2\/comments?post=24502"}],"wp:featuredmedia":[{"embeddable":true,"href":"https:\/\/www.studiolongboard.com\/es\/wp-json\/wp\/v2\/media\/24503"}],"wp:attachment":[{"href":"https:\/\/www.studiolongboard.com\/es\/wp-json\/wp\/v2\/media?parent=24502"}],"wp:term":[{"taxonomy":"product_brand","embeddable":true,"href":"https:\/\/www.studiolongboard.com\/es\/wp-json\/wp\/v2\/product_brand?post=24502"},{"taxonomy":"product_cat","embeddable":true,"href":"https:\/\/www.studiolongboard.com\/es\/wp-json\/wp\/v2\/product_cat?post=24502"},{"taxonomy":"product_tag","embeddable":true,"href":"https:\/\/www.studiolongboard.com\/es\/wp-json\/wp\/v2\/product_tag?post=24502"}],"curies":[{"name":"wp","href":"https:\/\/api.w.org\/{rel}","templated":true}]}}