{"id":24326,"date":"2023-06-23T17:49:06","date_gmt":"2023-06-23T15:49:06","guid":{"rendered":"https:\/\/www.studiolongboard.com\/?post_type=product&#038;p=24326"},"modified":"2024-12-10T20:36:00","modified_gmt":"2024-12-10T19:36:00","slug":"daffyboards-balance-board-wake-tape","status":"publish","type":"product","link":"https:\/\/www.studiolongboard.com\/es\/shop\/accessories\/balance-boards\/daffyboards-balance-board-wake-tape\/","title":{"rendered":"DaffyBoards Balance Board Wake Tape"},"content":{"rendered":"<h2>DaffyBoards Balance Board Wake Tape<\/h2>\n<p>DaDaffyBoards Balance Board Wake Tape ist an das Shape eines Wakeboards angelehnt. <\/p>\n<p>Das WakeShape begleitet dich von den Anf\u00e4ngen bis hin zu komplexen Tricks. <\/p>\n<p>Anwendungsbereich: Basics, Tricks, Fitness, Yoga, Physiotherapie<br \/>\nKompatibel f\u00fcr ClipOn-Stopper (Unterseite vorgelocht)<br \/>\nIndoor \/ Outdoor<br \/>\nSpeziell entwickelte Anti-Rutsch Oberfl\u00e4che (geeignet f\u00fcr Barfu\u00df, Socken und Schuhe)<br \/>\nBoardgewicht: 1,9kg<br \/>\nMa\u00dfe: L 745 x B 125\/300\/125 x 15 mm<br \/>\nFreigegeben bis 130 kg<br \/>\nLevel: Anf\u00e4nger &#8211; Profi<br \/>\nMaterial: Birke verleimt<\/p>","protected":false},"excerpt":{"rendered":"<p>DaffyBoards Balance Board Wake Tape DaDaffyBoards Balance Board Wake Tape ist an das Shape eines Wakeboards angelehnt. Das WakeShape begleitet dich von den Anf\u00e4ngen bis hin zu komplexen Tricks. Anwendungsbereich: Basics, Tricks, Fitness, Yoga, Physiotherapie Kompatibel f\u00fcr ClipOn-Stopper (Unterseite vorgelocht) Indoor \/ Outdoor Speziell entwickelte Anti-Rutsch Oberfl\u00e4che (geeignet f\u00fcr Barfu\u00df, Socken und Schuhe) Boardgewicht: 1,9kg [&#8230;]\n","protected":false},"featured_media":24327,"comment_status":"open","ping_status":"closed","template":"","meta":{"jetpack_post_was_ever_published":false,"jetpack_publicize_message":"","jetpack_publicize_feature_enabled":true,"jetpack_social_post_already_shared":true,"jetpack_social_options":{"image_generator_settings":{"template":"highway","default_image_id":0,"font":"","enabled":false},"version":2}},"product_brand":[],"product_cat":[320,589],"product_tag":[590,591,599,600],"class_list":{"0":"post-24326","1":"product","2":"type-product","3":"status-publish","4":"has-post-thumbnail","6":"product_cat-accessories","7":"product_cat-balance-boards","8":"product_tag-balance","9":"product_tag-balance-board","10":"product_tag-balancebrett","11":"product_tag-balanceboard","12":"product_shipping_class-paket","14":"first","15":"outofstock","16":"taxable","17":"shipping-taxable","18":"purchasable","19":"product-type-composite"},"composite_virtual":false,"composite_layout":"single","composite_add_to_cart_form_location":"default","composite_editable_in_cart":false,"composite_sold_individually_context":"product","composite_shop_price_calc":"defaults","composite_components":[{"id":"1638974531","title":"Rolle \/ Plate","description":"","query_type":"product_ids","query_ids":[9733,14308,24324,18322],"default_option_id":"","thumbnail_id":24325,"thumbnail_src":"https:\/\/www.studiolongboard.com\/wp-content\/uploads\/2023\/06\/DB_ROLLE_KORK_450x100_64387fb5-7415-4773-9b32-70a234b5912d_645x.jpg","quantity_min":1,"quantity_max":1,"priced_individually":true,"shipped_individually":false,"optional":true,"discount":20,"options_style":"dropdowns","pagination_style":"classic","display_prices":"absolute","show_sorting_options":false,"show_filtering_options":false,"attribute_filter_ids":[],"select_action":"view","product_title_visible":true,"product_descr_visible":true,"product_price_visible":true,"product_thumb_visible":true,"subtotal_visible_product":true,"subtotal_visible_cart":true,"subtotal_visible_orders":true},{"id":"1638974532","title":"Bodenschutzmatte","description":"","query_type":"product_ids","query_ids":[9734],"default_option_id":"","thumbnail_id":"","thumbnail_src":"","quantity_min":1,"quantity_max":1,"priced_individually":true,"shipped_individually":false,"optional":true,"discount":20,"options_style":"dropdowns","pagination_style":"classic","display_prices":"absolute","show_sorting_options":false,"show_filtering_options":false,"attribute_filter_ids":[],"select_action":"view","product_title_visible":true,"product_descr_visible":true,"product_price_visible":true,"product_thumb_visible":true,"subtotal_visible_product":true,"subtotal_visible_cart":true,"subtotal_visible_orders":true}],"composite_scenarios":[],"booking_location":null,"booking_location_type":null,"booking_duration":null,"booking_duration_unit":null,"booking_buffer":null,"booking_cost":null,"booking_resources":null,"jetpack_publicize_connections":[],"jetpack_sharing_enabled":true,"_links":{"self":[{"href":"https:\/\/www.studiolongboard.com\/es\/wp-json\/wp\/v2\/product\/24326","targetHints":{"allow":["GET"]}}],"collection":[{"href":"https:\/\/www.studiolongboard.com\/es\/wp-json\/wp\/v2\/product"}],"about":[{"href":"https:\/\/www.studiolongboard.com\/es\/wp-json\/wp\/v2\/types\/product"}],"replies":[{"embeddable":true,"href":"https:\/\/www.studiolongboard.com\/es\/wp-json\/wp\/v2\/comments?post=24326"}],"wp:featuredmedia":[{"embeddable":true,"href":"https:\/\/www.studiolongboard.com\/es\/wp-json\/wp\/v2\/media\/24327"}],"wp:attachment":[{"href":"https:\/\/www.studiolongboard.com\/es\/wp-json\/wp\/v2\/media?parent=24326"}],"wp:term":[{"taxonomy":"product_brand","embeddable":true,"href":"https:\/\/www.studiolongboard.com\/es\/wp-json\/wp\/v2\/product_brand?post=24326"},{"taxonomy":"product_cat","embeddable":true,"href":"https:\/\/www.studiolongboard.com\/es\/wp-json\/wp\/v2\/product_cat?post=24326"},{"taxonomy":"product_tag","embeddable":true,"href":"https:\/\/www.studiolongboard.com\/es\/wp-json\/wp\/v2\/product_tag?post=24326"}],"curies":[{"name":"wp","href":"https:\/\/api.w.org\/{rel}","templated":true}]}}