{"id":23810,"date":"2023-05-16T17:30:18","date_gmt":"2023-05-16T15:30:18","guid":{"rendered":"https:\/\/www.studiolongboard.com\/?post_type=product&#038;p=23810"},"modified":"2025-12-31T14:29:57","modified_gmt":"2025-12-31T13:29:57","slug":"landyachtz-stratus-bayside-45-5","status":"publish","type":"product","link":"https:\/\/www.studiolongboard.com\/es\/shop\/longboards\/komplett-longboards\/dance-und-freestyle\/landyachtz-stratus-bayside-45-5\/","title":{"rendered":"LANDYACHTZ Stratus Bayside 45.5&#8243;"},"content":{"rendered":"<h2>LANDYACHTZ Stratus Bayside 45.5&#8243;<\/h2>\n<p>LANDYACHTZ Stratus Bayside 45.5&#8243; complete hat\u00a0einen Longboard-Shape, der speziell f\u00fcr Freestyle- und Longboard-Dancing entwickelt wurde. Mit einer L\u00e4nge von 45,5 Zoll und einer Breite von 9,25 Zoll und einem Griptape nur dort, wo Du es ben\u00f6tigen, bietet dieses Board viel Platz f\u00fcr alle Deine Cross-Steping-Anforderungen. Der Stratus verwendet eine 8-lagige kanadische Ahornkonstruktion, um ein angenehmes mittleres \u00a0zu erzeugen. Die Form wurde 2020 leicht modifiziert, um mit den neuen 180mm Trucks von <a href=\"https:\/\/www.studiolongboard.com\/es\/product-2\/bear-grizzly-gen-6-180mm-50-turquoise\/\">Bear Grizzly Gen 6<\/a> und Fattie Hawgs Rollen ausgestattet.<\/p>\n<p>Start cruising and bombing hills in style with the Landyachtz Stratus Longboard Complete! Made specifically for freestyle and dancing and comes with a Length of 45.5&#8243; and a Width of 9.25&#8243; for a stable and smooth ride. Ready to roll fresh out of the box so you can start shredding right away!<\/p>\n<p>Length: 115.6cm \/ 45.5&#8243;<br \/>\nWidth: 23.5cm \/ 9.25&#8243;<\/p>\n<p>Configurar<br \/>\nTrucks: Gen 6 180mm Black<br \/>\nWheels: 63mm 78a Fattie<\/p>","protected":false},"excerpt":{"rendered":"<p>LANDYACHTZ Stratus Bayside 45.5&#8243; LANDYACHTZ Stratus Bayside 45.5&#8243; complete hat\u00a0einen Longboard-Shape, der speziell f\u00fcr Freestyle- und Longboard-Dancing entwickelt wurde. Mit einer L\u00e4nge von 45,5 Zoll und einer Breite von 9,25 Zoll und einem Griptape nur dort, wo Du es ben\u00f6tigen, bietet dieses Board viel Platz f\u00fcr alle Deine Cross-Steping-Anforderungen. Der Stratus verwendet eine 8-lagige kanadische [&#8230;]\n","protected":false},"featured_media":23811,"comment_status":"open","ping_status":"closed","template":"","meta":{"jetpack_post_was_ever_published":false,"jetpack_publicize_message":"","jetpack_publicize_feature_enabled":true,"jetpack_social_post_already_shared":true,"jetpack_social_options":{"image_generator_settings":{"template":"highway","default_image_id":0,"font":"","enabled":false},"version":2}},"product_brand":[],"product_cat":[8627,310],"product_tag":[5889,5890,373,757,1396,5888],"class_list":{"0":"post-23810","1":"product","2":"type-product","3":"status-publish","4":"has-post-thumbnail","6":"product_cat-dance-und-freestyle","7":"product_cat-komplett-longboards","8":"product_tag-anfaenger","9":"product_tag-einstiegsboard","10":"product_tag-dancer","11":"product_tag-longboard-dancing","12":"product_tag-dancing","13":"product_tag-beginner","14":"product_shipping_class-paket","16":"first","17":"instock","18":"taxable","19":"shipping-taxable","20":"purchasable","21":"product-type-simple"},"composite_virtual":false,"composite_layout":"","composite_add_to_cart_form_location":"","composite_editable_in_cart":false,"composite_sold_individually_context":"","composite_shop_price_calc":"","composite_components":[],"composite_scenarios":[],"booking_location":null,"booking_location_type":null,"booking_duration":null,"booking_duration_unit":null,"booking_buffer":null,"booking_cost":null,"booking_resources":null,"jetpack_publicize_connections":[],"jetpack_sharing_enabled":true,"_links":{"self":[{"href":"https:\/\/www.studiolongboard.com\/es\/wp-json\/wp\/v2\/product\/23810","targetHints":{"allow":["GET"]}}],"collection":[{"href":"https:\/\/www.studiolongboard.com\/es\/wp-json\/wp\/v2\/product"}],"about":[{"href":"https:\/\/www.studiolongboard.com\/es\/wp-json\/wp\/v2\/types\/product"}],"replies":[{"embeddable":true,"href":"https:\/\/www.studiolongboard.com\/es\/wp-json\/wp\/v2\/comments?post=23810"}],"wp:featuredmedia":[{"embeddable":true,"href":"https:\/\/www.studiolongboard.com\/es\/wp-json\/wp\/v2\/media\/23811"}],"wp:attachment":[{"href":"https:\/\/www.studiolongboard.com\/es\/wp-json\/wp\/v2\/media?parent=23810"}],"wp:term":[{"taxonomy":"product_brand","embeddable":true,"href":"https:\/\/www.studiolongboard.com\/es\/wp-json\/wp\/v2\/product_brand?post=23810"},{"taxonomy":"product_cat","embeddable":true,"href":"https:\/\/www.studiolongboard.com\/es\/wp-json\/wp\/v2\/product_cat?post=23810"},{"taxonomy":"product_tag","embeddable":true,"href":"https:\/\/www.studiolongboard.com\/es\/wp-json\/wp\/v2\/product_tag?post=23810"}],"curies":[{"name":"wp","href":"https:\/\/api.w.org\/{rel}","templated":true}]}}