{"id":23500,"date":"2023-04-19T14:40:00","date_gmt":"2023-04-19T12:40:00","guid":{"rendered":"https:\/\/www.studiolongboard.com\/?post_type=product&#038;p=23500"},"modified":"2024-12-05T17:11:31","modified_gmt":"2024-12-05T16:11:31","slug":"slide-surfskate-auka-quad-30%e2%80%b3","status":"publish","type":"product","link":"https:\/\/www.studiolongboard.com\/es\/shop\/surfskates\/surfskate-completes\/slide-surfskate-auka-quad-30%e2%80%b3\/","title":{"rendered":"SLIDE Surfskate Auka Quad 30\u2033"},"content":{"rendered":"<h2>SLIDE Surfskate Auka Quad 30\u2033<\/h2>\n<p>SLIDE Surfskate Auka Quad 30\u2033 ist das neue Pro-Modell, das in Zusammenarbeit mit Janire Gonzalez-Etxabarri entwickelt wurde. Janire ist Europameisterin der Junioren. Sie w\u00e4hlte das Algenmotiv als Hommage an ihren Heimatstrand Itzurun in der sch\u00f6nen Gipuzkoa-Stadt Zumaia. Auka bedeutet Seetang auf Baskisch. <\/p>\n<p>Der Quad ist das meistverkaufte Modell von Slide. Es ist inspiriert von der Form eines 4-Finnen-Surfbretts f\u00fcr den Sommer (Quad). Dieses Board-Modell bietet Carving-Kontrolle und eignet sich f\u00fcr lange, intensive Rides. Es ist auch f\u00fcr die j\u00fcngsten Mitglieder der Familie geeignet, da es das wendigste Board der Slide-Kollektion ist.<\/p>\n<p>Deck:<br \/>\nLength: 30\u201c<br \/>\nWidth: 10.25&#8243;<br \/>\nWheelbase: 16&#8243;<br \/>\nMaterial: 7 Lagen kanadisches Ahorn<\/p>\n<p>Vorderachse: Slide 3.5 165 mm<br \/>\nHinterachse: 165 mm Aluminium poliert<br \/>\nRollen: Slide schwarz, 70 mm x 51 mm \/ 78A<br \/>\nLager: ABEC 7<\/p>","protected":false},"excerpt":{"rendered":"<p>SLIDE Surfskate Auka Quad 30\u2033 SLIDE Surfskate Auka Quad 30\u2033 ist das neue Pro-Modell, das in Zusammenarbeit mit Janire Gonzalez-Etxabarri entwickelt wurde. Janire ist Europameisterin der Junioren. Sie w\u00e4hlte das Algenmotiv als Hommage an ihren Heimatstrand Itzurun in der sch\u00f6nen Gipuzkoa-Stadt Zumaia. Auka bedeutet Seetang auf Baskisch. Der Quad ist das meistverkaufte Modell von Slide. [&#8230;]\n","protected":false},"featured_media":23502,"comment_status":"open","ping_status":"closed","template":"","meta":{"jetpack_post_was_ever_published":false,"jetpack_publicize_message":"","jetpack_publicize_feature_enabled":true,"jetpack_social_post_already_shared":true,"jetpack_social_options":{"image_generator_settings":{"template":"highway","default_image_id":0,"font":"","enabled":false},"version":2}},"product_brand":[],"product_cat":[687,8983,531],"product_tag":[718,331,720],"class_list":{"0":"post-23500","1":"product","2":"type-product","3":"status-publish","4":"has-post-thumbnail","6":"product_cat-sale","7":"product_cat-surfskate-completes","8":"product_cat-surfskates","9":"product_tag-surfskateboard","10":"product_tag-surfskate","11":"product_tag-surf","12":"product_shipping_class-paket","14":"first","15":"outofstock","16":"sale","17":"taxable","18":"shipping-taxable","19":"purchasable","20":"product-type-simple"},"composite_virtual":false,"composite_layout":"","composite_add_to_cart_form_location":"","composite_editable_in_cart":false,"composite_sold_individually_context":"","composite_shop_price_calc":"","composite_components":[],"composite_scenarios":[],"booking_location":null,"booking_location_type":null,"booking_duration":null,"booking_duration_unit":null,"booking_buffer":null,"booking_cost":null,"booking_resources":null,"jetpack_publicize_connections":[],"jetpack_sharing_enabled":true,"_links":{"self":[{"href":"https:\/\/www.studiolongboard.com\/es\/wp-json\/wp\/v2\/product\/23500","targetHints":{"allow":["GET"]}}],"collection":[{"href":"https:\/\/www.studiolongboard.com\/es\/wp-json\/wp\/v2\/product"}],"about":[{"href":"https:\/\/www.studiolongboard.com\/es\/wp-json\/wp\/v2\/types\/product"}],"replies":[{"embeddable":true,"href":"https:\/\/www.studiolongboard.com\/es\/wp-json\/wp\/v2\/comments?post=23500"}],"wp:featuredmedia":[{"embeddable":true,"href":"https:\/\/www.studiolongboard.com\/es\/wp-json\/wp\/v2\/media\/23502"}],"wp:attachment":[{"href":"https:\/\/www.studiolongboard.com\/es\/wp-json\/wp\/v2\/media?parent=23500"}],"wp:term":[{"taxonomy":"product_brand","embeddable":true,"href":"https:\/\/www.studiolongboard.com\/es\/wp-json\/wp\/v2\/product_brand?post=23500"},{"taxonomy":"product_cat","embeddable":true,"href":"https:\/\/www.studiolongboard.com\/es\/wp-json\/wp\/v2\/product_cat?post=23500"},{"taxonomy":"product_tag","embeddable":true,"href":"https:\/\/www.studiolongboard.com\/es\/wp-json\/wp\/v2\/product_tag?post=23500"}],"curies":[{"name":"wp","href":"https:\/\/api.w.org\/{rel}","templated":true}]}}