{"id":23386,"date":"2023-04-14T13:12:47","date_gmt":"2023-04-14T11:12:47","guid":{"rendered":"https:\/\/www.studiolongboard.com\/?post_type=product&#038;p=23386"},"modified":"2026-03-17T19:58:47","modified_gmt":"2026-03-17T18:58:47","slug":"okozo-longboard-bag-dbb-x1","status":"publish","type":"product","link":"https:\/\/www.studiolongboard.com\/es\/shop\/accessories\/bags\/okozo-longboard-bag-dbb-x1\/","title":{"rendered":"OKOZO Longboard Bag DBB X1"},"content":{"rendered":"<h2>OKOZO Longboard Bag DBB X1<\/h2>\n<p>OKOZO Longboard Bag DBB X1 besteht aus X-Pac-Material. Es handelt sich dabei um wiederverwendete Segel von Booten, f\u00fcr die nur der robusteste Stoff verwendet wurde. Diese Tasche ist f\u00fcr alle, die ein Maximum an Schutz f\u00fcr ihre Boards brauchen.<\/p>\n<p>Sie bietet Platz f\u00fcr Longboards bis zu 49&#8243; \/ 125 cm L\u00e4nge und alles, was man sich w\u00fcnschen kann. Es gibt ein separates Fach f\u00fcr dein Board, damit deine anderen Sachen sauber bleiben. Du kannst problemlos deinen Laptop, deine Trinkflasche, ein zus\u00e4tzliches Paar Schuhe und alles andere, was du f\u00fcr den Tag brauchst, unterbringen. Ein abnehmbarer Schutz aus Griptape geh\u00f6rt zur Standardausstattung.<\/p>\n<p><strong>Dimensions<\/strong><br \/>\nMeasurements minimized: 55 cm x 30 cm x 15 cm<br \/>\nMeasurements maximized: 128 cm x 30 cm x 15 cm<br \/>\nMeasurements center compartment: 52 cm x 30 cm x 13 cm<br \/>\nCenter compartment 20 liter<br \/>\nWeight: 2.2 kg<br \/>\nFits board size 107cm \u2013 125 cm<br \/>\nFits laptops max. 15\u2033<\/p>\n<p><strong>Features<\/strong><br \/>\nBoard compartment with easy access &amp; pop-open magnetic frame<br \/>\nCenter compartment with two way zipper for fast and convenient filling<br \/>\nTriangle compression straps<br \/>\nSecure board fixation<br \/>\nRolltop and rollbottom system by Fidlock\u00ae SNAP fastener<br \/>\nMinimize your bag to day pack size<br \/>\nPadded ergonomic shoulder straps, comfort fit<br \/>\nBreathable backside panel<br \/>\nBike light loop<br \/>\nDetachable chest straps<br \/>\nDetachable hip straps<br \/>\nDetachable cross strap<br \/>\nInner key holder<br \/>\nInner mesh pocket for water bottle<br \/>\nLaptop pocket<br \/>\nCenter compartment padded and protected<\/p>\n<p><strong>Material<\/strong><br \/>\nThe two shell fabrics are X-Pac versions by Dimension Polyant.<\/p>\n<p>X-Pac\u00ae performance laminates are lightweight, durable, and 100% waterproof and inspired by advanced sailcloth technology.<\/p>\n<p>X1-Black:<\/p>\n<p>Shell 1 black: 70% Nylon, 30 % Polyester<br \/>\nShell 2 black: 77% Polyester, 23% Nylon<\/p>\n<p>X1-Green:<\/p>\n<p>Shell 1 black: 100% Polyester (40% SEAQUAL\u00ae YARN, 60% PES), Coating 100% PU<br \/>\nShell 2 green: 60% Nylon, 40% Polyester<\/p>\n<p>X1-White:<\/p>\n<p>Shell 1 black: 100% Polyester (40% SEAQUAL\u00ae YARN, 60% PES), Coating 100% PU<br \/>\nShell 2 white: 100% Polyester<br \/>\nGeneral information for all colors:<\/p>\n<p>Protective Material: upcycled Tarpaulin from industrial production waste<br \/>\nLining: 100% Nylon<br \/>\nAir-Mesh: 100% Polyester<br \/>\nElastic-Mesh: 100% Polyester<br \/>\nZippers: Tape = 100% Polyester \u2014 Chain = 100% Polyester<br \/>\nWebbing: 100% Polyester<br \/>\nYarn: 100% Polyester<br \/>\nVelcro: Polyamide (PA) + Polyurethane (PP)<br \/>\nComponents\/Buckles:100% Nylon<br \/>\nGrip tape protection: 100% Cristal PVC<br \/>\nReinforcement foam: Crosslinked Polyethylene<\/p>","protected":false},"excerpt":{"rendered":"<p>OKOZO Longboard Bag DBB X1 OKOZO Longboard Bag DBB X1 besteht aus X-Pac-Material. Es handelt sich dabei um wiederverwendete Segel von Booten, f\u00fcr die nur der robusteste Stoff verwendet wurde. Diese Tasche ist f\u00fcr alle, die ein Maximum an Schutz f\u00fcr ihre Boards brauchen. Sie bietet Platz f\u00fcr Longboards bis zu 49&#8243; \/ 125 cm [&#8230;]\n","protected":false},"featured_media":23388,"comment_status":"open","ping_status":"closed","template":"","meta":{"jetpack_post_was_ever_published":false,"jetpack_publicize_message":"","jetpack_publicize_feature_enabled":true,"jetpack_social_post_already_shared":true,"jetpack_social_options":{"image_generator_settings":{"template":"highway","default_image_id":0,"font":"","enabled":false},"version":2}},"product_brand":[],"product_cat":[320,8372,687],"product_tag":[6937,2930,3141],"class_list":{"0":"post-23386","1":"product","2":"type-product","3":"status-publish","4":"has-post-thumbnail","6":"product_cat-accessories","7":"product_cat-bags","8":"product_cat-sale","9":"product_tag-board-tasche","10":"product_tag-tasche","11":"product_tag-bags","12":"product_shipping_class-paket","14":"first","15":"instock","16":"sale","17":"featured","18":"taxable","19":"shipping-taxable","20":"purchasable","21":"product-type-variable"},"composite_virtual":false,"composite_layout":"","composite_add_to_cart_form_location":"","composite_editable_in_cart":false,"composite_sold_individually_context":"","composite_shop_price_calc":"","composite_components":[],"composite_scenarios":[],"booking_location":null,"booking_location_type":null,"booking_duration":null,"booking_duration_unit":null,"booking_buffer":null,"booking_cost":null,"booking_resources":null,"jetpack_publicize_connections":[],"jetpack_sharing_enabled":true,"_links":{"self":[{"href":"https:\/\/www.studiolongboard.com\/es\/wp-json\/wp\/v2\/product\/23386","targetHints":{"allow":["GET"]}}],"collection":[{"href":"https:\/\/www.studiolongboard.com\/es\/wp-json\/wp\/v2\/product"}],"about":[{"href":"https:\/\/www.studiolongboard.com\/es\/wp-json\/wp\/v2\/types\/product"}],"replies":[{"embeddable":true,"href":"https:\/\/www.studiolongboard.com\/es\/wp-json\/wp\/v2\/comments?post=23386"}],"wp:featuredmedia":[{"embeddable":true,"href":"https:\/\/www.studiolongboard.com\/es\/wp-json\/wp\/v2\/media\/23388"}],"wp:attachment":[{"href":"https:\/\/www.studiolongboard.com\/es\/wp-json\/wp\/v2\/media?parent=23386"}],"wp:term":[{"taxonomy":"product_brand","embeddable":true,"href":"https:\/\/www.studiolongboard.com\/es\/wp-json\/wp\/v2\/product_brand?post=23386"},{"taxonomy":"product_cat","embeddable":true,"href":"https:\/\/www.studiolongboard.com\/es\/wp-json\/wp\/v2\/product_cat?post=23386"},{"taxonomy":"product_tag","embeddable":true,"href":"https:\/\/www.studiolongboard.com\/es\/wp-json\/wp\/v2\/product_tag?post=23386"}],"curies":[{"name":"wp","href":"https:\/\/api.w.org\/{rel}","templated":true}]}}