{"id":23165,"date":"2023-03-29T13:31:45","date_gmt":"2023-03-29T11:31:45","guid":{"rendered":"https:\/\/www.studiolongboard.com\/?post_type=product&#038;p=23165"},"modified":"2024-04-04T13:11:46","modified_gmt":"2024-04-04T11:11:46","slug":"cohete-do-mini-nacion-cubierta-2023","status":"publish","type":"product","link":"https:\/\/www.studiolongboard.com\/es\/shop\/longboards\/longboard-decks\/downhill-freeride-decks\/rocket-do-mini-nation-deck-2023\/","title":{"rendered":"ROCKET Do mini nation Deck 2023"},"content":{"rendered":"<h2>ROCKET Do mini nation Deck 2023<\/h2>\n<p>La Do mini nation surgi\u00f3 del deseo de Dominic de tener una tabla con m\u00e1s agarre y respuesta a velocidades m\u00e1s altas. Tiene las mismas caracter\u00edsticas que la original, pero con una forma m\u00e1s peque\u00f1a. Est\u00e1 pensada para descensos r\u00e1pidos y freeride con trucks estrechos. Tiene suficiente c\u00f3ncavo para que te sujetes bien, pero no te acalambrar\u00e1 los pies. Y, por supuesto, no s\u00f3lo cortamos una Domination normal. El Do mini nation tiene su propio molde para garantizar el mejor resultado.<\/p>\n<p>En <a href=\"https:\/\/www.studiolongboard.com\/es\/10-years-rocket-longboards\/\">Versi\u00f3n 2023<\/a> de ROCKET Do mini naci\u00f3n Deck es ligeramente m\u00e1s r\u00edgido y cuenta con una construcci\u00f3n m\u00e1s duradera y sensible. Con la opci\u00f3n adicional de distancia entre ejes m\u00e1s corta en la parte delantera, puedes colocarte m\u00e1s cerca del carro delantero. Esto le da a\u00fan m\u00e1s control a la velocidad.<\/p>\n<p>Especificaciones<\/p>\n<p>Longitud: 80 cm<br \/>\nAnchura: 23,6 cm<br \/>\nDistancia entre ejes: 20,25\u201d - 23,8\u201d \/ 51,5 - 60,5 cm<br \/>\nC\u00f3ncavo: Tubo \/ 0.47\u201d \/ 12 mm<br \/>\nMICROGOTADORA DE CUCHARA 0,39\u201d \/ 10 mm<br \/>\nConstrucci\u00f3n: arce canadiense con certificaci\u00f3n SFI, fibra de carbono, fibra de vidrio, l\u00e1mina superior de ABS en relieve<\/p>","protected":false},"excerpt":{"rendered":"<p>Para entrega posterior: disponible en una semana en Alemania y en 2 semanas en la UE<\/p>","protected":false},"featured_media":23166,"comment_status":"open","ping_status":"closed","template":"","meta":{"jetpack_post_was_ever_published":false,"jetpack_publicize_message":"","jetpack_publicize_feature_enabled":true,"jetpack_social_post_already_shared":true,"jetpack_social_options":{"image_generator_settings":{"template":"highway","default_image_id":0,"font":"","enabled":false},"version":2}},"product_brand":[],"product_cat":[8797,311,313],"product_tag":[],"class_list":{"0":"post-23165","1":"product","2":"type-product","3":"status-publish","4":"has-post-thumbnail","6":"product_cat-downhill-freeride-decks","7":"product_cat-longboards","8":"product_cat-longboard-decks","9":"product_shipping_class-paket","11":"first","12":"outofstock","13":"taxable","14":"shipping-taxable","15":"purchasable","16":"product-type-simple"},"composite_virtual":false,"composite_layout":"","composite_add_to_cart_form_location":"","composite_editable_in_cart":false,"composite_sold_individually_context":"","composite_shop_price_calc":"","composite_components":[],"composite_scenarios":[],"booking_location":null,"booking_location_type":null,"booking_duration":null,"booking_duration_unit":null,"booking_buffer":null,"booking_cost":null,"booking_resources":null,"jetpack_publicize_connections":[],"jetpack_sharing_enabled":true,"_links":{"self":[{"href":"https:\/\/www.studiolongboard.com\/es\/wp-json\/wp\/v2\/product\/23165","targetHints":{"allow":["GET"]}}],"collection":[{"href":"https:\/\/www.studiolongboard.com\/es\/wp-json\/wp\/v2\/product"}],"about":[{"href":"https:\/\/www.studiolongboard.com\/es\/wp-json\/wp\/v2\/types\/product"}],"replies":[{"embeddable":true,"href":"https:\/\/www.studiolongboard.com\/es\/wp-json\/wp\/v2\/comments?post=23165"}],"wp:featuredmedia":[{"embeddable":true,"href":"https:\/\/www.studiolongboard.com\/es\/wp-json\/wp\/v2\/media\/23166"}],"wp:attachment":[{"href":"https:\/\/www.studiolongboard.com\/es\/wp-json\/wp\/v2\/media?parent=23165"}],"wp:term":[{"taxonomy":"product_brand","embeddable":true,"href":"https:\/\/www.studiolongboard.com\/es\/wp-json\/wp\/v2\/product_brand?post=23165"},{"taxonomy":"product_cat","embeddable":true,"href":"https:\/\/www.studiolongboard.com\/es\/wp-json\/wp\/v2\/product_cat?post=23165"},{"taxonomy":"product_tag","embeddable":true,"href":"https:\/\/www.studiolongboard.com\/es\/wp-json\/wp\/v2\/product_tag?post=23165"}],"curies":[{"name":"wp","href":"https:\/\/api.w.org\/{rel}","templated":true}]}}