{"id":23083,"date":"2023-03-24T14:30:27","date_gmt":"2023-03-24T13:30:27","guid":{"rendered":"https:\/\/www.studiolongboard.com\/?post_type=product&#038;p=23083"},"modified":"2024-07-31T12:48:25","modified_gmt":"2024-07-31T10:48:25","slug":"spirit-of-76-socks-bubblegum-hi","status":"publish","type":"product","link":"https:\/\/www.studiolongboard.com\/es\/shop\/streetwear\/socks\/spirit-of-76-socks-bubblegum-hi\/","title":{"rendered":"SPIRIT OF 76 Socks Bubblegum Hi"},"content":{"rendered":"<h2>SPIRIT OF 76 Socks Bubblegum Hi<\/h2>\n<p>Sweet like Candy &#8211; die Bubblegum Hi Skatersocken sind der absolute Hingucker f\u00fcr ein Rollschuh-, Disco-, oder Streetwear-Outfit! Sicher Dir jetzt Dein Paar und komplettiere mit Spirit of 76 Dein Oldschool-Look!<\/p>\n<p>Farbe: Rosa &#8211; Wei\u00df<br \/>\nH\u00f6he: kniehoch<br \/>\nMaterial: 82% Baumwolle, 10% Polyamid, 8% Elasthan<br \/>\nFeatures: Gepolsterter Halbpl\u00fcschfu\u00df, gekettelte Spitze, 76 Logo-Stickerei, Vorw\u00e4sche (formbest\u00e4ndig &amp; farbecht)<br \/>\n100% Made in Germany<\/p>","protected":false},"excerpt":{"rendered":"<p>EU Gr\u00f6\u00dfen:<br \/>\nS: 35 &#8211; 38<br \/>\nM: 39 &#8211; 42<br \/>\nL: 43 &#8211; 46<\/p>","protected":false},"featured_media":23087,"comment_status":"closed","ping_status":"closed","template":"","meta":{"jetpack_post_was_ever_published":false,"jetpack_publicize_message":"","jetpack_publicize_feature_enabled":true,"jetpack_social_post_already_shared":true,"jetpack_social_options":{"image_generator_settings":{"template":"highway","default_image_id":0,"font":"","enabled":false},"version":2}},"product_brand":[],"product_cat":[320,533,8875],"product_tag":[],"class_list":{"0":"post-23083","1":"product","2":"type-product","3":"status-publish","4":"has-post-thumbnail","6":"product_cat-accessories","7":"product_cat-streetwear","8":"product_cat-socks","9":"product_shipping_class-paket-m","11":"first","12":"outofstock","13":"taxable","14":"shipping-taxable","15":"product-type-variable"},"composite_virtual":false,"composite_layout":"","composite_add_to_cart_form_location":"","composite_editable_in_cart":false,"composite_sold_individually_context":"","composite_shop_price_calc":"","composite_components":[],"composite_scenarios":[],"booking_location":null,"booking_location_type":null,"booking_duration":null,"booking_duration_unit":null,"booking_buffer":null,"booking_cost":null,"booking_resources":null,"jetpack_publicize_connections":[],"jetpack_sharing_enabled":true,"_links":{"self":[{"href":"https:\/\/www.studiolongboard.com\/es\/wp-json\/wp\/v2\/product\/23083","targetHints":{"allow":["GET"]}}],"collection":[{"href":"https:\/\/www.studiolongboard.com\/es\/wp-json\/wp\/v2\/product"}],"about":[{"href":"https:\/\/www.studiolongboard.com\/es\/wp-json\/wp\/v2\/types\/product"}],"replies":[{"embeddable":true,"href":"https:\/\/www.studiolongboard.com\/es\/wp-json\/wp\/v2\/comments?post=23083"}],"wp:featuredmedia":[{"embeddable":true,"href":"https:\/\/www.studiolongboard.com\/es\/wp-json\/wp\/v2\/media\/23087"}],"wp:attachment":[{"href":"https:\/\/www.studiolongboard.com\/es\/wp-json\/wp\/v2\/media?parent=23083"}],"wp:term":[{"taxonomy":"product_brand","embeddable":true,"href":"https:\/\/www.studiolongboard.com\/es\/wp-json\/wp\/v2\/product_brand?post=23083"},{"taxonomy":"product_cat","embeddable":true,"href":"https:\/\/www.studiolongboard.com\/es\/wp-json\/wp\/v2\/product_cat?post=23083"},{"taxonomy":"product_tag","embeddable":true,"href":"https:\/\/www.studiolongboard.com\/es\/wp-json\/wp\/v2\/product_tag?post=23083"}],"curies":[{"name":"wp","href":"https:\/\/api.w.org\/{rel}","templated":true}]}}