{"id":22948,"date":"2023-03-16T13:13:16","date_gmt":"2023-03-16T12:13:16","guid":{"rendered":"https:\/\/www.studiolongboard.com\/?post_type=product&#038;p=22948"},"modified":"2025-03-03T16:08:59","modified_gmt":"2025-03-03T15:08:59","slug":"btfl-chloe-dropthrough-longboard","status":"publish","type":"product","link":"https:\/\/www.studiolongboard.com\/es\/shop\/longboards\/komplett-longboards\/kinder-longboards\/btfl-chloe-dropthrough-longboard\/","title":{"rendered":"BTFL Chloe Dropthrough-Longboard"},"content":{"rendered":"<h2>BTFL Chloe Dropthrough-Longboard<\/h2>\n<p>BTFL Chloe Dropthrough-Longboard ist ein 89 cm Allround-Cruiser-Longboard, bei dem die Achsen von oben verschraubt sind. Das Board liegt dadurch tiefer, sodass du Beim Pushen und Bremsen weniger tief in die Knie gehen musst. Gerade f\u00fcr Anf\u00e4nger*innen ist dies sehr angenehm. Die weichen Achsen und 70 mm gro\u00dfen Rollen runden das Setup perfekt ab. Chloe ist au\u00dferdem mit Kicks and Nose und Tail versehen, sodass das Cruisen mit l\u00e4ssigen Trickeinlagen kombiniert werden kann. Das ist nat\u00fcrlich kein Muss, denn auch ohne Trickeinlagen ist dieses Drop through Longboard f\u00fcr s\u00e4mtliche Strecken geeignet \u2013 ob in der Stadt oder auf l\u00e4ngeren Strecken. Das Deck besteht aus 7 Lagen kanadischem Ahorn, wodurch es minimalen Flex zul\u00e4sst. Die 78A weichen Bushings erm\u00f6glichen angenehmes Fahren von Beginn an.<\/p>\n<p>Einsatzm\u00f6glichkeit:\tCruisen<\/p>\n<p>Deck:  99 x 21,5 cm \/\/ 39&#8243; x 8.5&#8243;<br \/>\nRollen:  70 x 51 mm, 78A<br \/>\nBushings:  78A<br \/>\nAchsbreite:  180mm<br \/>\nKugellager:  ABEC 9<\/p>","protected":false},"excerpt":{"rendered":"<p>BTFL Chloe Dropthrough-Longboard BTFL Chloe Dropthrough-Longboard ist ein 89 cm Allround-Cruiser-Longboard, bei dem die Achsen von oben verschraubt sind. Das Board liegt dadurch tiefer, sodass du Beim Pushen und Bremsen weniger tief in die Knie gehen musst. Gerade f\u00fcr Anf\u00e4nger*innen ist dies sehr angenehm. Die weichen Achsen und 70 mm gro\u00dfen Rollen runden das Setup [&#8230;]\n","protected":false},"featured_media":22949,"comment_status":"open","ping_status":"closed","template":"","meta":{"jetpack_post_was_ever_published":false,"jetpack_publicize_message":"","jetpack_publicize_feature_enabled":true,"jetpack_social_post_already_shared":true,"jetpack_social_options":{"image_generator_settings":{"template":"highway","default_image_id":0,"font":"","enabled":false},"version":2}},"product_brand":[],"product_cat":[310,311,8641,8642],"product_tag":[3646,5528,322,5529,5888,5889,8271],"class_list":{"0":"post-22948","1":"product","2":"type-product","3":"status-publish","4":"has-post-thumbnail","6":"product_cat-komplett-longboards","7":"product_cat-longboards","8":"product_cat-kinder-longboards","9":"product_cat-einsteiger-longboards","10":"product_tag-kids","11":"product_tag-kinder","12":"product_tag-drop-through","13":"product_tag-kinder-longboard","14":"product_tag-beginner","15":"product_tag-anfaenger","16":"product_tag-einsteiger","17":"product_shipping_class-paket","19":"first","20":"outofstock","21":"taxable","22":"shipping-taxable","23":"purchasable","24":"product-type-simple"},"composite_virtual":false,"composite_layout":"","composite_add_to_cart_form_location":"","composite_editable_in_cart":false,"composite_sold_individually_context":"","composite_shop_price_calc":"","composite_components":[],"composite_scenarios":[],"booking_location":null,"booking_location_type":null,"booking_duration":null,"booking_duration_unit":null,"booking_buffer":null,"booking_cost":null,"booking_resources":null,"jetpack_publicize_connections":[],"jetpack_sharing_enabled":true,"_links":{"self":[{"href":"https:\/\/www.studiolongboard.com\/es\/wp-json\/wp\/v2\/product\/22948","targetHints":{"allow":["GET"]}}],"collection":[{"href":"https:\/\/www.studiolongboard.com\/es\/wp-json\/wp\/v2\/product"}],"about":[{"href":"https:\/\/www.studiolongboard.com\/es\/wp-json\/wp\/v2\/types\/product"}],"replies":[{"embeddable":true,"href":"https:\/\/www.studiolongboard.com\/es\/wp-json\/wp\/v2\/comments?post=22948"}],"wp:featuredmedia":[{"embeddable":true,"href":"https:\/\/www.studiolongboard.com\/es\/wp-json\/wp\/v2\/media\/22949"}],"wp:attachment":[{"href":"https:\/\/www.studiolongboard.com\/es\/wp-json\/wp\/v2\/media?parent=22948"}],"wp:term":[{"taxonomy":"product_brand","embeddable":true,"href":"https:\/\/www.studiolongboard.com\/es\/wp-json\/wp\/v2\/product_brand?post=22948"},{"taxonomy":"product_cat","embeddable":true,"href":"https:\/\/www.studiolongboard.com\/es\/wp-json\/wp\/v2\/product_cat?post=22948"},{"taxonomy":"product_tag","embeddable":true,"href":"https:\/\/www.studiolongboard.com\/es\/wp-json\/wp\/v2\/product_tag?post=22948"}],"curies":[{"name":"wp","href":"https:\/\/api.w.org\/{rel}","templated":true}]}}