{"id":22695,"date":"2023-02-22T11:42:02","date_gmt":"2023-02-22T10:42:02","guid":{"rendered":"https:\/\/www.studiolongboard.com\/?post_type=product&#038;p=22695"},"modified":"2025-08-22T22:51:24","modified_gmt":"2025-08-22T20:51:24","slug":"smith-scabs-knee-pads","status":"publish","type":"product","link":"https:\/\/www.studiolongboard.com\/es\/shop\/protection\/schuetzer\/smith-scabs-knee-pads\/","title":{"rendered":"SMITH SCABS Knee Pads Knieschoner"},"content":{"rendered":"<h2>SMITH SCABS Knee Pads<\/h2>\n<p>SMITH SCABS Knee Pads bieten der ultimative Schutz f\u00fcr Ihre Knie! Diese hochwertigen Knieschoner sind speziell f\u00fcr den Einsatz bei hoher Belastung, wie zum Beispiel beim Skateboarden, Rollschuhfahren oder Radfahren entwickelt worden, um maximalen Schutz und Komfort zu bieten.<\/p>\n<p>Die Schoner bestehen aus robusten Materialien und sind darauf ausgelegt, auch die h\u00e4rtesten St\u00fcrze und Schl\u00e4ge auszuhalten. Sie verf\u00fcgen \u00fcber eine harte Kunststoffschale, die das Knie bedeckt und daf\u00fcr sorgt, dass Ihre Knie vollst\u00e4ndig vor Schl\u00e4gen gesch\u00fctzt sind. Die Schale ist auch konturiert, um sich perfekt an Ihr Knie anzupassen und einen sicheren Halt zu gew\u00e4hrleisten, der w\u00e4hrend des Gebrauchs nicht verrutscht.<\/p>\n<p>Die Innenseite der Knieschoner ist mit weichen, atmungsaktiven Materialien ausgekleidet, die Feuchtigkeit ableiten und Ihre Knie k\u00fchl und komfortabel halten. Die Schoner verf\u00fcgen auch \u00fcber verstellbare Riemen, mit denen Sie die Passform individuell anpassen k\u00f6nnen.<\/p>\n<p>Neben dem ausgezeichneten Schutz bieten die Smith Scabs Knieschoner auch ein stilvolles Design, das sicherlich auff\u00e4llt. Sie sind in einer Vielzahl von Farben und Mustern erh\u00e4ltlich, so dass Sie den Schoner ausw\u00e4hlen k\u00f6nnen, der am besten zu Ihrem pers\u00f6nlichen Stil passt.<\/p>\n<p>Insgesamt sind die Smith Scabs Knieschoner die perfekte Wahl, wenn Sie auf der Suche nach erstklassigen Knieschonern sind, die Schutz und Stil bieten. Setzen Sie Ihre Knie nicht unn\u00f6tigen Risiken aus &#8211; sch\u00fctzen Sie sie mit den Besten!<\/p>\n<p>&#8211; Das k\u00fcrzere Polster und die flache Kniescheibe reduzieren die Masse und erh\u00f6hen die Beweglichkeit.<\/p>\n<p>&#8211; Schmetterlingsriemen &#8211; Ein Schnellverschluss-System erm\u00f6glicht ein einfaches An- und Ausziehen.<\/p>\n<p>&#8211; Abnehmbarer Schaumstoff *Dies gibt Ihnen die M\u00f6glichkeit, diese stinkenden kleinen Pads zu waschen.<\/p>\n<p>&#8211; Dreilagiger Schaumstoff *zum Schutz der Knie und auch f\u00fcr den Komfort empfohlen!<\/p>\n<p>&#8211; Doppelter Gurt *Oberer und unterer Gurt zur Sicherung des Knieschoners, damit er nicht verrutscht. Verwendet mit h\u00f6herer Qualit\u00e4t elastische Riemen zu helfen, in Platz zu halten. Der ber\u00fchmte Scabs Adjustable Top Strap, f\u00fcr den wir seit 1989 bekannt sind! Ideal zum Einstellen der perfekten Passform.<\/p>\n<p>&#8211; Abriebfestes Material *Mit den hochwertigsten Materialien hergestellt, um den besten Schutz auf dem Markt zu bieten.<\/p>\n<p>&#8211; Abnehmbare Kappe *um die Flexibilit\u00e4t zu haben, die Kappen zu ersetzen, wenn sie vom vielen Skaten abgenutzt sind! Keine Notwendigkeit, einen neuen Satz Pads zu kaufen, wenn die Kappe abgenutzt ist.<\/p>\n<p>&nbsp;<\/p>","protected":false},"excerpt":{"rendered":"<p>SMITH SCABS Knee Pads SMITH SCABS Knee Pads bieten der ultimative Schutz f\u00fcr Ihre Knie! Diese hochwertigen Knieschoner sind speziell f\u00fcr den Einsatz bei hoher Belastung, wie zum Beispiel beim Skateboarden, Rollschuhfahren oder Radfahren entwickelt worden, um maximalen Schutz und Komfort zu bieten. Die Schoner bestehen aus robusten Materialien und sind darauf ausgelegt, auch die [&#8230;]\n","protected":false},"featured_media":22697,"comment_status":"closed","ping_status":"closed","template":"","meta":{"jetpack_post_was_ever_published":false,"jetpack_publicize_message":"","jetpack_publicize_feature_enabled":true,"jetpack_social_post_already_shared":true,"jetpack_social_options":{"image_generator_settings":{"template":"highway","default_image_id":0,"font":"","enabled":false},"version":2}},"product_brand":[],"product_cat":[505,528,687],"product_tag":[6895,8199,8883,8884],"class_list":{"0":"post-22695","1":"product","2":"type-product","3":"status-publish","4":"has-post-thumbnail","6":"product_cat-protection","7":"product_cat-schuetzer","8":"product_cat-sale","9":"product_tag-knieschoner","10":"product_tag-knee-pads","11":"product_tag-knee","12":"product_tag-pads","13":"product_shipping_class-paket-m","15":"first","16":"outofstock","17":"taxable","18":"shipping-taxable","19":"product-type-variable"},"composite_virtual":false,"composite_layout":"","composite_add_to_cart_form_location":"","composite_editable_in_cart":false,"composite_sold_individually_context":"","composite_shop_price_calc":"","composite_components":[],"composite_scenarios":[],"booking_location":null,"booking_location_type":null,"booking_duration":null,"booking_duration_unit":null,"booking_buffer":null,"booking_cost":null,"booking_resources":null,"jetpack_publicize_connections":[],"jetpack_sharing_enabled":true,"_links":{"self":[{"href":"https:\/\/www.studiolongboard.com\/es\/wp-json\/wp\/v2\/product\/22695","targetHints":{"allow":["GET"]}}],"collection":[{"href":"https:\/\/www.studiolongboard.com\/es\/wp-json\/wp\/v2\/product"}],"about":[{"href":"https:\/\/www.studiolongboard.com\/es\/wp-json\/wp\/v2\/types\/product"}],"replies":[{"embeddable":true,"href":"https:\/\/www.studiolongboard.com\/es\/wp-json\/wp\/v2\/comments?post=22695"}],"wp:featuredmedia":[{"embeddable":true,"href":"https:\/\/www.studiolongboard.com\/es\/wp-json\/wp\/v2\/media\/22697"}],"wp:attachment":[{"href":"https:\/\/www.studiolongboard.com\/es\/wp-json\/wp\/v2\/media?parent=22695"}],"wp:term":[{"taxonomy":"product_brand","embeddable":true,"href":"https:\/\/www.studiolongboard.com\/es\/wp-json\/wp\/v2\/product_brand?post=22695"},{"taxonomy":"product_cat","embeddable":true,"href":"https:\/\/www.studiolongboard.com\/es\/wp-json\/wp\/v2\/product_cat?post=22695"},{"taxonomy":"product_tag","embeddable":true,"href":"https:\/\/www.studiolongboard.com\/es\/wp-json\/wp\/v2\/product_tag?post=22695"}],"curies":[{"name":"wp","href":"https:\/\/api.w.org\/{rel}","templated":true}]}}