{"id":22311,"date":"2023-01-31T13:15:24","date_gmt":"2023-01-31T12:15:24","guid":{"rendered":"https:\/\/www.studiolongboard.com\/?post_type=product&#038;p=22311"},"modified":"2024-06-14T19:27:22","modified_gmt":"2024-06-14T17:27:22","slug":"long-island-endless-summer-32%e2%80%b3-complete-surfskate","status":"publish","type":"product","link":"https:\/\/www.studiolongboard.com\/es\/shop\/surfskates\/surfskate-completes\/long-island-endless-summer-32%e2%80%b3-complete-surfskate\/","title":{"rendered":"LONG ISLAND Endless Summer 32\u2033 Complete Surfskate"},"content":{"rendered":"<h2>LONG ISLAND Endless Summer 32\u2033 Complete Surfskate<\/h2>\n<p>LONG ISLAND Endless Summer 32\u2033 Complete Surfskate ist ein gutes Surfskateboard f\u00fcr alle die mit dem Surfskaten anfangen wollen. Durch die optimale Wheelbase sowie L\u00e4nge und Breite des Decks ist es fast f\u00fcr jede K\u00f6rpergr\u00f6\u00dfe gut geeignet. Das stabile Lenkgummi-Achsensystem sorgt f\u00fcr die Sicherheit f\u00fcr die ersten Meter auf diesem Board und l\u00e4sst trotzdem enge Turns zu um mit dem Trainieren der Surfskate-Moves beginnen zu k\u00f6nnen.<\/p>\n<p>Size: 32&#8243; x 9.6&#8243; Wb\/ 16.5&#8243;<br \/>\nWheels: Cinetic Crop 66 x 51 82A Coral<\/p>\n<p>&nbsp;<\/p>","protected":false},"excerpt":{"rendered":"<p>LONG ISLAND Endless Summer 32\u2033 Complete Surfskate LONG ISLAND Endless Summer 32\u2033 Complete Surfskate ist ein gutes Surfskateboard f\u00fcr alle die mit dem Surfskaten anfangen wollen. Durch die optimale Wheelbase sowie L\u00e4nge und Breite des Decks ist es fast f\u00fcr jede K\u00f6rpergr\u00f6\u00dfe gut geeignet. Das stabile Lenkgummi-Achsensystem sorgt f\u00fcr die Sicherheit f\u00fcr die ersten Meter [&#8230;]\n","protected":false},"featured_media":22312,"comment_status":"closed","ping_status":"closed","template":"","meta":{"jetpack_post_was_ever_published":false,"jetpack_publicize_message":"","jetpack_publicize_feature_enabled":true,"jetpack_social_post_already_shared":true,"jetpack_social_options":{"image_generator_settings":{"template":"highway","default_image_id":0,"font":"","enabled":false},"version":2}},"product_brand":[],"product_cat":[8983,531,687],"product_tag":[],"class_list":{"0":"post-22311","1":"product","2":"type-product","3":"status-publish","4":"has-post-thumbnail","6":"product_cat-surfskate-completes","7":"product_cat-surfskates","8":"product_cat-sale","9":"product_shipping_class-paket","11":"first","12":"outofstock","13":"sale","14":"taxable","15":"shipping-taxable","16":"purchasable","17":"product-type-simple"},"composite_virtual":false,"composite_layout":"","composite_add_to_cart_form_location":"","composite_editable_in_cart":false,"composite_sold_individually_context":"","composite_shop_price_calc":"","composite_components":[],"composite_scenarios":[],"booking_location":null,"booking_location_type":null,"booking_duration":null,"booking_duration_unit":null,"booking_buffer":null,"booking_cost":null,"booking_resources":null,"jetpack_publicize_connections":[],"jetpack_sharing_enabled":true,"_links":{"self":[{"href":"https:\/\/www.studiolongboard.com\/es\/wp-json\/wp\/v2\/product\/22311","targetHints":{"allow":["GET"]}}],"collection":[{"href":"https:\/\/www.studiolongboard.com\/es\/wp-json\/wp\/v2\/product"}],"about":[{"href":"https:\/\/www.studiolongboard.com\/es\/wp-json\/wp\/v2\/types\/product"}],"replies":[{"embeddable":true,"href":"https:\/\/www.studiolongboard.com\/es\/wp-json\/wp\/v2\/comments?post=22311"}],"wp:featuredmedia":[{"embeddable":true,"href":"https:\/\/www.studiolongboard.com\/es\/wp-json\/wp\/v2\/media\/22312"}],"wp:attachment":[{"href":"https:\/\/www.studiolongboard.com\/es\/wp-json\/wp\/v2\/media?parent=22311"}],"wp:term":[{"taxonomy":"product_brand","embeddable":true,"href":"https:\/\/www.studiolongboard.com\/es\/wp-json\/wp\/v2\/product_brand?post=22311"},{"taxonomy":"product_cat","embeddable":true,"href":"https:\/\/www.studiolongboard.com\/es\/wp-json\/wp\/v2\/product_cat?post=22311"},{"taxonomy":"product_tag","embeddable":true,"href":"https:\/\/www.studiolongboard.com\/es\/wp-json\/wp\/v2\/product_tag?post=22311"}],"curies":[{"name":"wp","href":"https:\/\/api.w.org\/{rel}","templated":true}]}}