{"id":22122,"date":"2023-01-26T14:19:59","date_gmt":"2023-01-26T13:19:59","guid":{"rendered":"https:\/\/www.studiolongboard.com\/?post_type=product&#038;p=22122"},"modified":"2025-07-09T12:18:33","modified_gmt":"2025-07-09T10:18:33","slug":"longboard-slide-workshop-2","status":"publish","type":"product","link":"https:\/\/www.studiolongboard.com\/es\/shop\/skateworkshops\/longboard-slide-workshop-2\/","title":{"rendered":"Longboard Slide Workshop"},"content":{"rendered":"<h2>Longboard Slide Workshop<\/h2>\n<p>Du bist inzwischen nicht nur sicher auf dem Board, sondern auch flott unterwegs? Foot-Brake sitzt schon, aber das Sliden bereitet dir noch Probleme, um schnelle Abfahrten sicher zu meistern? Dann solltest du unseren Studio Longboard Slide Workshop buchen.<\/p>\n<p>Unsere erfahrenen <a href=\"https:\/\/www.studiolongboard.com\/es\/blog\/das-team\/\">Team Rider<\/a> bringen euch die Basics des Slidens bei wie zum Beispiel den Toeside-Handsdown-Slide oder den Coleman Slide. Aber auch Fortgeschrittene sind Willkommen um zum Beispiel Standup-Slides zu erlernen und wichtige Tipps und Tricks f\u00fcr den n\u00e4chsten Freeride aufzusaugen.<\/p>\n<p>Mitzubringen ist ausser dem eigenen <a href=\"https:\/\/www.studiolongboard.com\/es\/product-category\/longboards\/\">Longboard<\/a>, Helm, Slide-Handschuhe und Knie-und Ellbogenschoner. Falls du noch kein passendes Board und Ausr\u00fcstung hast, kein Problem: Einfach im Kommentar vermerken, wir stellen alles Notwendige zur Verf\u00fcgung. (Gerne Gr\u00f6\u00dfe und Gewicht angeben)<\/p>\n<p>Die Teilnahmegeb\u00fchr betr\u00e4gt <strong>39,90 \u20ac<\/strong> pro Person. Darin enthalten ist, falls erw\u00fcnscht, die Bereitstellung eines Longboards, Schoner, Slidehandschuhe und Helm. Die Dauer des Workshops betr\u00e4gt <b>2 Stunden<\/b>.<\/p>\n<p><strong>Die Buchung kann kostenlos storniert werden bis 5 Tage vor dem Termin!<\/strong><\/p>\n<p>Wir bitten die Teilnehmer*innen unsere <a href=\"https:\/\/www.studiolongboard.com\/wp-content\/uploads\/2022\/09\/Haftungsausschlusserklaerung-Skateworkshop-2022.pdf\">Haftungsausschlusserkl\u00e4rung<\/a> vor der Buchung des Workshops gr\u00fcndlich durchzulesen und unterschrieben mitzubringen.<\/p>","protected":false},"excerpt":{"rendered":"<p><strong>25.05.2025<\/strong><\/p>\n<p>Bitte im Kalender das Datum ausw\u00e4hlen und auf die Uhrzeit klicken um den Termin buchen zu k\u00f6nnen.<\/p>\n<p>Die Buchung kann kostenlos storniert werden bis 5 Tage vor dem Termin!<\/p>","protected":false},"featured_media":29857,"comment_status":"closed","ping_status":"closed","template":"","meta":{"jetpack_post_was_ever_published":false,"jetpack_publicize_message":"","jetpack_publicize_feature_enabled":true,"jetpack_social_post_already_shared":true,"jetpack_social_options":{"image_generator_settings":{"template":"highway","default_image_id":0,"font":"","enabled":false},"version":2}},"product_brand":[],"product_cat":[4860],"product_tag":[],"class_list":{"0":"post-22122","1":"product","2":"type-product","3":"status-publish","4":"has-post-thumbnail","6":"product_cat-skateworkshops","8":"first","9":"instock","10":"virtual","11":"sold-individually","12":"taxable","13":"purchasable","14":"product-type-booking"},"composite_virtual":false,"composite_layout":"","composite_add_to_cart_form_location":"","composite_editable_in_cart":false,"composite_sold_individually_context":"","composite_shop_price_calc":"","composite_components":[],"composite_scenarios":[],"booking_location":"","booking_location_type":"","booking_duration":2,"booking_duration_unit":"hour","booking_buffer":4,"booking_cost":0,"booking_resources":[],"jetpack_publicize_connections":[],"jetpack_sharing_enabled":true,"_links":{"self":[{"href":"https:\/\/www.studiolongboard.com\/es\/wp-json\/wp\/v2\/product\/22122","targetHints":{"allow":["GET"]}}],"collection":[{"href":"https:\/\/www.studiolongboard.com\/es\/wp-json\/wp\/v2\/product"}],"about":[{"href":"https:\/\/www.studiolongboard.com\/es\/wp-json\/wp\/v2\/types\/product"}],"replies":[{"embeddable":true,"href":"https:\/\/www.studiolongboard.com\/es\/wp-json\/wp\/v2\/comments?post=22122"}],"wp:featuredmedia":[{"embeddable":true,"href":"https:\/\/www.studiolongboard.com\/es\/wp-json\/wp\/v2\/media\/29857"}],"wp:attachment":[{"href":"https:\/\/www.studiolongboard.com\/es\/wp-json\/wp\/v2\/media?parent=22122"}],"wp:term":[{"taxonomy":"product_brand","embeddable":true,"href":"https:\/\/www.studiolongboard.com\/es\/wp-json\/wp\/v2\/product_brand?post=22122"},{"taxonomy":"product_cat","embeddable":true,"href":"https:\/\/www.studiolongboard.com\/es\/wp-json\/wp\/v2\/product_cat?post=22122"},{"taxonomy":"product_tag","embeddable":true,"href":"https:\/\/www.studiolongboard.com\/es\/wp-json\/wp\/v2\/product_tag?post=22122"}],"curies":[{"name":"wp","href":"https:\/\/api.w.org\/{rel}","templated":true}]}}