{"id":22054,"date":"2023-01-25T13:41:53","date_gmt":"2023-01-25T12:41:53","guid":{"rendered":"https:\/\/www.studiolongboard.com\/?post_type=product&#038;p=22054"},"modified":"2025-12-18T18:19:59","modified_gmt":"2025-12-18T17:19:59","slug":"g-form-crash-shorts","status":"publish","type":"product","link":"https:\/\/www.studiolongboard.com\/es\/shop\/protection\/schuetzer\/g-form-crash-shorts\/","title":{"rendered":"G-Form Crash Shorts"},"content":{"rendered":"<h2>G-Form Crash Shorts<\/h2>\n<p>G-Form Crash Shorts bieten dank der ihrer Mischung aus PORON XRD-Material, den patentierten G-Form Materialien und Technologien einen zuverl\u00e4ssigen Schutz vor St\u00fcrzen sowie Schl\u00e4gen und behalten eine konstante Leistung w\u00e4hrend der gesamten Lebensdauer dieses Produkts. <\/p>\n<p>Die Sch\u00fctzer sind speziell darauf ausgelegt, sich der K\u00f6rperform anzupassen, um einen kompletten Schutz zu gew\u00e4hrleisten. <\/p>\n<p>Die G-Form Pads werden Dich wiederholt vor St\u00f6\u00dfen sch\u00fctzen, anders als Fahrradhelme m\u00fcssen sie nach einem Sturz nicht ersetzt werden und verlieren auch nicht ihre sch\u00fctzende Eigenschaft nach wiederholtem Gebrauch.<br \/>\nDie einzigartige Weise, in der das Pad geformt wurde und der feste Kompressionsstoff h\u00e4lt das Pad an der Oberfl\u00e4che des K\u00f6rper und verst\u00e4rkt den Schutz. <\/p>\n<p>Die G-Form Crash Shorts k\u00f6nnen bei warmem oder kaltem Wetter getragen werden und sind waschbar.<\/p>\n<p>G-FORM GR\u00d6SSENTABELLE:<\/p>\n<p>Gr\u00f6\u00dfe\tTaille*\t      H\u00fcfte**<br \/>\nS:\t66 &#8211; 74 cm\t90 &#8211; 98 cm<br \/>\nM:\t74 &#8211; 80 cm\t98 &#8211; 104 cm<br \/>\nL:\t80 &#8211; 88 cm\t104 &#8211; 112 cm<br \/>\nXL:\t88 &#8211; 98 cm\t112 &#8211; 120 cm<\/p>\n<p>* Taillenumfang messen<br \/>\n** H\u00fcftumfang messen<\/p>","protected":false},"excerpt":{"rendered":"<p>G-Form Crash Shorts G-Form Crash Shorts bieten dank der ihrer Mischung aus PORON XRD-Material, den patentierten G-Form Materialien und Technologien einen zuverl\u00e4ssigen Schutz vor St\u00fcrzen sowie Schl\u00e4gen und behalten eine konstante Leistung w\u00e4hrend der gesamten Lebensdauer dieses Produkts. Die Sch\u00fctzer sind speziell darauf ausgelegt, sich der K\u00f6rperform anzupassen, um einen kompletten Schutz zu gew\u00e4hrleisten. Die [&#8230;]\n","protected":false},"featured_media":22056,"comment_status":"closed","ping_status":"closed","template":"","meta":{"jetpack_post_was_ever_published":false,"jetpack_publicize_message":"","jetpack_publicize_feature_enabled":true,"jetpack_social_post_already_shared":true,"jetpack_social_options":{"image_generator_settings":{"template":"highway","default_image_id":0,"font":"","enabled":false},"version":2}},"product_brand":[],"product_cat":[687,320,505,528],"product_tag":[6894,8846,8847,8848],"class_list":{"0":"post-22054","1":"product","2":"type-product","3":"status-publish","4":"has-post-thumbnail","6":"product_cat-sale","7":"product_cat-accessories","8":"product_cat-protection","9":"product_cat-schuetzer","10":"product_tag-protection","11":"product_tag-bumsaver","12":"product_tag-protektoren","13":"product_tag-crashpants","14":"product_shipping_class-paket-m","16":"first","17":"outofstock","18":"taxable","19":"shipping-taxable","20":"product-type-variable"},"composite_virtual":false,"composite_layout":"","composite_add_to_cart_form_location":"","composite_editable_in_cart":false,"composite_sold_individually_context":"","composite_shop_price_calc":"","composite_components":[],"composite_scenarios":[],"booking_location":null,"booking_location_type":null,"booking_duration":null,"booking_duration_unit":null,"booking_buffer":null,"booking_cost":null,"booking_resources":null,"jetpack_publicize_connections":[],"jetpack_sharing_enabled":true,"_links":{"self":[{"href":"https:\/\/www.studiolongboard.com\/es\/wp-json\/wp\/v2\/product\/22054","targetHints":{"allow":["GET"]}}],"collection":[{"href":"https:\/\/www.studiolongboard.com\/es\/wp-json\/wp\/v2\/product"}],"about":[{"href":"https:\/\/www.studiolongboard.com\/es\/wp-json\/wp\/v2\/types\/product"}],"replies":[{"embeddable":true,"href":"https:\/\/www.studiolongboard.com\/es\/wp-json\/wp\/v2\/comments?post=22054"}],"wp:featuredmedia":[{"embeddable":true,"href":"https:\/\/www.studiolongboard.com\/es\/wp-json\/wp\/v2\/media\/22056"}],"wp:attachment":[{"href":"https:\/\/www.studiolongboard.com\/es\/wp-json\/wp\/v2\/media?parent=22054"}],"wp:term":[{"taxonomy":"product_brand","embeddable":true,"href":"https:\/\/www.studiolongboard.com\/es\/wp-json\/wp\/v2\/product_brand?post=22054"},{"taxonomy":"product_cat","embeddable":true,"href":"https:\/\/www.studiolongboard.com\/es\/wp-json\/wp\/v2\/product_cat?post=22054"},{"taxonomy":"product_tag","embeddable":true,"href":"https:\/\/www.studiolongboard.com\/es\/wp-json\/wp\/v2\/product_tag?post=22054"}],"curies":[{"name":"wp","href":"https:\/\/api.w.org\/{rel}","templated":true}]}}