{"id":21797,"date":"2023-01-03T13:03:50","date_gmt":"2023-01-03T12:03:50","guid":{"rendered":"https:\/\/www.studiolongboard.com\/?post_type=product&#038;p=21797"},"modified":"2025-12-31T14:30:46","modified_gmt":"2025-12-31T13:30:46","slug":"88-ruedas-bujes-de-goma","status":"publish","type":"product","link":"https:\/\/www.studiolongboard.com\/es\/shop\/accessories\/bushings-pivot-cups\/88-wheels-gummies-bushings\/","title":{"rendered":"BUJES GOMA RUEDAS 88"},"content":{"rendered":"<h2>BUJES GOMA RUEDAS 88<\/h2>\n<p>Los casquillos 88 WHEELS Gummies llevan el rendimiento de tu tabla al siguiente nivel. Los casquillos de doble barril utilizan una f\u00f3rmula de uretano de ultra alto rendimiento que le da un rebote s\u00faper alto con un retorno de energ\u00eda sin igual. Los 88 Gummies te permiten marcar tu configuraci\u00f3n y controlar realmente esos giros con una resistencia fluida y asentada sin los chirridos, asperezas, burbujas e inconsistencias.<\/p>\n<p>Di\u00e1metro: 25 mm<\/p>\n<p>Altura: 15 mm<\/p>\n<p>Se venden en paquetes de dos para que pueda mezclar y combinar Durometer para su configuraci\u00f3n perfectamente sintonizado. Viene con 2 arandelas planas.<\/p>\n<p>disponible en 80a, 85a, 90a y 95a<\/p>","protected":false},"excerpt":{"rendered":"<p>88 WHEELS Gummies Bushings 88 WHEELS Gummies Bushings take your board performance to the next level! The double barrel bushings use an ultra high-performance urethane formula that gives you super high rebound with unrivaled energy return. The 88 Gummies allow you to dial in your setup and really control those turns with a fluid and [&#8230;]\n","protected":false},"featured_media":21798,"comment_status":"closed","ping_status":"closed","template":"","meta":{"jetpack_post_was_ever_published":false,"jetpack_publicize_message":"","jetpack_publicize_feature_enabled":true,"jetpack_social_post_already_shared":true,"jetpack_social_options":{"image_generator_settings":{"template":"highway","default_image_id":0,"font":"","enabled":false},"version":2}},"product_brand":[],"product_cat":[320,3208],"product_tag":[],"class_list":{"0":"post-21797","1":"product","2":"type-product","3":"status-publish","4":"has-post-thumbnail","6":"product_cat-accessories","7":"product_cat-bushings-pivot-cups","8":"product_shipping_class-paket-m","10":"first","11":"instock","12":"taxable","13":"shipping-taxable","14":"purchasable","15":"product-type-variable"},"composite_virtual":false,"composite_layout":"","composite_add_to_cart_form_location":"","composite_editable_in_cart":false,"composite_sold_individually_context":"","composite_shop_price_calc":"","composite_components":[],"composite_scenarios":[],"booking_location":null,"booking_location_type":null,"booking_duration":null,"booking_duration_unit":null,"booking_buffer":null,"booking_cost":null,"booking_resources":null,"jetpack_publicize_connections":[],"jetpack_sharing_enabled":true,"_links":{"self":[{"href":"https:\/\/www.studiolongboard.com\/es\/wp-json\/wp\/v2\/product\/21797","targetHints":{"allow":["GET"]}}],"collection":[{"href":"https:\/\/www.studiolongboard.com\/es\/wp-json\/wp\/v2\/product"}],"about":[{"href":"https:\/\/www.studiolongboard.com\/es\/wp-json\/wp\/v2\/types\/product"}],"replies":[{"embeddable":true,"href":"https:\/\/www.studiolongboard.com\/es\/wp-json\/wp\/v2\/comments?post=21797"}],"wp:featuredmedia":[{"embeddable":true,"href":"https:\/\/www.studiolongboard.com\/es\/wp-json\/wp\/v2\/media\/21798"}],"wp:attachment":[{"href":"https:\/\/www.studiolongboard.com\/es\/wp-json\/wp\/v2\/media?parent=21797"}],"wp:term":[{"taxonomy":"product_brand","embeddable":true,"href":"https:\/\/www.studiolongboard.com\/es\/wp-json\/wp\/v2\/product_brand?post=21797"},{"taxonomy":"product_cat","embeddable":true,"href":"https:\/\/www.studiolongboard.com\/es\/wp-json\/wp\/v2\/product_cat?post=21797"},{"taxonomy":"product_tag","embeddable":true,"href":"https:\/\/www.studiolongboard.com\/es\/wp-json\/wp\/v2\/product_tag?post=21797"}],"curies":[{"name":"wp","href":"https:\/\/api.w.org\/{rel}","templated":true}]}}