{"id":21715,"date":"2022-12-21T15:17:37","date_gmt":"2022-12-21T14:17:37","guid":{"rendered":"https:\/\/www.studiolongboard.com\/?post_type=product&#038;p=21715"},"modified":"2024-01-17T15:07:24","modified_gmt":"2024-01-17T14:07:24","slug":"spirit-of-76-socks-concrete-jungle-lo","status":"publish","type":"product","link":"https:\/\/www.studiolongboard.com\/es\/shop\/streetwear\/socks\/spirit-of-76-socks-concrete-jungle-lo\/","title":{"rendered":"SPIRIT OF 76 Socks Concrete Jungle Lo"},"content":{"rendered":"<h2>SPIRIT OF 76 Socks Concrete Jungle Lo<\/h2>\n<p>Halbhohe Retro Socken mit Rippstruktur in stylischem silbergrau mit wei\u00dfen Streifen. Stabiler Halbpl\u00fcschfu\u00df, vorgeformte Ferse und perfekt abgestimmter Materialmix garantieren einen optimalen Tragekomfort.<\/p>\n<p>nahtlose, gekettelte Spitze<br \/>\nkn\u00f6chelhohe L\u00e4nge<br \/>\nwei\u00df auf grauem Grund<br \/>\ngepolsterter Halbpl\u00fcschfu\u00df<br \/>\nGr\u00f6\u00dfen von 35 bis 46<br \/>\nhoher Tragekomfort<br \/>\n100 % in Deutschland gefertigt<br \/>\nMaterial: 82% Baumwolle, 10% Polyamid, 8% Elastan<\/p>","protected":false},"excerpt":{"rendered":"<p>EU Gr\u00f6\u00dfen:<br \/>\nS: 35 &#8211; 38<br \/>\nM: 39 &#8211; 42<br \/>\nL: 43 &#8211; 46<\/p>","protected":false},"featured_media":21720,"comment_status":"closed","ping_status":"closed","template":"","meta":{"jetpack_post_was_ever_published":false,"jetpack_publicize_message":"","jetpack_publicize_feature_enabled":true,"jetpack_social_post_already_shared":true,"jetpack_social_options":{"image_generator_settings":{"template":"highway","default_image_id":0,"font":"","enabled":false},"version":2}},"product_brand":[],"product_cat":[533,8875,320],"product_tag":[],"class_list":{"0":"post-21715","1":"product","2":"type-product","3":"status-publish","4":"has-post-thumbnail","6":"product_cat-streetwear","7":"product_cat-socks","8":"product_cat-accessories","9":"product_shipping_class-paket-m","11":"first","12":"instock","13":"taxable","14":"shipping-taxable","15":"purchasable","16":"product-type-variable"},"composite_virtual":false,"composite_layout":"","composite_add_to_cart_form_location":"","composite_editable_in_cart":false,"composite_sold_individually_context":"","composite_shop_price_calc":"","composite_components":[],"composite_scenarios":[],"booking_location":null,"booking_location_type":null,"booking_duration":null,"booking_duration_unit":null,"booking_buffer":null,"booking_cost":null,"booking_resources":null,"jetpack_publicize_connections":[],"jetpack_sharing_enabled":true,"_links":{"self":[{"href":"https:\/\/www.studiolongboard.com\/es\/wp-json\/wp\/v2\/product\/21715","targetHints":{"allow":["GET"]}}],"collection":[{"href":"https:\/\/www.studiolongboard.com\/es\/wp-json\/wp\/v2\/product"}],"about":[{"href":"https:\/\/www.studiolongboard.com\/es\/wp-json\/wp\/v2\/types\/product"}],"replies":[{"embeddable":true,"href":"https:\/\/www.studiolongboard.com\/es\/wp-json\/wp\/v2\/comments?post=21715"}],"wp:featuredmedia":[{"embeddable":true,"href":"https:\/\/www.studiolongboard.com\/es\/wp-json\/wp\/v2\/media\/21720"}],"wp:attachment":[{"href":"https:\/\/www.studiolongboard.com\/es\/wp-json\/wp\/v2\/media?parent=21715"}],"wp:term":[{"taxonomy":"product_brand","embeddable":true,"href":"https:\/\/www.studiolongboard.com\/es\/wp-json\/wp\/v2\/product_brand?post=21715"},{"taxonomy":"product_cat","embeddable":true,"href":"https:\/\/www.studiolongboard.com\/es\/wp-json\/wp\/v2\/product_cat?post=21715"},{"taxonomy":"product_tag","embeddable":true,"href":"https:\/\/www.studiolongboard.com\/es\/wp-json\/wp\/v2\/product_tag?post=21715"}],"curies":[{"name":"wp","href":"https:\/\/api.w.org\/{rel}","templated":true}]}}