{"id":21658,"date":"2022-12-21T13:27:51","date_gmt":"2022-12-21T12:27:51","guid":{"rendered":"https:\/\/www.studiolongboard.com\/?post_type=product&#038;p=21658"},"modified":"2023-08-02T12:33:51","modified_gmt":"2023-08-02T10:33:51","slug":"spirit-of-76-socks-purple-turquoise-on-white-hi","status":"publish","type":"product","link":"https:\/\/www.studiolongboard.com\/es\/shop\/streetwear\/socks\/spirit-of-76-socks-purple-turquoise-on-white-hi\/","title":{"rendered":"SPIRIT OF 76 Socks Purple Turquoise On White Hi"},"content":{"rendered":"<h2>SPIRIT OF 76 Socks Purple Turquoise On White Hi<\/h2>\n<p>SPIRIT OF 76 Socks Purple Turquoise On White Hi sind kniehohe Oldschoolsocks mit purple-turquoisen Streifen auf wei\u00dfem Grund. Vorgeformte Ferse und perfekt abgestimmter Materialmix sorgen f\u00fcr einen optimalen Tragekomfort.<\/p>\n<p>H\u00f6chste Qualit\u00e4t &#8222;Made in Germany&#8220;<\/p>\n<p>Material: 82% Baumwolle, 10% PASt, 8% Elasthan<\/p>\n<p>Knee high white retro socks with rib structure in purple &amp; turquoise striped design. Extra strong and resistant half chenille sole, preformed heel and finely tuned mix of materials guarantee a perfect fit and high wearing comfort.<\/p>\n<p>knee high length<br \/>\nwhite socks with purple &amp; turquoise stripes<br \/>\ncushioned half chenille sole<br \/>\nsizes(EU) 35 &#8211; 46<br \/>\nhigh wearing comfort<br \/>\n100% \u201cMade in Germany\u201d<br \/>\nmaterial: 82% Cotton, 10% Polyamide, 8% Elasthane<\/p>","protected":false},"excerpt":{"rendered":"<p>SPIRIT OF 76 Socks Purple Turquoise On White Hi SPIRIT OF 76 Socks Purple Turquoise On White Hi sind kniehohe Oldschoolsocks mit purple-turquoisen Streifen auf wei\u00dfem Grund. Vorgeformte Ferse und perfekt abgestimmter Materialmix sorgen f\u00fcr einen optimalen Tragekomfort. H\u00f6chste Qualit\u00e4t &#8222;Made in Germany&#8220; Material: 82% Baumwolle, 10% PASt, 8% Elasthan Knee high white retro socks [&#8230;]\n","protected":false},"featured_media":21659,"comment_status":"closed","ping_status":"closed","template":"","meta":{"jetpack_post_was_ever_published":false,"jetpack_publicize_message":"","jetpack_publicize_feature_enabled":true,"jetpack_social_post_already_shared":true,"jetpack_social_options":{"image_generator_settings":{"template":"highway","default_image_id":0,"font":"","enabled":false},"version":2}},"product_brand":[],"product_cat":[533,8875,320],"product_tag":[],"class_list":{"0":"post-21658","1":"product","2":"type-product","3":"status-publish","4":"has-post-thumbnail","6":"product_cat-streetwear","7":"product_cat-socks","8":"product_cat-accessories","9":"product_shipping_class-paket-m","11":"first","12":"outofstock","13":"taxable","14":"shipping-taxable","15":"product-type-variable"},"composite_virtual":false,"composite_layout":"","composite_add_to_cart_form_location":"","composite_editable_in_cart":false,"composite_sold_individually_context":"","composite_shop_price_calc":"","composite_components":[],"composite_scenarios":[],"booking_location":null,"booking_location_type":null,"booking_duration":null,"booking_duration_unit":null,"booking_buffer":null,"booking_cost":null,"booking_resources":null,"jetpack_publicize_connections":[],"jetpack_sharing_enabled":true,"_links":{"self":[{"href":"https:\/\/www.studiolongboard.com\/es\/wp-json\/wp\/v2\/product\/21658","targetHints":{"allow":["GET"]}}],"collection":[{"href":"https:\/\/www.studiolongboard.com\/es\/wp-json\/wp\/v2\/product"}],"about":[{"href":"https:\/\/www.studiolongboard.com\/es\/wp-json\/wp\/v2\/types\/product"}],"replies":[{"embeddable":true,"href":"https:\/\/www.studiolongboard.com\/es\/wp-json\/wp\/v2\/comments?post=21658"}],"wp:featuredmedia":[{"embeddable":true,"href":"https:\/\/www.studiolongboard.com\/es\/wp-json\/wp\/v2\/media\/21659"}],"wp:attachment":[{"href":"https:\/\/www.studiolongboard.com\/es\/wp-json\/wp\/v2\/media?parent=21658"}],"wp:term":[{"taxonomy":"product_brand","embeddable":true,"href":"https:\/\/www.studiolongboard.com\/es\/wp-json\/wp\/v2\/product_brand?post=21658"},{"taxonomy":"product_cat","embeddable":true,"href":"https:\/\/www.studiolongboard.com\/es\/wp-json\/wp\/v2\/product_cat?post=21658"},{"taxonomy":"product_tag","embeddable":true,"href":"https:\/\/www.studiolongboard.com\/es\/wp-json\/wp\/v2\/product_tag?post=21658"}],"curies":[{"name":"wp","href":"https:\/\/api.w.org\/{rel}","templated":true}]}}