{"id":21456,"date":"2022-12-09T18:33:29","date_gmt":"2022-12-09T17:33:29","guid":{"rendered":"https:\/\/www.studiolongboard.com\/?post_type=product&#038;p=21456"},"modified":"2024-09-11T11:31:44","modified_gmt":"2024-09-11T09:31:44","slug":"kendama-play-x-grip-black-nature","status":"publish","type":"product","link":"https:\/\/www.studiolongboard.com\/es\/shop\/kendama\/kendama-play-x-grip-black-nature\/","title":{"rendered":"KENDAMA Play X Grip &#8211; Black Nature"},"content":{"rendered":"<h2>KENDAMA Play X Grip &#8211; Black Nature<\/h2>\n<p>KENDAMA Play X Grip &#8211; Black Nature ist ein echter Allesk\u00f6nner! Es bietet jede Menge Spa\u00df f\u00fcr Einsteiger und Fortgeschrittene.<br \/>\nDas neue Play X Kendama ist super nice zu zocken, eine richtige Lace Maschine \u2013 sowohl f\u00fcr den leichten Einstieg als auch f\u00fcr fortgeschrittenes Freestyle und l\u00e4ssiges Flow Play.<\/p>\n<p>Die gro\u00dfen Cups erleichtern das Cup Spiel. Das kr\u00e4ftig volumige Sarado sorgt f\u00fcr exzellente Lunar Balance, der ausgepr\u00e4gte Kendama Grip Ridge bietet beste Kenflip Kontrolle und mit dem gro\u00dfen Kugelloch verfehlst Du nie wieder einen Spike.<\/p>\n<p>Mit dem Play X haben die erfahrenen Kendama-Shaper Marc (Europas Kendama Pionier) und seine linke Hand Toni (3D-Ingenieur) die dritte und bislang beeindruckendste Play Serie realisiert \u2013 acht Jahre nach Entwicklung der ersten europ\u00e4ischen Pro Kendama Serie. Ihre Vision: Das Play Shape so zu formen, dass es sowohl einen einfachen Einstieg und schnelle Erfolgserlebnisse f\u00fcr Beginner bietet, als auch mit sehr guten Balance Eigenschaften und bester Flow Performance fortgeschrittene Spieler begeistert.<\/p>\n<p>Technische Daten:<\/p>\n<p>GR\u00d6SSE\tklassisch<br \/>\nFARBE:\tnatur, schwarz<br \/>\nLACKART:\tklassisch<br \/>\nHERSTELLER:\tKendama Europe<br \/>\nVERPACKUNGSGEWICHT:\t225 g<br \/>\nALTERSEMPFEHLUNG:\tGeeignet f\u00fcr Kinder ab 7 Jahren.<br \/>\nHOLZART KEN:\tBuchenholz<br \/>\nHOLZART KUGEL:\tBuchenholz<br \/>\nSCHNURL\u00c4NGE:\tsechs Finger<br \/>\nALTERSEMPFEHLUNG: Geeignet f\u00fcr Kinder ab 7 Jahren.<\/p>","protected":false},"excerpt":{"rendered":"<p><img loading=\"lazy\" decoding=\"async\" class=\"size-medium wp-image-5479 alignnone\" src=\"https:\/\/www.studiolongboard.com\/wp-content\/uploads\/2018\/02\/logo_kendama_europe_2017-300x119.png\" alt=\"\" width=\"300\" height=\"119\" srcset=\"https:\/\/www.studiolongboard.com\/wp-content\/uploads\/2018\/02\/logo_kendama_europe_2017-300x119.png 300w, https:\/\/www.studiolongboard.com\/wp-content\/uploads\/2018\/02\/logo_kendama_europe_2017-87x34.png 87w, https:\/\/www.studiolongboard.com\/wp-content\/uploads\/2018\/02\/logo_kendama_europe_2017.png 354w\" sizes=\"auto, (max-width: 300px) 100vw, 300px\" \/><\/p>\n<p><img loading=\"lazy\" decoding=\"async\" class=\"size-medium wp-image-4922 alignnone\" src=\"https:\/\/www.studiolongboard.com\/wp-content\/uploads\/2017\/08\/de-pp_plus-logo-quer_ohne_PUI_540x60px-300x33.png\" alt=\"\" width=\"300\" height=\"33\" \/><\/p>","protected":false},"featured_media":21464,"comment_status":"open","ping_status":"closed","template":"","meta":{"jetpack_post_was_ever_published":false,"jetpack_publicize_message":"","jetpack_publicize_feature_enabled":true,"jetpack_social_post_already_shared":true,"jetpack_social_options":{"image_generator_settings":{"template":"highway","default_image_id":0,"font":"","enabled":false},"version":2}},"product_brand":[],"product_cat":[732,320],"product_tag":[726,722],"class_list":{"0":"post-21456","1":"product","2":"type-product","3":"status-publish","4":"has-post-thumbnail","6":"product_cat-kendama","7":"product_cat-accessories","8":"product_tag-triple-stripes","9":"product_tag-kendama","10":"product_shipping_class-paket-m","12":"first","13":"outofstock","14":"taxable","15":"shipping-taxable","16":"purchasable","17":"product-type-simple"},"composite_virtual":false,"composite_layout":"","composite_add_to_cart_form_location":"","composite_editable_in_cart":false,"composite_sold_individually_context":"","composite_shop_price_calc":"","composite_components":[],"composite_scenarios":[],"booking_location":null,"booking_location_type":null,"booking_duration":null,"booking_duration_unit":null,"booking_buffer":null,"booking_cost":null,"booking_resources":null,"jetpack_publicize_connections":[],"jetpack_sharing_enabled":true,"_links":{"self":[{"href":"https:\/\/www.studiolongboard.com\/es\/wp-json\/wp\/v2\/product\/21456","targetHints":{"allow":["GET"]}}],"collection":[{"href":"https:\/\/www.studiolongboard.com\/es\/wp-json\/wp\/v2\/product"}],"about":[{"href":"https:\/\/www.studiolongboard.com\/es\/wp-json\/wp\/v2\/types\/product"}],"replies":[{"embeddable":true,"href":"https:\/\/www.studiolongboard.com\/es\/wp-json\/wp\/v2\/comments?post=21456"}],"wp:featuredmedia":[{"embeddable":true,"href":"https:\/\/www.studiolongboard.com\/es\/wp-json\/wp\/v2\/media\/21464"}],"wp:attachment":[{"href":"https:\/\/www.studiolongboard.com\/es\/wp-json\/wp\/v2\/media?parent=21456"}],"wp:term":[{"taxonomy":"product_brand","embeddable":true,"href":"https:\/\/www.studiolongboard.com\/es\/wp-json\/wp\/v2\/product_brand?post=21456"},{"taxonomy":"product_cat","embeddable":true,"href":"https:\/\/www.studiolongboard.com\/es\/wp-json\/wp\/v2\/product_cat?post=21456"},{"taxonomy":"product_tag","embeddable":true,"href":"https:\/\/www.studiolongboard.com\/es\/wp-json\/wp\/v2\/product_tag?post=21456"}],"curies":[{"name":"wp","href":"https:\/\/api.w.org\/{rel}","templated":true}]}}