{"id":21241,"date":"2022-11-24T16:31:37","date_gmt":"2022-11-24T15:31:37","guid":{"rendered":"https:\/\/www.studiolongboard.com\/?post_type=product&#038;p=21241"},"modified":"2025-09-27T14:36:35","modified_gmt":"2025-09-27T12:36:35","slug":"krom-x-jody-barton-kendama","status":"publish","type":"product","link":"https:\/\/www.studiolongboard.com\/es\/shop\/kendama\/krom-x-jody-barton-kendama\/","title":{"rendered":"KROM x Jody Barton Kendama Flowers"},"content":{"rendered":"<h2>KROM x Jody Barton Kendama Flowers<\/h2>\n<p>KROM x Jody Barton Kendama Flowers ist aus Ahornholz mit einem erstaunlichen Design und einer klebrigen LOL Beschichtung, entstanden durch die Zusammenarbeit von KROM und JODY BARTON. Begeistert sowohl hinsichtlich der \u00c4sthetik als auch der Spielbarkeit.<\/p>\n<p>Im renommierten britischen Grafikdesigner Jody Barton hat KROM jemanden gefunden, der die Leidenschaft f\u00fcr den Entstehungsprozess teilt. Jody leitet die Streetwear Marke Black Humours in Japan und arbeitet mit unz\u00e4hligen gro\u00dfen Namen zusammen, darunter der Phoenix-Rockband Greenpeace und dem Musikk\u00fcnstler Beck.<\/p>\n<p>&#8211; Neue Ken Form: KROM CK shape<br \/>\n&#8211; Super klebrige LOL Tama Beschichtung<br \/>\n&#8211; Robustes Ahornholz<br \/>\n&#8211; Base cup warp hole<br \/>\n&#8211; Superschnelles KROM Lager\/Spinner<br \/>\n&#8211; Custom Aufkleber<br \/>\n&#8211; Mini Poster &amp; extra Ersatzschnur<br \/>\n&#8211; Entworfen von Jody Barton &amp; the KROM gang<\/p>\n<p>Holzart: Ahornholz<br \/>\nH\u00f6he: 18cm<br \/>\nIm Set: Kendama, Fix Gear Set (Ersatzschnur, Perle), Aufkleber und Poster.<\/p>\n<p>ALTERSEMPFEHLUNG: Geeignet f\u00fcr Kinder ab 7 Jahren.<\/p>\n<p>GTIN: 5711898100332<\/p>","protected":false},"excerpt":{"rendered":"<p>KROM x Jody Barton Kendama Flowers KROM x Jody Barton Kendama Flowers ist aus Ahornholz mit einem erstaunlichen Design und einer klebrigen LOL Beschichtung, entstanden durch die Zusammenarbeit von KROM und JODY BARTON. Begeistert sowohl hinsichtlich der \u00c4sthetik als auch der Spielbarkeit. Im renommierten britischen Grafikdesigner Jody Barton hat KROM jemanden gefunden, der die Leidenschaft [&#8230;]\n","protected":false},"featured_media":21242,"comment_status":"open","ping_status":"closed","template":"","meta":{"jetpack_post_was_ever_published":false,"jetpack_publicize_message":"","jetpack_publicize_feature_enabled":true,"jetpack_social_post_already_shared":true,"jetpack_social_options":{"image_generator_settings":{"template":"highway","default_image_id":0,"font":"","enabled":false},"version":2}},"product_brand":[],"product_cat":[732,320],"product_tag":[5528,722],"class_list":{"0":"post-21241","1":"product","2":"type-product","3":"status-publish","4":"has-post-thumbnail","6":"product_cat-kendama","7":"product_cat-accessories","8":"product_tag-kinder","9":"product_tag-kendama","10":"product_shipping_class-paket-m","12":"first","13":"outofstock","14":"taxable","15":"shipping-taxable","16":"purchasable","17":"product-type-simple"},"composite_virtual":false,"composite_layout":"","composite_add_to_cart_form_location":"","composite_editable_in_cart":false,"composite_sold_individually_context":"","composite_shop_price_calc":"","composite_components":[],"composite_scenarios":[],"booking_location":null,"booking_location_type":null,"booking_duration":null,"booking_duration_unit":null,"booking_buffer":null,"booking_cost":null,"booking_resources":null,"jetpack_publicize_connections":[],"jetpack_sharing_enabled":true,"_links":{"self":[{"href":"https:\/\/www.studiolongboard.com\/es\/wp-json\/wp\/v2\/product\/21241","targetHints":{"allow":["GET"]}}],"collection":[{"href":"https:\/\/www.studiolongboard.com\/es\/wp-json\/wp\/v2\/product"}],"about":[{"href":"https:\/\/www.studiolongboard.com\/es\/wp-json\/wp\/v2\/types\/product"}],"replies":[{"embeddable":true,"href":"https:\/\/www.studiolongboard.com\/es\/wp-json\/wp\/v2\/comments?post=21241"}],"wp:featuredmedia":[{"embeddable":true,"href":"https:\/\/www.studiolongboard.com\/es\/wp-json\/wp\/v2\/media\/21242"}],"wp:attachment":[{"href":"https:\/\/www.studiolongboard.com\/es\/wp-json\/wp\/v2\/media?parent=21241"}],"wp:term":[{"taxonomy":"product_brand","embeddable":true,"href":"https:\/\/www.studiolongboard.com\/es\/wp-json\/wp\/v2\/product_brand?post=21241"},{"taxonomy":"product_cat","embeddable":true,"href":"https:\/\/www.studiolongboard.com\/es\/wp-json\/wp\/v2\/product_cat?post=21241"},{"taxonomy":"product_tag","embeddable":true,"href":"https:\/\/www.studiolongboard.com\/es\/wp-json\/wp\/v2\/product_tag?post=21241"}],"curies":[{"name":"wp","href":"https:\/\/api.w.org\/{rel}","templated":true}]}}