{"id":20971,"date":"2022-10-25T14:53:49","date_gmt":"2022-10-25T12:53:49","guid":{"rendered":"https:\/\/www.studiolongboard.com\/?post_type=product&#038;p=20971"},"modified":"2024-05-15T22:08:37","modified_gmt":"2024-05-15T20:08:37","slug":"cuei-sliders-70mm-78a-wheels","status":"publish","type":"product","link":"https:\/\/www.studiolongboard.com\/es\/shop\/longboards\/longboard-wheels\/cuei-sliders-70mm-78a-wheels\/","title":{"rendered":"Cuei Sliders 70mm 78A Wheels"},"content":{"rendered":"<h2>Cuei Sliders 70mm 78A Wheels<\/h2>\n<p>Cuei Sliders 70mm 78A Wheels wurden speziell f\u00fcr Freeride entwickelt, sind aber auch eine gro\u00dfartige Wahl f\u00fcr Freestyle, Cruisen und Tanzen. Sie funktionieren bei jeder Geschwindigkeit perfekt und erh\u00f6hen die Freiheit deiner Sessions. \u00a0Ein weiteres Special dieser Rollen ist die Position des Kerns: 100% offset. Das sorgt f\u00fcr noch mehr Kontrolle durch die Verlagerung des Gewichts auf die Aussenseite der Rolle. Mit Cuei Sliders Wheels kannst du jetzt noch l\u00e4ngere und kontrollierte Slides machen. Und das alles aus einer Urethanformel mit sehr hoher Haltbarkeit!!<\/p>\n<p>SPECIFICATIONS<\/p>\n<p>Diameter: 70mm<br \/>\nWidth: 40mm<br \/>\nContact Patch: 28mm<br \/>\nDurometer: 78a<br \/>\nLip Profile: Round<br \/>\nCore Placement: Offset<br \/>\nWheel Surface: Smooth<\/p>\n<p>Designed and tested by Thiago Gomes Lessa (2x World Champion)<\/p>\n<p>Made in Brazil<\/p>\n<p><a href=\"https:\/\/www.cueiwheels.com\">https:\/\/www.cueiwheels.com<\/a><\/p>\n<p><span class=\"embed-youtube\" style=\"text-align:center; display: block;\"><iframe loading=\"lazy\" class=\"youtube-player\" width=\"1020\" height=\"574\" src=\"https:\/\/www.youtube.com\/embed\/RVz2cu4bYYQ?version=3&#038;rel=1&#038;showsearch=0&#038;showinfo=1&#038;iv_load_policy=1&#038;fs=1&#038;hl=es-ES&#038;autohide=2&#038;wmode=transparent\" allowfullscreen=\"true\" style=\"border:0;\" sandbox=\"allow-scripts allow-same-origin allow-popups allow-presentation allow-popups-to-escape-sandbox\"><\/iframe><\/span><\/p>\n<p>&nbsp;<\/p>","protected":false},"excerpt":{"rendered":"<p>Cuei Sliders 70mm 78A Wheels Cuei Sliders 70mm 78A Wheels wurden speziell f\u00fcr Freeride entwickelt, sind aber auch eine gro\u00dfartige Wahl f\u00fcr Freestyle, Cruisen und Tanzen. Sie funktionieren bei jeder Geschwindigkeit perfekt und erh\u00f6hen die Freiheit deiner Sessions. \u00a0Ein weiteres Special dieser Rollen ist die Position des Kerns: 100% offset. Das sorgt f\u00fcr noch mehr [&#8230;]\n","protected":false},"featured_media":20973,"comment_status":"open","ping_status":"closed","template":"","meta":{"jetpack_post_was_ever_published":false,"jetpack_publicize_message":"","jetpack_publicize_feature_enabled":true,"jetpack_social_post_already_shared":true,"jetpack_social_options":{"image_generator_settings":{"template":"highway","default_image_id":0,"font":"","enabled":false},"version":2}},"product_brand":[],"product_cat":[311,317],"product_tag":[375,328,769],"class_list":{"0":"post-20971","1":"product","2":"type-product","3":"status-publish","4":"has-post-thumbnail","6":"product_cat-longboards","7":"product_cat-longboard-wheels","8":"product_tag-slide-rollen","9":"product_tag-freeride","10":"product_tag-slide-wheels","11":"product_shipping_class-paket-m","13":"first","14":"outofstock","15":"taxable","16":"shipping-taxable","17":"purchasable","18":"product-type-simple"},"composite_virtual":false,"composite_layout":"","composite_add_to_cart_form_location":"","composite_editable_in_cart":false,"composite_sold_individually_context":"","composite_shop_price_calc":"","composite_components":[],"composite_scenarios":[],"booking_location":null,"booking_location_type":null,"booking_duration":null,"booking_duration_unit":null,"booking_buffer":null,"booking_cost":null,"booking_resources":null,"jetpack_publicize_connections":[],"jetpack_sharing_enabled":true,"_links":{"self":[{"href":"https:\/\/www.studiolongboard.com\/es\/wp-json\/wp\/v2\/product\/20971","targetHints":{"allow":["GET"]}}],"collection":[{"href":"https:\/\/www.studiolongboard.com\/es\/wp-json\/wp\/v2\/product"}],"about":[{"href":"https:\/\/www.studiolongboard.com\/es\/wp-json\/wp\/v2\/types\/product"}],"replies":[{"embeddable":true,"href":"https:\/\/www.studiolongboard.com\/es\/wp-json\/wp\/v2\/comments?post=20971"}],"wp:featuredmedia":[{"embeddable":true,"href":"https:\/\/www.studiolongboard.com\/es\/wp-json\/wp\/v2\/media\/20973"}],"wp:attachment":[{"href":"https:\/\/www.studiolongboard.com\/es\/wp-json\/wp\/v2\/media?parent=20971"}],"wp:term":[{"taxonomy":"product_brand","embeddable":true,"href":"https:\/\/www.studiolongboard.com\/es\/wp-json\/wp\/v2\/product_brand?post=20971"},{"taxonomy":"product_cat","embeddable":true,"href":"https:\/\/www.studiolongboard.com\/es\/wp-json\/wp\/v2\/product_cat?post=20971"},{"taxonomy":"product_tag","embeddable":true,"href":"https:\/\/www.studiolongboard.com\/es\/wp-json\/wp\/v2\/product_tag?post=20971"}],"curies":[{"name":"wp","href":"https:\/\/api.w.org\/{rel}","templated":true}]}}