{"id":20607,"date":"2022-09-07T15:54:40","date_gmt":"2022-09-07T13:54:40","guid":{"rendered":"https:\/\/www.studiolongboard.com\/?post_type=product&#038;p=20607"},"modified":"2023-11-15T14:39:13","modified_gmt":"2023-11-15T13:39:13","slug":"slide-surfskateboard-fish-drifter-32","status":"publish","type":"product","link":"https:\/\/www.studiolongboard.com\/es\/shop\/surfskates\/surfskate-completes\/slide-surfskateboard-fish-drifter-32\/","title":{"rendered":"SLIDE Surfskateboard Fish Drifter 32&#8243;"},"content":{"rendered":"<h2>SLIDE Surfskateboard Fish Drifter 32&#8243;<\/h2>\n<p>SLIDE Surfskateboard Fish Drifter 32&#8243; ist wie der Name schon sagt ist das Fish an einen klassischen Surfboardshape angelehnt. Neben dem funktionellen Design gl\u00e4nzt es auch in der Optik.\u00a0Das Fish ist ein perfekter Allrounder. \u00a0Durch die gro\u00dfe Standfl\u00e4che sind die Slide Surfskateboards aus der Fishserie auch f\u00fcr Einsteiger oder gr\u00f6\u00dfere gut Surfskater geeignet.<\/p>\n<p>Deck: 81,2 x 25,4cm<br \/>\nMaterial: 7 Lagen kanadisches Ahorn<br \/>\nVorderachse: SLIDE 165 mm 2019<br \/>\nHinterachse: 165mm Aluminium poliert<br \/>\nR\u00e4der: Slide schwarz. 65mm x 51mm \/ 83A<br \/>\nLager: ABEC 7<\/p>\n<p>Slide Surfskate wurden von der spanischen Kultmarke Sancheski vor einigen Jahren mitentwickelt. Die neuen Slides der Saison 2016 snd Boards mit einer ultimative Performance und ihr k\u00f6nnt eure imagin\u00e4ren Wellen abreiten. Egal wo ihr seid!<\/p>","protected":false},"excerpt":{"rendered":"<p>SLIDE Surfskateboard Fish Drifter 32&#8243; SLIDE Surfskateboard Fish Drifter 32&#8243; ist wie der Name schon sagt ist das Fish an einen klassischen Surfboardshape angelehnt. Neben dem funktionellen Design gl\u00e4nzt es auch in der Optik.\u00a0Das Fish ist ein perfekter Allrounder. \u00a0Durch die gro\u00dfe Standfl\u00e4che sind die Slide Surfskateboards aus der Fishserie auch f\u00fcr Einsteiger oder gr\u00f6\u00dfere [&#8230;]\n","protected":false},"featured_media":20608,"comment_status":"open","ping_status":"closed","template":"","meta":{"jetpack_post_was_ever_published":false,"jetpack_publicize_message":"","jetpack_publicize_feature_enabled":true,"jetpack_social_post_already_shared":true,"jetpack_social_options":{"image_generator_settings":{"template":"highway","default_image_id":0,"font":"","enabled":false},"version":2}},"product_brand":[],"product_cat":[8983,531],"product_tag":[8477,718,720,331],"class_list":{"0":"post-20607","1":"product","2":"type-product","3":"status-publish","4":"has-post-thumbnail","6":"product_cat-surfskate-completes","7":"product_cat-surfskates","8":"product_tag-8477","9":"product_tag-surfskateboard","10":"product_tag-surf","11":"product_tag-surfskate","12":"product_shipping_class-paket","14":"first","15":"outofstock","16":"taxable","17":"shipping-taxable","18":"purchasable","19":"product-type-simple"},"composite_virtual":false,"composite_layout":"","composite_add_to_cart_form_location":"","composite_editable_in_cart":false,"composite_sold_individually_context":"","composite_shop_price_calc":"","composite_components":[],"composite_scenarios":[],"booking_location":null,"booking_location_type":null,"booking_duration":null,"booking_duration_unit":null,"booking_buffer":null,"booking_cost":null,"booking_resources":null,"jetpack_publicize_connections":[],"jetpack_sharing_enabled":true,"_links":{"self":[{"href":"https:\/\/www.studiolongboard.com\/es\/wp-json\/wp\/v2\/product\/20607","targetHints":{"allow":["GET"]}}],"collection":[{"href":"https:\/\/www.studiolongboard.com\/es\/wp-json\/wp\/v2\/product"}],"about":[{"href":"https:\/\/www.studiolongboard.com\/es\/wp-json\/wp\/v2\/types\/product"}],"replies":[{"embeddable":true,"href":"https:\/\/www.studiolongboard.com\/es\/wp-json\/wp\/v2\/comments?post=20607"}],"wp:featuredmedia":[{"embeddable":true,"href":"https:\/\/www.studiolongboard.com\/es\/wp-json\/wp\/v2\/media\/20608"}],"wp:attachment":[{"href":"https:\/\/www.studiolongboard.com\/es\/wp-json\/wp\/v2\/media?parent=20607"}],"wp:term":[{"taxonomy":"product_brand","embeddable":true,"href":"https:\/\/www.studiolongboard.com\/es\/wp-json\/wp\/v2\/product_brand?post=20607"},{"taxonomy":"product_cat","embeddable":true,"href":"https:\/\/www.studiolongboard.com\/es\/wp-json\/wp\/v2\/product_cat?post=20607"},{"taxonomy":"product_tag","embeddable":true,"href":"https:\/\/www.studiolongboard.com\/es\/wp-json\/wp\/v2\/product_tag?post=20607"}],"curies":[{"name":"wp","href":"https:\/\/api.w.org\/{rel}","templated":true}]}}