{"id":20460,"date":"2022-08-25T15:18:33","date_gmt":"2022-08-25T13:18:33","guid":{"rendered":"https:\/\/www.studiolongboard.com\/?post_type=product&#038;p=20460"},"modified":"2025-05-30T13:37:30","modified_gmt":"2025-05-30T11:37:30","slug":"orangatang-nipple-double-barrel-bushings","status":"publish","type":"product","link":"https:\/\/www.studiolongboard.com\/es\/shop\/accessories\/bushings-pivot-cups\/orangatang-nipple-double-barrel-bushings\/","title":{"rendered":"ORANGATANG Nipples Double Barrel Bushings"},"content":{"rendered":"<h2>ORANGATANG Nipples Double Barrel Bushings<\/h2>\n<p>ORANGATANG Nipples Double Barrel Bushings<\/p>\n<p>Die Nipples Bushings von Orangatang bieten eine hohe R\u00fcckstellkraft und sind bestens zum Carven geeignet.<\/p>\n<p>Durchmesser: 1&#8243;<br \/>\nH\u00f6hen: 0.56&#8243; (tops) und 0.66&#8243; (bottoms)<br \/>\nH\u00e4rten: Soft Orange 85a, Medium Purple 87a and Hard Yellow 89a<br \/>\nFormula: Randy Thane<\/p>\n<p>&nbsp;<\/p>","protected":false},"excerpt":{"rendered":"<p>ORANGATANG Nipples Double Barrel Bushings ORANGATANG Nipples Double Barrel Bushings Die Nipples Bushings von Orangatang bieten eine hohe R\u00fcckstellkraft und sind bestens zum Carven geeignet. Durchmesser: 1&#8243; H\u00f6hen: 0.56&#8243; (tops) und 0.66&#8243; (bottoms) H\u00e4rten: Soft Orange 85a, Medium Purple 87a and Hard Yellow 89a Formula: Randy Thane &nbsp;<\/p>","protected":false},"featured_media":20464,"comment_status":"closed","ping_status":"closed","template":"","meta":{"jetpack_post_was_ever_published":false,"jetpack_publicize_message":"","jetpack_publicize_feature_enabled":true,"jetpack_social_post_already_shared":true,"jetpack_social_options":{"image_generator_settings":{"template":"highway","default_image_id":0,"font":"","enabled":false},"version":2}},"product_brand":[],"product_cat":[320,3208],"product_tag":[],"class_list":{"0":"post-20460","1":"product","2":"type-product","3":"status-publish","4":"has-post-thumbnail","6":"product_cat-accessories","7":"product_cat-bushings-pivot-cups","8":"product_shipping_class-paket-m","10":"first","11":"instock","12":"taxable","13":"shipping-taxable","14":"purchasable","15":"product-type-variable"},"composite_virtual":false,"composite_layout":"","composite_add_to_cart_form_location":"","composite_editable_in_cart":false,"composite_sold_individually_context":"","composite_shop_price_calc":"","composite_components":[],"composite_scenarios":[],"booking_location":null,"booking_location_type":null,"booking_duration":null,"booking_duration_unit":null,"booking_buffer":null,"booking_cost":null,"booking_resources":null,"jetpack_publicize_connections":[],"jetpack_sharing_enabled":true,"_links":{"self":[{"href":"https:\/\/www.studiolongboard.com\/es\/wp-json\/wp\/v2\/product\/20460","targetHints":{"allow":["GET"]}}],"collection":[{"href":"https:\/\/www.studiolongboard.com\/es\/wp-json\/wp\/v2\/product"}],"about":[{"href":"https:\/\/www.studiolongboard.com\/es\/wp-json\/wp\/v2\/types\/product"}],"replies":[{"embeddable":true,"href":"https:\/\/www.studiolongboard.com\/es\/wp-json\/wp\/v2\/comments?post=20460"}],"wp:featuredmedia":[{"embeddable":true,"href":"https:\/\/www.studiolongboard.com\/es\/wp-json\/wp\/v2\/media\/20464"}],"wp:attachment":[{"href":"https:\/\/www.studiolongboard.com\/es\/wp-json\/wp\/v2\/media?parent=20460"}],"wp:term":[{"taxonomy":"product_brand","embeddable":true,"href":"https:\/\/www.studiolongboard.com\/es\/wp-json\/wp\/v2\/product_brand?post=20460"},{"taxonomy":"product_cat","embeddable":true,"href":"https:\/\/www.studiolongboard.com\/es\/wp-json\/wp\/v2\/product_cat?post=20460"},{"taxonomy":"product_tag","embeddable":true,"href":"https:\/\/www.studiolongboard.com\/es\/wp-json\/wp\/v2\/product_tag?post=20460"}],"curies":[{"name":"wp","href":"https:\/\/api.w.org\/{rel}","templated":true}]}}