{"id":20449,"date":"2022-08-25T13:56:37","date_gmt":"2022-08-25T11:56:37","guid":{"rendered":"https:\/\/www.studiolongboard.com\/?post_type=product&#038;p=20449"},"modified":"2025-09-28T22:27:05","modified_gmt":"2025-09-28T20:27:05","slug":"remember-peewee-wheels-62mm-translucent-80a","status":"publish","type":"product","link":"https:\/\/www.studiolongboard.com\/es\/shop\/skateboards\/skateboard-wheels\/remember-peewee-wheels-62mm-translucent-80a\/","title":{"rendered":"REMEMBER Peewee Wheels 62mm Translucent 80a"},"content":{"rendered":"<h3>REMEMBER Peewee Wheels 62mm Translucent 80a<\/h3>\n<p>REMEMBER Peewee Wheels 62mm Translucent 80a sind Allround Longboard\/Skateboard Wheels. Ideal zum Sliden f\u00fcr Longboard Dance &#038; Freestyle oder als Cruiser Wheels f\u00fcr Skateboards.<\/p>\n<p>Durchmesser: 62mm<br \/>\nBreite: 37mm<br \/>\nKontaktfl\u00e4che: 23mm<br \/>\nH\u00e4rte: 80a<br \/>\nKernsitz: Centerset<br \/>\nOberfl\u00e4che: Angerauht<\/p>","protected":false},"excerpt":{"rendered":"<p>REMEMBER Peewee Wheels 62mm Translucent 80a REMEMBER Peewee Wheels 62mm Translucent 80a sind Allround Longboard\/Skateboard Wheels. Ideal zum Sliden f\u00fcr Longboard Dance &#038; Freestyle oder als Cruiser Wheels f\u00fcr Skateboards. Durchmesser: 62mm Breite: 37mm Kontaktfl\u00e4che: 23mm H\u00e4rte: 80a Kernsitz: Centerset Oberfl\u00e4che: Angerauht<\/p>","protected":false},"featured_media":20450,"comment_status":"open","ping_status":"closed","template":"","meta":{"jetpack_post_was_ever_published":false,"jetpack_publicize_message":"","jetpack_publicize_feature_enabled":true,"jetpack_social_post_already_shared":true,"jetpack_social_options":{"image_generator_settings":{"template":"highway","default_image_id":0,"font":"","enabled":false},"version":2}},"product_brand":[],"product_cat":[311,316,317],"product_tag":[375,328,6546],"class_list":{"0":"post-20449","1":"product","2":"type-product","3":"status-publish","4":"has-post-thumbnail","6":"product_cat-longboards","7":"product_cat-skateboard-wheels","8":"product_cat-longboard-wheels","9":"product_tag-slide-rollen","10":"product_tag-freeride","11":"product_tag-freestyle-wheels","12":"product_shipping_class-paket-m","14":"first","15":"outofstock","16":"taxable","17":"shipping-taxable","18":"purchasable","19":"product-type-simple"},"composite_virtual":false,"composite_layout":"","composite_add_to_cart_form_location":"","composite_editable_in_cart":false,"composite_sold_individually_context":"","composite_shop_price_calc":"","composite_components":[],"composite_scenarios":[],"booking_location":null,"booking_location_type":null,"booking_duration":null,"booking_duration_unit":null,"booking_buffer":null,"booking_cost":null,"booking_resources":null,"jetpack_publicize_connections":[],"jetpack_sharing_enabled":true,"_links":{"self":[{"href":"https:\/\/www.studiolongboard.com\/es\/wp-json\/wp\/v2\/product\/20449","targetHints":{"allow":["GET"]}}],"collection":[{"href":"https:\/\/www.studiolongboard.com\/es\/wp-json\/wp\/v2\/product"}],"about":[{"href":"https:\/\/www.studiolongboard.com\/es\/wp-json\/wp\/v2\/types\/product"}],"replies":[{"embeddable":true,"href":"https:\/\/www.studiolongboard.com\/es\/wp-json\/wp\/v2\/comments?post=20449"}],"wp:featuredmedia":[{"embeddable":true,"href":"https:\/\/www.studiolongboard.com\/es\/wp-json\/wp\/v2\/media\/20450"}],"wp:attachment":[{"href":"https:\/\/www.studiolongboard.com\/es\/wp-json\/wp\/v2\/media?parent=20449"}],"wp:term":[{"taxonomy":"product_brand","embeddable":true,"href":"https:\/\/www.studiolongboard.com\/es\/wp-json\/wp\/v2\/product_brand?post=20449"},{"taxonomy":"product_cat","embeddable":true,"href":"https:\/\/www.studiolongboard.com\/es\/wp-json\/wp\/v2\/product_cat?post=20449"},{"taxonomy":"product_tag","embeddable":true,"href":"https:\/\/www.studiolongboard.com\/es\/wp-json\/wp\/v2\/product_tag?post=20449"}],"curies":[{"name":"wp","href":"https:\/\/api.w.org\/{rel}","templated":true}]}}