{"id":20048,"date":"2022-07-11T14:50:38","date_gmt":"2022-07-11T12:50:38","guid":{"rendered":"https:\/\/www.studiolongboard.com\/?post_type=product&#038;p=20048"},"modified":"2023-11-06T17:24:37","modified_gmt":"2023-11-06T16:24:37","slug":"happy-420-beanie-sunshine","status":"publish","type":"product","link":"https:\/\/www.studiolongboard.com\/es\/shop\/streetwear\/beanies\/happy-420-beanie-sunshine\/","title":{"rendered":"HAPPY 420 Beanie sunshine"},"content":{"rendered":"<h2>HAPPY 420 Beanie sunshine<\/h2>\n<p>HAPPY 420 Beanie sunshine ist ein wintertaugliches Beanie aus der neuen 420 Kollektion. Aufgrund der hochwertigen Verarbeitung sorgt dieses Item f\u00fcr ein angenehmes Tragegef\u00fchl und l\u00e4sst sich wunderbar zu jedem Outfit kombinieren.<\/p>\n<p>Hergestellt aus 100% recycletem Material, nachhaltig produziert mit kleinem Logo-Detail. Perfekt f\u00fcr l\u00e4ssige Streetwear-Looks und den Alltag.<\/p>\n<p>Tag mit Happy420 Logo<br \/>\nFarbe: sunshine<br \/>\n100% Recycled Acryl<br \/>\nEinheitsgr\u00f6\u00dfe<\/p>\n<p>Nachhaltigkeit zertifiziert durch GOTS, GRS, BSCI &#038; Fair Wear<\/p>\n<p><strong>Nachhaltigkeit<\/strong><\/p>\n<p>In Deutschland entworfen, ethisch und fair in der T\u00fcrkei hergestellt. Alle Pieces sind vorgewaschen, so wirken wir dem Schrumpf entgegen und das Textil ist l\u00e4nger haltbar.<\/p>\n<p>Alle Produkte sind zertifiziert durch GOTS, GRS und BSCI. Unsere Jersey Produkte sind zus\u00e4tzlich durch Fair Wear zertifiziert.<\/p>\n<p><strong>Pflegehinweise<\/strong><\/p>\n<p>Alle Pieces am besten in die Kaltw\u00e4sche und zum Trocknen aufh\u00e4ngen, so sind sie besonders langlebig.<\/p>","protected":false},"excerpt":{"rendered":"<p>HAPPY 420 Beanie sunshine HAPPY 420 Beanie sunshine ist ein wintertaugliches Beanie aus der neuen 420 Kollektion. Aufgrund der hochwertigen Verarbeitung sorgt dieses Item f\u00fcr ein angenehmes Tragegef\u00fchl und l\u00e4sst sich wunderbar zu jedem Outfit kombinieren. Hergestellt aus 100% recycletem Material, nachhaltig produziert mit kleinem Logo-Detail. Perfekt f\u00fcr l\u00e4ssige Streetwear-Looks und den Alltag. Tag mit [&#8230;]\n","protected":false},"featured_media":20049,"comment_status":"open","ping_status":"closed","template":"","meta":{"jetpack_post_was_ever_published":false,"jetpack_publicize_message":"","jetpack_publicize_feature_enabled":true,"jetpack_social_post_already_shared":true,"jetpack_social_options":{"image_generator_settings":{"template":"highway","default_image_id":0,"font":"","enabled":false},"version":2}},"product_brand":[],"product_cat":[320,533,8876],"product_tag":[],"class_list":{"0":"post-20048","1":"product","2":"type-product","3":"status-publish","4":"has-post-thumbnail","6":"product_cat-accessories","7":"product_cat-streetwear","8":"product_cat-beanies","9":"product_shipping_class-paket-m","11":"first","12":"instock","13":"taxable","14":"shipping-taxable","15":"purchasable","16":"product-type-simple"},"composite_virtual":false,"composite_layout":"","composite_add_to_cart_form_location":"","composite_editable_in_cart":false,"composite_sold_individually_context":"","composite_shop_price_calc":"","composite_components":[],"composite_scenarios":[],"booking_location":null,"booking_location_type":null,"booking_duration":null,"booking_duration_unit":null,"booking_buffer":null,"booking_cost":null,"booking_resources":null,"jetpack_publicize_connections":[],"jetpack_sharing_enabled":true,"_links":{"self":[{"href":"https:\/\/www.studiolongboard.com\/es\/wp-json\/wp\/v2\/product\/20048","targetHints":{"allow":["GET"]}}],"collection":[{"href":"https:\/\/www.studiolongboard.com\/es\/wp-json\/wp\/v2\/product"}],"about":[{"href":"https:\/\/www.studiolongboard.com\/es\/wp-json\/wp\/v2\/types\/product"}],"replies":[{"embeddable":true,"href":"https:\/\/www.studiolongboard.com\/es\/wp-json\/wp\/v2\/comments?post=20048"}],"wp:featuredmedia":[{"embeddable":true,"href":"https:\/\/www.studiolongboard.com\/es\/wp-json\/wp\/v2\/media\/20049"}],"wp:attachment":[{"href":"https:\/\/www.studiolongboard.com\/es\/wp-json\/wp\/v2\/media?parent=20048"}],"wp:term":[{"taxonomy":"product_brand","embeddable":true,"href":"https:\/\/www.studiolongboard.com\/es\/wp-json\/wp\/v2\/product_brand?post=20048"},{"taxonomy":"product_cat","embeddable":true,"href":"https:\/\/www.studiolongboard.com\/es\/wp-json\/wp\/v2\/product_cat?post=20048"},{"taxonomy":"product_tag","embeddable":true,"href":"https:\/\/www.studiolongboard.com\/es\/wp-json\/wp\/v2\/product_tag?post=20048"}],"curies":[{"name":"wp","href":"https:\/\/api.w.org\/{rel}","templated":true}]}}