{"id":19871,"date":"2022-06-15T14:27:32","date_gmt":"2022-06-15T12:27:32","guid":{"rendered":"https:\/\/www.studiolongboard.com\/?post_type=product&#038;p=19871"},"modified":"2026-01-13T18:33:39","modified_gmt":"2026-01-13T17:33:39","slug":"switch-muskrat-longboard-complete-configurator","status":"publish","type":"product","link":"https:\/\/www.studiolongboard.com\/es\/shop\/longboards\/komplett-longboards\/dance-und-freestyle\/switch-muskrat-longboard-complete-configurator\/","title":{"rendered":"SWITCH Muskrat Longboard complete configurator"},"content":{"rendered":"<h2>SWITCH Muskrat Longboard complete<\/h2>\n<p>SWITCH Muskrat Longboard complete ist neu im Sortiment und ist f\u00fcr alle dies sowohl im Freestyle- als auch im Freeride-Longboarding zu Hause sind. Durch die breitere Plattform ist es auch f\u00fcr Anf\u00e4nger gut geeignet da es die richtige Portion an Stabilit\u00e4t mitbringt.<\/p>\n<p>Choose your own setup by using our product configurator.<\/p>\n<p>ESPECIFICACIONES DE LA CUBIERTA:<\/p>\n<p>Made for: Freestyle \/ Freeride<br \/>\nLength: 39.4\u2033 \/ 100 cm<br \/>\nWidth: 9.45\u2033 \/ 24 cm<br \/>\nWheelbase: 22.6\u2033 \u2013 24.6\u2033<br \/>\nWeight: 1.7 kg<br \/>\nConstrucci\u00f3n: n\u00facleo ligero de fresno+poplar, fibra de vidrio triaxial, paredes laterales de PU<br \/>\nC\u00f3ncavo: medio<br \/>\nProfile: Rocker<br \/>\nFlex: Moderately stiff<\/p>\n<p>Dise\u00f1o gr\u00e1fico de Welldonegan<br \/>\nFABRICADO EN POLONIA<\/p>\n<p>Seleccione CONFIGURACI\u00d3N entre los componentes propuestos<\/p>","protected":false},"excerpt":{"rendered":"<p>SWITCH Muskrat Longboard complete SWITCH Muskrat Longboard complete ist neu im Sortiment und ist f\u00fcr alle dies sowohl im Freestyle- als auch im Freeride-Longboarding zu Hause sind. Durch die breitere Plattform ist es auch f\u00fcr Anf\u00e4nger gut geeignet da es die richtige Portion an Stabilit\u00e4t mitbringt. Choose your own setup by using our product configurator. [&#8230;]\n","protected":false},"featured_media":19866,"comment_status":"closed","ping_status":"closed","template":"","meta":{"jetpack_post_was_ever_published":false,"jetpack_publicize_message":"","jetpack_publicize_feature_enabled":true,"jetpack_social_post_already_shared":true,"jetpack_social_options":{"image_generator_settings":{"template":"highway","default_image_id":0,"font":"","enabled":false},"version":2}},"product_brand":[],"product_cat":[310,8627,311],"product_tag":[8768,328],"class_list":{"0":"post-19871","1":"product","2":"type-product","3":"status-publish","4":"has-post-thumbnail","6":"product_cat-komplett-longboards","7":"product_cat-dance-und-freestyle","8":"product_cat-longboards","9":"product_tag-39-4","10":"product_tag-freeride","11":"product_shipping_class-paket","13":"first","14":"outofstock","15":"sale","16":"taxable","17":"shipping-taxable","18":"purchasable","19":"product-type-composite"},"composite_virtual":false,"composite_layout":"single","composite_add_to_cart_form_location":"default","composite_editable_in_cart":false,"composite_sold_individually_context":"product","composite_shop_price_calc":"defaults","composite_components":[{"id":"1639147046","title":"Camiones \/ Ejes","description":"","query_type":"product_ids","query_ids":[7267,7269,7300,9989,12385,12388,2112,2127,6113,6778,11887,9957,19790,19796],"default_option_id":7300,"thumbnail_id":12763,"thumbnail_src":"https:\/\/www.studiolongboard.com\/wp-content\/uploads\/2020\/09\/paris-v3-150mm-50-truck-3.jpg","quantity_min":2,"quantity_max":2,"priced_individually":true,"shipped_individually":false,"optional":false,"discount":5,"options_style":"dropdowns","pagination_style":"classic","display_prices":"absolute","show_sorting_options":false,"show_filtering_options":false,"attribute_filter_ids":[],"select_action":"view","product_title_visible":true,"product_descr_visible":true,"product_price_visible":true,"product_thumb_visible":true,"subtotal_visible_product":true,"subtotal_visible_cart":true,"subtotal_visible_orders":true},{"id":"1639147047","title":"Ruedas","description":"","query_type":"product_ids","query_ids":[4789,10045,20008,7036,13304,16054,16056,16058,5707,5709,5711,5720,5722,5723,14394,12917,7700,17972,19349,19353,19358,4500,4825,5774,14668,14670,21064],"default_option_id":19349,"thumbnail_id":19350,"thumbnail_src":"https:\/\/www.studiolongboard.com\/wp-content\/uploads\/2022\/04\/65mm-teal-kat-front-scaled-1-e1650991171908.jpg","quantity_min":1,"quantity_max":1,"priced_individually":true,"shipped_individually":false,"optional":false,"discount":5,"options_style":"dropdowns","pagination_style":"classic","display_prices":"absolute","show_sorting_options":false,"show_filtering_options":false,"attribute_filter_ids":[],"select_action":"view","product_title_visible":true,"product_descr_visible":true,"product_price_visible":true,"product_thumb_visible":true,"subtotal_visible_product":true,"subtotal_visible_cart":true,"subtotal_visible_orders":true},{"id":"1639147048","title":"Rodamientos \/ Rodamientos de bolas","description":"","query_type":"product_ids","query_ids":[15162,6792,6044,8047,11957],"default_option_id":8047,"thumbnail_id":8051,"thumbnail_src":"https:\/\/www.studiolongboard.com\/wp-content\/uploads\/2019\/11\/Modus_Black.jpg","quantity_min":1,"quantity_max":1,"priced_individually":true,"shipped_individually":false,"optional":false,"discount":5,"options_style":"dropdowns","pagination_style":"classic","display_prices":"absolute","show_sorting_options":false,"show_filtering_options":false,"attribute_filter_ids":[],"select_action":"view","product_title_visible":true,"product_descr_visible":true,"product_price_visible":true,"product_thumb_visible":true,"subtotal_visible_product":true,"subtotal_visible_cart":true,"subtotal_visible_orders":true}],"composite_scenarios":[],"booking_location":null,"booking_location_type":null,"booking_duration":null,"booking_duration_unit":null,"booking_buffer":null,"booking_cost":null,"booking_resources":null,"jetpack_publicize_connections":[],"jetpack_sharing_enabled":true,"_links":{"self":[{"href":"https:\/\/www.studiolongboard.com\/es\/wp-json\/wp\/v2\/product\/19871","targetHints":{"allow":["GET"]}}],"collection":[{"href":"https:\/\/www.studiolongboard.com\/es\/wp-json\/wp\/v2\/product"}],"about":[{"href":"https:\/\/www.studiolongboard.com\/es\/wp-json\/wp\/v2\/types\/product"}],"replies":[{"embeddable":true,"href":"https:\/\/www.studiolongboard.com\/es\/wp-json\/wp\/v2\/comments?post=19871"}],"wp:featuredmedia":[{"embeddable":true,"href":"https:\/\/www.studiolongboard.com\/es\/wp-json\/wp\/v2\/media\/19866"}],"wp:attachment":[{"href":"https:\/\/www.studiolongboard.com\/es\/wp-json\/wp\/v2\/media?parent=19871"}],"wp:term":[{"taxonomy":"product_brand","embeddable":true,"href":"https:\/\/www.studiolongboard.com\/es\/wp-json\/wp\/v2\/product_brand?post=19871"},{"taxonomy":"product_cat","embeddable":true,"href":"https:\/\/www.studiolongboard.com\/es\/wp-json\/wp\/v2\/product_cat?post=19871"},{"taxonomy":"product_tag","embeddable":true,"href":"https:\/\/www.studiolongboard.com\/es\/wp-json\/wp\/v2\/product_tag?post=19871"}],"curies":[{"name":"wp","href":"https:\/\/api.w.org\/{rel}","templated":true}]}}