{"id":19861,"date":"2022-06-15T14:07:34","date_gmt":"2022-06-15T12:07:34","guid":{"rendered":"https:\/\/www.studiolongboard.com\/?post_type=product&#038;p=19861"},"modified":"2026-01-13T18:35:39","modified_gmt":"2026-01-13T17:35:39","slug":"switch-muskrat-longboard-deck-39-4","status":"publish","type":"product","link":"https:\/\/www.studiolongboard.com\/es\/shop\/longboards\/longboard-decks\/dance-freestyle-decks\/switch-muskrat-longboard-deck-39-4\/","title":{"rendered":"SWITCH Muskrat Longboard Deck 39.4\u2033 (tablero largo)"},"content":{"rendered":"<h2>SWITCH Muskrat Longboard Deck 39.4\u2033 (tablero largo)<\/h2>\n<p>SWITCH Muskrat Longboard Deck 39.4&#8243; ist neu im Sortiment und ist f\u00fcr alle dies sowohl im Freestyle- als auch im Freeride-Longboarding zu Hause sind. Durch die breitere Plattform ist es auch f\u00fcr Anf\u00e4nger gut geeignet da es die richtige Portion an Stabilit\u00e4t mitbringt.<\/p>\n<p>DECK ONLY!!!<\/p>\n<p>ESPECIFICACIONES DE LA CUBIERTA:<\/p>\n<p>Made for: Freestyle \/ Freeride<br \/>\nLength: 39.4\u2033 \/ 100 cm<br \/>\nWidth: 9.45\u2033 \/ 24 cm<br \/>\nWheelbase: 22.6\u2033 \u2013 24.6\u2033<br \/>\nWeight: 1.7 kg<br \/>\nConstrucci\u00f3n: n\u00facleo ligero de fresno+poplar, fibra de vidrio triaxial, paredes laterales de PU<br \/>\nC\u00f3ncavo: medio<br \/>\nProfile: Rocker<br \/>\nFlex: Moderately stiff<\/p>\n<p>Dise\u00f1o gr\u00e1fico de Welldonegan<br \/>\nFABRICADO EN POLONIA<\/p>\n<p>DESTACADOS:<\/p>\n<p>- Laterales de PU 360<br \/>\n- Totalmente impermeable<br \/>\n- Barandillas<br \/>\n- Forma sim\u00e9trica<br \/>\n- Colas de amapola<br \/>\n- Bocas de rueda profundas<br \/>\n- Tres opciones de distancia entre ejes<br \/>\n- Patr\u00f3n gr\u00e1fico 3D<br \/>\n- Capa antiara\u00f1azos<br \/>\n\u2013 Laser cut griptape<\/p>","protected":false},"excerpt":{"rendered":"<p>DECK ONLY!!!<\/p>","protected":false},"featured_media":19864,"comment_status":"open","ping_status":"closed","template":"","meta":{"jetpack_post_was_ever_published":false,"jetpack_publicize_message":"","jetpack_publicize_feature_enabled":true,"jetpack_social_post_already_shared":true,"jetpack_social_options":{"image_generator_settings":{"template":"highway","default_image_id":0,"font":"","enabled":false},"version":2}},"product_brand":[],"product_cat":[8789,311,313],"product_tag":[652,8768],"class_list":{"0":"post-19861","1":"product","2":"type-product","3":"status-publish","4":"has-post-thumbnail","6":"product_cat-dance-freestyle-decks","7":"product_cat-longboards","8":"product_cat-longboard-decks","9":"product_tag-sidewalls","10":"product_tag-39-4","11":"product_shipping_class-paket","13":"first","14":"onbackorder","15":"taxable","16":"shipping-taxable","17":"purchasable","18":"product-type-simple"},"composite_virtual":false,"composite_layout":"","composite_add_to_cart_form_location":"","composite_editable_in_cart":false,"composite_sold_individually_context":"","composite_shop_price_calc":"","composite_components":[],"composite_scenarios":[],"booking_location":null,"booking_location_type":null,"booking_duration":null,"booking_duration_unit":null,"booking_buffer":null,"booking_cost":null,"booking_resources":null,"jetpack_publicize_connections":[],"jetpack_sharing_enabled":true,"_links":{"self":[{"href":"https:\/\/www.studiolongboard.com\/es\/wp-json\/wp\/v2\/product\/19861","targetHints":{"allow":["GET"]}}],"collection":[{"href":"https:\/\/www.studiolongboard.com\/es\/wp-json\/wp\/v2\/product"}],"about":[{"href":"https:\/\/www.studiolongboard.com\/es\/wp-json\/wp\/v2\/types\/product"}],"replies":[{"embeddable":true,"href":"https:\/\/www.studiolongboard.com\/es\/wp-json\/wp\/v2\/comments?post=19861"}],"wp:featuredmedia":[{"embeddable":true,"href":"https:\/\/www.studiolongboard.com\/es\/wp-json\/wp\/v2\/media\/19864"}],"wp:attachment":[{"href":"https:\/\/www.studiolongboard.com\/es\/wp-json\/wp\/v2\/media?parent=19861"}],"wp:term":[{"taxonomy":"product_brand","embeddable":true,"href":"https:\/\/www.studiolongboard.com\/es\/wp-json\/wp\/v2\/product_brand?post=19861"},{"taxonomy":"product_cat","embeddable":true,"href":"https:\/\/www.studiolongboard.com\/es\/wp-json\/wp\/v2\/product_cat?post=19861"},{"taxonomy":"product_tag","embeddable":true,"href":"https:\/\/www.studiolongboard.com\/es\/wp-json\/wp\/v2\/product_tag?post=19861"}],"curies":[{"name":"wp","href":"https:\/\/api.w.org\/{rel}","templated":true}]}}