{"id":19733,"date":"2022-05-30T16:53:20","date_gmt":"2022-05-30T14:53:20","guid":{"rendered":"https:\/\/www.studiolongboard.com\/?post_type=product&#038;p=19733"},"modified":"2023-09-29T23:23:32","modified_gmt":"2023-09-29T21:23:32","slug":"powell-peralta-andy-anderson-heron-skull-skateboard-deck","status":"publish","type":"product","link":"https:\/\/www.studiolongboard.com\/es\/shop\/skateboards\/skateboard-decks\/powell-peralta-andy-anderson-heron-skull-skateboard-deck\/","title":{"rendered":"POWELL-PERALTA Andy Anderson Heron Skull 8.45 Cubierta de monopat\u00edn"},"content":{"rendered":"<h2>POWELL-PERALTA Andy Anderson Heron Skull Tablero de monopat\u00edn<\/h2>\n<p>POWELL-PERALTA Andy Anderson Heron Skull Tablero de monopat\u00edn<\/p>\n<p>INFORMACI\u00d3N SOBRE EL PRODUCTO<\/p>\n<p>C\u00f3ncavo: Medio<br \/>\nConstrucci\u00f3n: Arce de 7 capas<br \/>\nForma: Andy Anderson - Especial<br \/>\ncolor: purple<\/p>\n<p>Deck Shape\t289<br \/>\nDeck Concave\tK20<br \/>\nDeck Wheelbase\t14.25&#8243;<br \/>\nDeck Length\t31.8&#8243;<br \/>\nDeck Width\t8.45&#8243;<br \/>\nDeck Nose\t6.68&#8243;<br \/>\nDeck Tail\t6.68&#8243;<\/p>\n<p>Esta cubierta es tan universal y vers\u00e1til como cabr\u00eda esperar de Andy Anderson. Ya sea street, park, vert o freestyle cl\u00e1sico, con esta cubierta puedes manejar cualquier terreno. La construcci\u00f3n Flight tambi\u00e9n hace que sea extremadamente resistente y duradera. El t\u00edpico desgaste r\u00e1pido en la cola y la nariz, como lo conocemos de la construcci\u00f3n habitual de arce 7ply, no ocurre con esta tabla.<\/p>","protected":false},"excerpt":{"rendered":"<p>POWELL-PERALTA Andy Anderson Heron Skull Skateboard deck POWELL-PERALTA Andy Anderson Heron Skull Skateboard deck PRODUKTINFOS Concave: Medium Konstruktion: 7-Ply Maple Shape: Andy Anderson &#8211; Special color: purple Deck Shape 289 Deck Concave K20 Deck Wheelbase 14.25&#8243; Deck Length 31.8&#8243; Deck Width 8.45&#8243; Deck Nose 6.68&#8243; Deck Tail 6.68&#8243; Dieses Deck ist so universell und vielseitig [&#8230;]\n","protected":false},"featured_media":19735,"comment_status":"closed","ping_status":"closed","template":"","meta":{"jetpack_post_was_ever_published":false,"jetpack_publicize_message":"","jetpack_publicize_feature_enabled":true,"jetpack_social_post_already_shared":true,"jetpack_social_options":{"image_generator_settings":{"template":"highway","default_image_id":0,"font":"","enabled":false},"version":2}},"product_brand":[],"product_cat":[312,314],"product_tag":[8647],"class_list":{"0":"post-19733","1":"product","2":"type-product","3":"status-publish","4":"has-post-thumbnail","6":"product_cat-skateboards","7":"product_cat-skateboard-decks","8":"product_tag-andy-anderson","9":"product_shipping_class-paket-m","11":"first","12":"outofstock","13":"taxable","14":"shipping-taxable","15":"purchasable","16":"product-type-simple"},"composite_virtual":false,"composite_layout":"","composite_add_to_cart_form_location":"","composite_editable_in_cart":false,"composite_sold_individually_context":"","composite_shop_price_calc":"","composite_components":[],"composite_scenarios":[],"booking_location":null,"booking_location_type":null,"booking_duration":null,"booking_duration_unit":null,"booking_buffer":null,"booking_cost":null,"booking_resources":null,"jetpack_publicize_connections":[],"jetpack_sharing_enabled":true,"_links":{"self":[{"href":"https:\/\/www.studiolongboard.com\/es\/wp-json\/wp\/v2\/product\/19733","targetHints":{"allow":["GET"]}}],"collection":[{"href":"https:\/\/www.studiolongboard.com\/es\/wp-json\/wp\/v2\/product"}],"about":[{"href":"https:\/\/www.studiolongboard.com\/es\/wp-json\/wp\/v2\/types\/product"}],"replies":[{"embeddable":true,"href":"https:\/\/www.studiolongboard.com\/es\/wp-json\/wp\/v2\/comments?post=19733"}],"wp:featuredmedia":[{"embeddable":true,"href":"https:\/\/www.studiolongboard.com\/es\/wp-json\/wp\/v2\/media\/19735"}],"wp:attachment":[{"href":"https:\/\/www.studiolongboard.com\/es\/wp-json\/wp\/v2\/media?parent=19733"}],"wp:term":[{"taxonomy":"product_brand","embeddable":true,"href":"https:\/\/www.studiolongboard.com\/es\/wp-json\/wp\/v2\/product_brand?post=19733"},{"taxonomy":"product_cat","embeddable":true,"href":"https:\/\/www.studiolongboard.com\/es\/wp-json\/wp\/v2\/product_cat?post=19733"},{"taxonomy":"product_tag","embeddable":true,"href":"https:\/\/www.studiolongboard.com\/es\/wp-json\/wp\/v2\/product_tag?post=19733"}],"curies":[{"name":"wp","href":"https:\/\/api.w.org\/{rel}","templated":true}]}}