{"id":19309,"date":"2022-04-22T16:17:41","date_gmt":"2022-04-22T14:17:41","guid":{"rendered":"https:\/\/www.studiolongboard.com\/?post_type=product&#038;p=19309"},"modified":"2024-11-09T13:36:57","modified_gmt":"2024-11-09T12:36:57","slug":"helmets-tsg-ivy-women-solid-color","status":"publish","type":"product","link":"https:\/\/www.studiolongboard.com\/es\/shop\/protection\/helme\/helmets-tsg-ivy-women-solid-color\/","title":{"rendered":"Helmets TSG Ivy Women Solid Color"},"content":{"rendered":"<h2>Helmets TSG Ivy Women Solid Color<\/h2>\n<p>&#8222;Through city streets and bike parks the super-light, low-profile Ivy delivers maximum head protection and comfort for active women. Designed to ride like a second skull, it has a sleek profile, a featherweight In-mold construction, 14-hole venting and our customizable Tuned Fit System for ultimate comfort and hold.&#8220;<\/p>\n<p>Terrain: Bike, Longboard, Skateboard<\/p>\n<p>Features<\/p>\n<p>Protection:<br \/>\nIn-Mold Bauweise, Standards: EN 1078, CE, CPSC<\/p>\n<p>Fit:<br \/>\nTuned Fit System mit Polster, Tiefe Low Fit Passform, Optimaler Snug Fit Sitz und Tragekomfort<\/p>\n<p>Comfort:<br \/>\n12 Luftl\u00f6cher mit Air Flow Luftkan\u00e4len, Basic Padding in 2 Gr\u00f6ssen<br \/>\nGewicht: 250g<\/p>","protected":false},"excerpt":{"rendered":"<p>Helmets TSG Ivy Women Solid Color &#8222;Through city streets and bike parks the super-light, low-profile Ivy delivers maximum head protection and comfort for active women. Designed to ride like a second skull, it has a sleek profile, a featherweight In-mold construction, 14-hole venting and our customizable Tuned Fit System for ultimate comfort and hold.&#8220; Terrain: [&#8230;]\n","protected":false},"featured_media":19319,"comment_status":"open","ping_status":"closed","template":"","meta":{"jetpack_post_was_ever_published":false,"jetpack_publicize_message":"","jetpack_publicize_feature_enabled":true,"jetpack_social_post_already_shared":true,"jetpack_social_options":{"image_generator_settings":{"template":"highway","default_image_id":0,"font":"","enabled":false},"version":2}},"product_brand":[],"product_cat":[529,505],"product_tag":[],"class_list":{"0":"post-19309","1":"product","2":"type-product","3":"status-publish","4":"has-post-thumbnail","6":"product_cat-helme","7":"product_cat-protection","8":"product_shipping_class-paket-m","10":"first","11":"outofstock","12":"taxable","13":"shipping-taxable","14":"product-type-variable","15":"has-default-attributes"},"composite_virtual":false,"composite_layout":"","composite_add_to_cart_form_location":"","composite_editable_in_cart":false,"composite_sold_individually_context":"","composite_shop_price_calc":"","composite_components":[],"composite_scenarios":[],"booking_location":null,"booking_location_type":null,"booking_duration":null,"booking_duration_unit":null,"booking_buffer":null,"booking_cost":null,"booking_resources":null,"jetpack_publicize_connections":[],"jetpack_sharing_enabled":true,"_links":{"self":[{"href":"https:\/\/www.studiolongboard.com\/es\/wp-json\/wp\/v2\/product\/19309","targetHints":{"allow":["GET"]}}],"collection":[{"href":"https:\/\/www.studiolongboard.com\/es\/wp-json\/wp\/v2\/product"}],"about":[{"href":"https:\/\/www.studiolongboard.com\/es\/wp-json\/wp\/v2\/types\/product"}],"replies":[{"embeddable":true,"href":"https:\/\/www.studiolongboard.com\/es\/wp-json\/wp\/v2\/comments?post=19309"}],"wp:featuredmedia":[{"embeddable":true,"href":"https:\/\/www.studiolongboard.com\/es\/wp-json\/wp\/v2\/media\/19319"}],"wp:attachment":[{"href":"https:\/\/www.studiolongboard.com\/es\/wp-json\/wp\/v2\/media?parent=19309"}],"wp:term":[{"taxonomy":"product_brand","embeddable":true,"href":"https:\/\/www.studiolongboard.com\/es\/wp-json\/wp\/v2\/product_brand?post=19309"},{"taxonomy":"product_cat","embeddable":true,"href":"https:\/\/www.studiolongboard.com\/es\/wp-json\/wp\/v2\/product_cat?post=19309"},{"taxonomy":"product_tag","embeddable":true,"href":"https:\/\/www.studiolongboard.com\/es\/wp-json\/wp\/v2\/product_tag?post=19309"}],"curies":[{"name":"wp","href":"https:\/\/api.w.org\/{rel}","templated":true}]}}