{"id":19198,"date":"2022-04-11T14:40:44","date_gmt":"2022-04-11T12:40:44","guid":{"rendered":"https:\/\/www.studiolongboard.com\/?post_type=product&#038;p=19198"},"modified":"2024-10-23T13:20:09","modified_gmt":"2024-10-23T11:20:09","slug":"creature-erosion-mini-kinderskateboard","status":"publish","type":"product","link":"https:\/\/www.studiolongboard.com\/es\/shop\/skateboards\/komplett-skateboards\/kinder-skateboards\/creature-erosion-mini-kinderskateboard\/","title":{"rendered":"CREATURE Erosion Mini Kinderskateboard"},"content":{"rendered":"<h2>CREATURE Erosion Mini Kinderskateboard<\/h2>\n<p>CREATURE Erosion Mini ist aufgrund der Gr\u00f6\u00dfe f\u00fcr Kinder besonders gut geeignet. Das Deck ist 7.75&#8243; breit und hat eine 13&#8243; Wheelbase. Die leicht lenkbaren Achsen von Bullet und die weichen Rollen \u00a0runden das Setup ab und garantieren Fahrspa\u00df auch auf rauem Untergrund. Das Mini-Skateboard ist perfekt f\u00fcr Kinder im Alter von 6 bis 10 Jahren.<\/p>\n<p>CUBIERTA<br \/>\nLeichte, superstarke, 7-lagige Ahornkonstruktion<\/p>\n<p>ACHSEN<br \/>\nStarke, leichte Trucks aus Aluminiumguss mit 90a-Lenkgummies f\u00fcr einfaches Lenken<\/p>\n<p>ROLLEN<br \/>\nLeichtg\u00e4ngige, langlebige weiche Rollen geeignet f\u00fcr fast jeden Untergrund<\/p>\n<p>KUGELLAGER<br \/>\nLanglebige Hochgeschwindigkeits-Pr\u00e4zisionsstahllager mit \u00d6lschmiermittel f\u00fcr leichtes Rollen<\/p>\n<p>GRIPTAPE<br \/>\nHochwertige professionelle K\u00f6rnung und Klebstoff<\/p>","protected":false},"excerpt":{"rendered":"<p>CREATURE Erosion Mini Kinderskateboard CREATURE Erosion Mini ist aufgrund der Gr\u00f6\u00dfe f\u00fcr Kinder besonders gut geeignet. Das Deck ist 7.75&#8243; breit und hat eine 13&#8243; Wheelbase. Die leicht lenkbaren Achsen von Bullet und die weichen Rollen \u00a0runden das Setup ab und garantieren Fahrspa\u00df auch auf rauem Untergrund. Das Mini-Skateboard ist perfekt f\u00fcr Kinder im Alter [&#8230;]\n","protected":false},"featured_media":19199,"comment_status":"closed","ping_status":"closed","template":"","meta":{"jetpack_post_was_ever_published":false,"jetpack_publicize_message":"SANTA CRUZ Glow Dot Skateboard","jetpack_publicize_feature_enabled":true,"jetpack_social_post_already_shared":true,"jetpack_social_options":{"image_generator_settings":{"template":"highway","default_image_id":0,"font":"","enabled":false},"version":2}},"product_brand":[],"product_cat":[9085,312,319,687],"product_tag":[3646,4354,5888,5889,7185],"class_list":{"0":"post-19198","1":"product","2":"type-product","3":"status-publish","4":"has-post-thumbnail","6":"product_cat-kinder-skateboards","7":"product_cat-skateboards","8":"product_cat-komplett-skateboards","9":"product_cat-sale","10":"product_tag-kids","11":"product_tag-kinderskateboard","12":"product_tag-beginner","13":"product_tag-anfaenger","14":"product_tag-7-75","15":"product_shipping_class-paket","17":"first","18":"outofstock","19":"sale","20":"taxable","21":"shipping-taxable","22":"purchasable","23":"product-type-simple"},"composite_virtual":false,"composite_layout":"","composite_add_to_cart_form_location":"","composite_editable_in_cart":false,"composite_sold_individually_context":"","composite_shop_price_calc":"","composite_components":[],"composite_scenarios":[],"booking_location":null,"booking_location_type":null,"booking_duration":null,"booking_duration_unit":null,"booking_buffer":null,"booking_cost":null,"booking_resources":null,"jetpack_publicize_connections":[],"jetpack_sharing_enabled":true,"_links":{"self":[{"href":"https:\/\/www.studiolongboard.com\/es\/wp-json\/wp\/v2\/product\/19198","targetHints":{"allow":["GET"]}}],"collection":[{"href":"https:\/\/www.studiolongboard.com\/es\/wp-json\/wp\/v2\/product"}],"about":[{"href":"https:\/\/www.studiolongboard.com\/es\/wp-json\/wp\/v2\/types\/product"}],"replies":[{"embeddable":true,"href":"https:\/\/www.studiolongboard.com\/es\/wp-json\/wp\/v2\/comments?post=19198"}],"wp:featuredmedia":[{"embeddable":true,"href":"https:\/\/www.studiolongboard.com\/es\/wp-json\/wp\/v2\/media\/19199"}],"wp:attachment":[{"href":"https:\/\/www.studiolongboard.com\/es\/wp-json\/wp\/v2\/media?parent=19198"}],"wp:term":[{"taxonomy":"product_brand","embeddable":true,"href":"https:\/\/www.studiolongboard.com\/es\/wp-json\/wp\/v2\/product_brand?post=19198"},{"taxonomy":"product_cat","embeddable":true,"href":"https:\/\/www.studiolongboard.com\/es\/wp-json\/wp\/v2\/product_cat?post=19198"},{"taxonomy":"product_tag","embeddable":true,"href":"https:\/\/www.studiolongboard.com\/es\/wp-json\/wp\/v2\/product_tag?post=19198"}],"curies":[{"name":"wp","href":"https:\/\/api.w.org\/{rel}","templated":true}]}}