{"id":19081,"date":"2022-03-22T15:23:34","date_gmt":"2022-03-22T14:23:34","guid":{"rendered":"https:\/\/www.studiolongboard.com\/?post_type=product&#038;p=19081"},"modified":"2024-10-23T13:20:22","modified_gmt":"2024-10-23T11:20:22","slug":"landyachtz-dinghy-blunt-reapin-aint-easy","status":"publish","type":"product","link":"https:\/\/www.studiolongboard.com\/es\/shop\/longboards\/komplett-longboards\/mini-cruiser\/landyachtz-dinghy-blunt-reapin-aint-easy\/","title":{"rendered":"LANDYACHTZ Dinghy Blunt Reapin Ain't Easy"},"content":{"rendered":"<h2>LANDYACHTZ Dinghy Blunt Reapin Ain't Easy<\/h2>\n<p>LANDYACHTZ Dinghy Blunt Pinecone 29&#8243;  &#8211; Inspiriert vom Dinghy Classic ist die Form des Dinghy Blunt etwas breiter und sp\u00fcrbar einfacher zu skaten!  Diese zus\u00e4tzliche Breite erm\u00f6glicht es, das Blunt mit breiteren Achsen auszustatten, was die Stabilit\u00e4t und Kontrolle erh\u00f6ht.<\/p>\n<p>Durch die geringe L\u00e4nge (28,5&#8243;) und Breite (8,5&#8243;) l\u00e4sst sich dieser agile City Cruiser wunderbar einfach durch die Stadt man\u00f6vrieren.  7 Lagen Ahorn verleihen dem Dinghy ordentlich Pop. <\/p>\n<p>Das Complete kommt mit 130mm Polar Bear TKP Achsen, wodurch es einen engen Wendekreis hat und man Fu\u00dfg\u00e4ngern einfach ausweichen kann.<\/p>\n<p>Die Chubby Hawgs sind genau die richtige Rolle f\u00fcr die Stadt. Mit einer H\u00e4rte von 78a und einem Durchmesser von 60mm haben sie genug Rollgeschwindigkeit und lassen sich sehr gut beschleunigen. Au\u00dferdem sorgen sie f\u00fcr eine sanfte Fahrt \u00fcber die Oberfl\u00e4chen Stadt und man muss sich keine Sorgen um Wheelbites machen.<\/p>\n<p>Landyachtz Spaceballs Kugellager haben einen eingebauten Spacer wodurch sie immer fest in der Rolle sitzen und daf\u00fcr sorgen, dass man leise \u00fcber den Asphalt gleitet.<\/p>\n<p>Especificaciones<br \/>\nLength: 72,4 cm \/ 28,5\u201d<br \/>\nWidth: 21,6 cm \/ 8,5\u201d<br \/>\nWheelbase: 37,1 cm \/ 14,6\u201d<br \/>\nConstruction: Canadian Maple.<\/p>\n<p>Configurar<\/p>\n<p>Trucks: 130mm Polar Bears<br \/>\nWheels: 60mm Chubby Hawgs<br \/>\nBearings: Bear Space Ball Bearings<\/p>\n<p><span class=\"embed-youtube\" style=\"text-align:center; display: block;\"><iframe loading=\"lazy\" class=\"youtube-player\" width=\"1020\" height=\"574\" src=\"https:\/\/www.youtube.com\/embed\/CtJbGxnvoR4?version=3&#038;rel=1&#038;showsearch=0&#038;showinfo=1&#038;iv_load_policy=1&#038;fs=1&#038;hl=es-ES&#038;autohide=2&#038;wmode=transparent\" allowfullscreen=\"true\" style=\"border:0;\" sandbox=\"allow-scripts allow-same-origin allow-popups allow-presentation allow-popups-to-escape-sandbox\"><\/iframe><\/span><\/p>","protected":false},"excerpt":{"rendered":"<p>LANDYACHTZ Dinghy Blunt Reapin Ain&#8217;t Easy LANDYACHTZ Dinghy Blunt Pinecone 29&#8243; &#8211; Inspiriert vom Dinghy Classic ist die Form des Dinghy Blunt etwas breiter und sp\u00fcrbar einfacher zu skaten! Diese zus\u00e4tzliche Breite erm\u00f6glicht es, das Blunt mit breiteren Achsen auszustatten, was die Stabilit\u00e4t und Kontrolle erh\u00f6ht. Durch die geringe L\u00e4nge (28,5&#8243;) und Breite (8,5&#8243;) l\u00e4sst [&#8230;]\n","protected":false},"featured_media":19082,"comment_status":"open","ping_status":"closed","template":"","meta":{"jetpack_post_was_ever_published":false,"jetpack_publicize_message":"","jetpack_publicize_feature_enabled":true,"jetpack_social_post_already_shared":true,"jetpack_social_options":{"image_generator_settings":{"template":"highway","default_image_id":0,"font":"","enabled":false},"version":2}},"product_brand":[],"product_cat":[310,311,312,319,8643,9086],"product_tag":[462,604,605,8356,8682],"class_list":{"0":"post-19081","1":"product","2":"type-product","3":"status-publish","4":"has-post-thumbnail","6":"product_cat-komplett-longboards","7":"product_cat-longboards","8":"product_cat-skateboards","9":"product_cat-komplett-skateboards","10":"product_cat-mini-cruiser","11":"product_cat-cruiser-skateboards","12":"product_tag-cruiser","13":"product_tag-dinghy","14":"product_tag-mini-crusier","15":"product_tag-8356","16":"product_tag-blunt","17":"product_shipping_class-paket","19":"first","20":"onbackorder","21":"taxable","22":"shipping-taxable","23":"purchasable","24":"product-type-simple"},"composite_virtual":false,"composite_layout":"","composite_add_to_cart_form_location":"","composite_editable_in_cart":false,"composite_sold_individually_context":"","composite_shop_price_calc":"","composite_components":[],"composite_scenarios":[],"booking_location":null,"booking_location_type":null,"booking_duration":null,"booking_duration_unit":null,"booking_buffer":null,"booking_cost":null,"booking_resources":null,"jetpack_publicize_connections":[],"jetpack_sharing_enabled":true,"_links":{"self":[{"href":"https:\/\/www.studiolongboard.com\/es\/wp-json\/wp\/v2\/product\/19081","targetHints":{"allow":["GET"]}}],"collection":[{"href":"https:\/\/www.studiolongboard.com\/es\/wp-json\/wp\/v2\/product"}],"about":[{"href":"https:\/\/www.studiolongboard.com\/es\/wp-json\/wp\/v2\/types\/product"}],"replies":[{"embeddable":true,"href":"https:\/\/www.studiolongboard.com\/es\/wp-json\/wp\/v2\/comments?post=19081"}],"wp:featuredmedia":[{"embeddable":true,"href":"https:\/\/www.studiolongboard.com\/es\/wp-json\/wp\/v2\/media\/19082"}],"wp:attachment":[{"href":"https:\/\/www.studiolongboard.com\/es\/wp-json\/wp\/v2\/media?parent=19081"}],"wp:term":[{"taxonomy":"product_brand","embeddable":true,"href":"https:\/\/www.studiolongboard.com\/es\/wp-json\/wp\/v2\/product_brand?post=19081"},{"taxonomy":"product_cat","embeddable":true,"href":"https:\/\/www.studiolongboard.com\/es\/wp-json\/wp\/v2\/product_cat?post=19081"},{"taxonomy":"product_tag","embeddable":true,"href":"https:\/\/www.studiolongboard.com\/es\/wp-json\/wp\/v2\/product_tag?post=19081"}],"curies":[{"name":"wp","href":"https:\/\/api.w.org\/{rel}","templated":true}]}}