{"id":18714,"date":"2022-02-16T13:42:00","date_gmt":"2022-02-16T12:42:00","guid":{"rendered":"https:\/\/www.studiolongboard.com\/?post_type=product&#038;p=18714"},"modified":"2024-11-09T13:28:23","modified_gmt":"2024-11-09T12:28:23","slug":"santa-cruz-screaming-hand-large-skateboard","status":"publish","type":"product","link":"https:\/\/www.studiolongboard.com\/es\/shop\/skateboards\/komplett-skateboards\/santa-cruz-screaming-hand-large-skateboard\/","title":{"rendered":"SANTA CRUZ Screaming Hand Large Skateboard"},"content":{"rendered":"<h2>SANTA CRUZ Screaming Hand Large Skateboard<\/h2>\n<p>SANTA CRUZ Screaming Hand Large Skateboard Skateboard hat die optimale Allround Gr\u00f6\u00dfe sowohl f\u00fcr Jugendliche und Erwachsene.\u00a0Das Deck ist 8.25&#8243; breit und hat 31.5&#8243; lang.<\/p>\n<p>CUBIERTA<br \/>\n7 Schichten Birkenholz<\/p>\n<p>ACHSEN<br \/>\nStarke, leichte trucks aus Aluminiumguss mit 90a-Lenkgummies f\u00fcr einfaches Lenken<\/p>\n<p>ROLLEN<br \/>\nOJ wheels<\/p>\n<p>KUGELLAGER<br \/>\nLanglebige Hochgeschwindigkeits-Pr\u00e4zisionsstahllager mit \u00d6lschmiermittel f\u00fcr leichtes Rollen<\/p>\n<p>GRIPTAPE<br \/>\nHochwertige professionelle K\u00f6rnung und Klebstoff<\/p>","protected":false},"excerpt":{"rendered":"<p>SANTA CRUZ Screaming Hand Large Skateboard SANTA CRUZ Screaming Hand Large Skateboard Skateboard hat die optimale Allround Gr\u00f6\u00dfe sowohl f\u00fcr Jugendliche und Erwachsene.\u00a0Das Deck ist 8.25&#8243; breit und hat 31.5&#8243; lang. DECK 7 Schichten Birkenholz ACHSEN Starke, leichte trucks aus Aluminiumguss mit 90a-Lenkgummies f\u00fcr einfaches Lenken ROLLEN OJ wheels KUGELLAGER Langlebige Hochgeschwindigkeits-Pr\u00e4zisionsstahllager mit \u00d6lschmiermittel f\u00fcr [&#8230;]\n","protected":false},"featured_media":18715,"comment_status":"open","ping_status":"closed","template":"","meta":{"jetpack_post_was_ever_published":false,"jetpack_publicize_message":"SANTA CRUZ Glow Dot Skateboard","jetpack_publicize_feature_enabled":true,"jetpack_social_post_already_shared":true,"jetpack_social_options":{"image_generator_settings":{"template":"highway","default_image_id":0,"font":"","enabled":false},"version":2}},"product_brand":[],"product_cat":[687,312,319],"product_tag":[8547,5888,5889],"class_list":{"0":"post-18714","1":"product","2":"type-product","3":"status-publish","4":"has-post-thumbnail","6":"product_cat-sale","7":"product_cat-skateboards","8":"product_cat-komplett-skateboards","9":"product_tag-8-25","10":"product_tag-beginner","11":"product_tag-anfaenger","12":"product_shipping_class-paket","14":"first","15":"outofstock","16":"sale","17":"taxable","18":"shipping-taxable","19":"purchasable","20":"product-type-simple"},"composite_virtual":false,"composite_layout":"","composite_add_to_cart_form_location":"","composite_editable_in_cart":false,"composite_sold_individually_context":"","composite_shop_price_calc":"","composite_components":[],"composite_scenarios":[],"booking_location":null,"booking_location_type":null,"booking_duration":null,"booking_duration_unit":null,"booking_buffer":null,"booking_cost":null,"booking_resources":null,"jetpack_publicize_connections":[],"jetpack_sharing_enabled":true,"_links":{"self":[{"href":"https:\/\/www.studiolongboard.com\/es\/wp-json\/wp\/v2\/product\/18714","targetHints":{"allow":["GET"]}}],"collection":[{"href":"https:\/\/www.studiolongboard.com\/es\/wp-json\/wp\/v2\/product"}],"about":[{"href":"https:\/\/www.studiolongboard.com\/es\/wp-json\/wp\/v2\/types\/product"}],"replies":[{"embeddable":true,"href":"https:\/\/www.studiolongboard.com\/es\/wp-json\/wp\/v2\/comments?post=18714"}],"wp:featuredmedia":[{"embeddable":true,"href":"https:\/\/www.studiolongboard.com\/es\/wp-json\/wp\/v2\/media\/18715"}],"wp:attachment":[{"href":"https:\/\/www.studiolongboard.com\/es\/wp-json\/wp\/v2\/media?parent=18714"}],"wp:term":[{"taxonomy":"product_brand","embeddable":true,"href":"https:\/\/www.studiolongboard.com\/es\/wp-json\/wp\/v2\/product_brand?post=18714"},{"taxonomy":"product_cat","embeddable":true,"href":"https:\/\/www.studiolongboard.com\/es\/wp-json\/wp\/v2\/product_cat?post=18714"},{"taxonomy":"product_tag","embeddable":true,"href":"https:\/\/www.studiolongboard.com\/es\/wp-json\/wp\/v2\/product_tag?post=18714"}],"curies":[{"name":"wp","href":"https:\/\/api.w.org\/{rel}","templated":true}]}}