{"id":18705,"date":"2022-02-16T12:33:08","date_gmt":"2022-02-16T11:33:08","guid":{"rendered":"https:\/\/www.studiolongboard.com\/?post_type=product&#038;p=18705"},"modified":"2023-11-15T11:26:47","modified_gmt":"2023-11-15T10:26:47","slug":"sticker-mag-by-brainfart-molotow-25-years","status":"publish","type":"product","link":"https:\/\/www.studiolongboard.com\/es\/shop\/accessories\/sticker\/sticker-mag-by-brainfart-molotow-25-years\/","title":{"rendered":"STICKER MAG by BRAINFART Molotow 25 Years"},"content":{"rendered":"<h1>STICKER MAG by BRAINFART Molotow 25 Years<\/h1>\n<p>Die legend\u00e4re Dosenmanufaktur MOLOTOW hat allen Grund zu feiern \u2013 25 Jahre Firmenjubil\u00e4um waren f\u00fcr die Jungs und M\u00e4dels ein willkommener Anlass sich ein eigenes Stickermag produzieren zu lassen. Nat\u00fcrlich wurde die Art Direction von BRAINFART \u00fcbernommen, unseren Freunden und Stickermag-Veteranen aus Z\u00fcrich. Und damit sich der Kreis schlie\u00dft haben wir gernstens die Produktion \u00fcbernommen &#8211; also wie immer: Made in East Germany.<\/p>\n<p>Vong Artists her hat sich eine kleine, illustre Runde eingefunden. Da w\u00e4ren BUSTART, CAPARSO, MERIOONE, TASTE, SYRK, RICO 79, HAEVI STYLES u.v.m.  <\/p>\n<p>Publisher: MOLOTOW<br \/>\nArt Direction: Brainfart (Z\u00fcrich)<br \/>\nVer\u00f6ffentlichung: 2021<br \/>\n48 Seiten<br \/>\n111 Sticker<br \/>\nca. 21 x 15 cm<br \/>\nSpecials: Gro\u00dfformat-Stickermag<\/p>","protected":false},"excerpt":{"rendered":"<p>STICKER MAG by BRAINFART Molotow 25 Years Die legend\u00e4re Dosenmanufaktur MOLOTOW hat allen Grund zu feiern \u2013 25 Jahre Firmenjubil\u00e4um waren f\u00fcr die Jungs und M\u00e4dels ein willkommener Anlass sich ein eigenes Stickermag produzieren zu lassen. Nat\u00fcrlich wurde die Art Direction von BRAINFART \u00fcbernommen, unseren Freunden und Stickermag-Veteranen aus Z\u00fcrich. Und damit sich der Kreis [&#8230;]\n","protected":false},"featured_media":18706,"comment_status":"open","ping_status":"closed","template":"","meta":{"jetpack_post_was_ever_published":false,"jetpack_publicize_message":"","jetpack_publicize_feature_enabled":true,"jetpack_social_post_already_shared":true,"jetpack_social_options":{"image_generator_settings":{"template":"highway","default_image_id":0,"font":"","enabled":false},"version":2}},"product_brand":[],"product_cat":[320,734],"product_tag":[737,738,739,740,741],"class_list":{"0":"post-18705","1":"product","2":"type-product","3":"status-publish","4":"has-post-thumbnail","6":"product_cat-accessories","7":"product_cat-sticker","8":"product_tag-stickermag","9":"product_tag-sticker","10":"product_tag-album","11":"product_tag-klebstoff","12":"product_tag-aufkleber","13":"product_shipping_class-paket-m","15":"first","16":"outofstock","17":"taxable","18":"shipping-taxable","19":"purchasable","20":"product-type-simple"},"composite_virtual":false,"composite_layout":"","composite_add_to_cart_form_location":"","composite_editable_in_cart":false,"composite_sold_individually_context":"","composite_shop_price_calc":"","composite_components":[],"composite_scenarios":[],"booking_location":null,"booking_location_type":null,"booking_duration":null,"booking_duration_unit":null,"booking_buffer":null,"booking_cost":null,"booking_resources":null,"jetpack_publicize_connections":[],"jetpack_sharing_enabled":true,"_links":{"self":[{"href":"https:\/\/www.studiolongboard.com\/es\/wp-json\/wp\/v2\/product\/18705","targetHints":{"allow":["GET"]}}],"collection":[{"href":"https:\/\/www.studiolongboard.com\/es\/wp-json\/wp\/v2\/product"}],"about":[{"href":"https:\/\/www.studiolongboard.com\/es\/wp-json\/wp\/v2\/types\/product"}],"replies":[{"embeddable":true,"href":"https:\/\/www.studiolongboard.com\/es\/wp-json\/wp\/v2\/comments?post=18705"}],"wp:featuredmedia":[{"embeddable":true,"href":"https:\/\/www.studiolongboard.com\/es\/wp-json\/wp\/v2\/media\/18706"}],"wp:attachment":[{"href":"https:\/\/www.studiolongboard.com\/es\/wp-json\/wp\/v2\/media?parent=18705"}],"wp:term":[{"taxonomy":"product_brand","embeddable":true,"href":"https:\/\/www.studiolongboard.com\/es\/wp-json\/wp\/v2\/product_brand?post=18705"},{"taxonomy":"product_cat","embeddable":true,"href":"https:\/\/www.studiolongboard.com\/es\/wp-json\/wp\/v2\/product_cat?post=18705"},{"taxonomy":"product_tag","embeddable":true,"href":"https:\/\/www.studiolongboard.com\/es\/wp-json\/wp\/v2\/product_tag?post=18705"}],"curies":[{"name":"wp","href":"https:\/\/api.w.org\/{rel}","templated":true}]}}