{"id":18684,"date":"2022-02-16T12:06:18","date_gmt":"2022-02-16T11:06:18","guid":{"rendered":"https:\/\/www.studiolongboard.com\/?post_type=product&#038;p=18684"},"modified":"2023-12-06T19:06:50","modified_gmt":"2023-12-06T18:06:50","slug":"sticker-mag-stickelium","status":"publish","type":"product","link":"https:\/\/www.studiolongboard.com\/es\/shop\/accessories\/sticker\/sticker-mag-stickelium\/","title":{"rendered":"STICKER MAG Stick\u00e9lium"},"content":{"rendered":"<h1>STICKER MAG Stick\u00e9lium<\/h1>\n<p>International Neighborhood proudly presents the STICKER MAG Stick\u00e9lium!<\/p>\n<p>Diese einfache Gleichung erzeugt ein unsichtbares Myzel aus K\u00fcnstlern, Buchmachern und Kunstliebhabern (Ihr!), das so unglaublich vielf\u00e4ltig ist wie die mykologische Inspiration. Diese Aufkleber sind die Pilze dieses metaphorischen Myzels und wachsen und sprie\u00dfen ans Licht um euch zu erfreuen.<\/p>\n<p>Das Pilzreich ern\u00e4hrt sich vom Tod (oder verwandelt Ameisen wortw\u00f6rtlich in Zombies) und erh\u00e4lt dennoch das Leben wie kein anderes &#8211; Mykorrhiza, die unterirdische Symbiose zwischen Myzel und Pflanzen, erm\u00f6glicht den B\u00e4umen den Austausch von N\u00e4hrstoffen und Informationen wie ein Internet der Natur. Es reproduziert sich auf jede erdenkliche Weise, von ungeschlechtlichem Klonen bis zu 30.000 verschiedenen Geschlechtern in einer Art. Seine faszinierende kulturelle Pr\u00e4senz, von M\u00e4rchen bis zum Schamanen-Starter-Kit, seine unglaublichen Verhei\u00dfungen f\u00fcr die Biotechnologie oder seine gro\u00dfz\u00fcgigen Geschenke, Brot und Bier f\u00fcr den Menschen (danke, Hefepilze!), sind einige der Elemente, die die gro\u00dfartigen K\u00fcnstler inspirierten ihre Artworks auf diesen Seiten wachsen zu lassen. 12 Frauen und 12 M\u00e4nner, deren Technik, Vorstellungskraft und pers\u00f6nlicher Hintergrund bilden das \u00e4u\u00dferst vielf\u00e4ltige, gef\u00fchlvolle und absolut bezaubernde \u00e4sthetische \u00d6kosystem von dem ich getr\u00e4umt habe, als ich mit der Pilzk\u00fcnstlerjagd begann.<\/p>\n<p>Beteiligte Artists:<\/p>\n<p>Alexandra Zutto | Ossi Pirkonen | MLN (M\u00e9lanie B\u00e9guier) | Edward Neo | Hin\u00e9 Mizushima | Jim Stoten | Emmanuelle Le Nouaille | Ooong (Ted Hwang) | Moki | Akinori Oishi | Yoii (Anna Johnstone) | Angrysnail (Nikita Solo) | Rob Flowers | Cream Team (Chelsea Agno) | Vlad Stankovic | Zarella Solis | J\u00e6n | The Friendly Fungus (Anna Towers) | Cosmic Nuggets | Monika Mitkut\u00e9 | MUTE (Nathaniel Rueda) | Charlotte Couderc | Alex Heywood | Aafke Mertens <\/p>\n<p>Publisher: International Neighborhood Verlag<br \/>\nKonzept\/Design: J\u00e6n<br \/>\nVer\u00f6ffentlichung: 2018<br \/>\nUmfang: 48 Seiten<br \/>\nFormat: ca. 15 x 15 cm<br \/>\nSprache: Englisch<br \/>\nSpecials: \u00fcber 200 herausl\u00f6sbare Aufkleber<\/p>\n<p>ISBN: 978-3-944960-07-4<\/p>","protected":false},"excerpt":{"rendered":"<p>STICKER MAG Stick\u00e9lium International Neighborhood proudly presents the STICKER MAG Stick\u00e9lium! Diese einfache Gleichung erzeugt ein unsichtbares Myzel aus K\u00fcnstlern, Buchmachern und Kunstliebhabern (Ihr!), das so unglaublich vielf\u00e4ltig ist wie die mykologische Inspiration. Diese Aufkleber sind die Pilze dieses metaphorischen Myzels und wachsen und sprie\u00dfen ans Licht um euch zu erfreuen. Das Pilzreich ern\u00e4hrt sich [&#8230;]\n","protected":false},"featured_media":18685,"comment_status":"open","ping_status":"closed","template":"","meta":{"jetpack_post_was_ever_published":false,"jetpack_publicize_message":"","jetpack_publicize_feature_enabled":true,"jetpack_social_post_already_shared":true,"jetpack_social_options":{"image_generator_settings":{"template":"highway","default_image_id":0,"font":"","enabled":false},"version":2}},"product_brand":[],"product_cat":[734,320],"product_tag":[737,738,739,740,741],"class_list":{"0":"post-18684","1":"product","2":"type-product","3":"status-publish","4":"has-post-thumbnail","6":"product_cat-sticker","7":"product_cat-accessories","8":"product_tag-stickermag","9":"product_tag-sticker","10":"product_tag-album","11":"product_tag-klebstoff","12":"product_tag-aufkleber","13":"product_shipping_class-paket-m","15":"first","16":"outofstock","17":"taxable","18":"shipping-taxable","19":"purchasable","20":"product-type-simple"},"composite_virtual":false,"composite_layout":"","composite_add_to_cart_form_location":"","composite_editable_in_cart":false,"composite_sold_individually_context":"","composite_shop_price_calc":"","composite_components":[],"composite_scenarios":[],"booking_location":null,"booking_location_type":null,"booking_duration":null,"booking_duration_unit":null,"booking_buffer":null,"booking_cost":null,"booking_resources":null,"jetpack_publicize_connections":[],"jetpack_sharing_enabled":true,"_links":{"self":[{"href":"https:\/\/www.studiolongboard.com\/es\/wp-json\/wp\/v2\/product\/18684","targetHints":{"allow":["GET"]}}],"collection":[{"href":"https:\/\/www.studiolongboard.com\/es\/wp-json\/wp\/v2\/product"}],"about":[{"href":"https:\/\/www.studiolongboard.com\/es\/wp-json\/wp\/v2\/types\/product"}],"replies":[{"embeddable":true,"href":"https:\/\/www.studiolongboard.com\/es\/wp-json\/wp\/v2\/comments?post=18684"}],"wp:featuredmedia":[{"embeddable":true,"href":"https:\/\/www.studiolongboard.com\/es\/wp-json\/wp\/v2\/media\/18685"}],"wp:attachment":[{"href":"https:\/\/www.studiolongboard.com\/es\/wp-json\/wp\/v2\/media?parent=18684"}],"wp:term":[{"taxonomy":"product_brand","embeddable":true,"href":"https:\/\/www.studiolongboard.com\/es\/wp-json\/wp\/v2\/product_brand?post=18684"},{"taxonomy":"product_cat","embeddable":true,"href":"https:\/\/www.studiolongboard.com\/es\/wp-json\/wp\/v2\/product_cat?post=18684"},{"taxonomy":"product_tag","embeddable":true,"href":"https:\/\/www.studiolongboard.com\/es\/wp-json\/wp\/v2\/product_tag?post=18684"}],"curies":[{"name":"wp","href":"https:\/\/api.w.org\/{rel}","templated":true}]}}