{"id":18590,"date":"2022-02-09T15:53:27","date_gmt":"2022-02-09T14:53:27","guid":{"rendered":"https:\/\/www.studiolongboard.com\/?post_type=product&#038;p=18590"},"modified":"2023-11-16T17:15:12","modified_gmt":"2023-11-16T16:15:12","slug":"powell-peralta-flight-pro-andy-anderson-heron-9-12","status":"publish","type":"product","link":"https:\/\/www.studiolongboard.com\/es\/shop\/skateboards\/skateboard-decks\/powell-peralta-flight-pro-andy-anderson-heron-9-12\/","title":{"rendered":"POWELL-PERALTA Flight Pro Andy Anderson Heron 9.12"},"content":{"rendered":"<h2>POWELL-PERALTA Flight Pro Andy Anderson Heron 9.12<\/h2>\n<p>POWELL-PERALTA Flight Pro Andy Anderson Heron 9.12<\/p>\n<p>Skateboard deck, Andy Anderson&#8217;s pro model<\/p>\n<p>Dimensions: 9.125 x 32.8&#8243;<br \/>\nWheelbase: 15&#8243;<br \/>\nNose: 6.8&#8243;<br \/>\nTail: 6.8&#8243;<br \/>\nConstruction: Flight 290<br \/>\nForma: Andy Anderson - Especial<br \/>\nC\u00f3ncavo: Medio<\/p>\n<p>Esta cubierta es tan universal y vers\u00e1til como cabr\u00eda esperar de Andy Anderson. Ya sea street, park, vert o freestyle cl\u00e1sico, con esta cubierta puedes manejar cualquier terreno. La construcci\u00f3n Flight tambi\u00e9n hace que sea extremadamente resistente y duradera. El t\u00edpico desgaste r\u00e1pido en la cola y la nariz, como lo conocemos de la construcci\u00f3n habitual de arce 7ply, no ocurre con esta tabla.<\/p>","protected":false},"excerpt":{"rendered":"<p>POWELL-PERALTA Flight Pro Andy Anderson Heron 9.12 POWELL-PERALTA Flight Pro Andy Anderson Heron 9.12 Skateboard deck, Andy Anderson&#8217;s pro model Dimensions: 9.125 x 32.8&#8243; Wheelbase: 15&#8243; Nose: 6.8&#8243; Tail: 6.8&#8243; Construction: Flight 290 Shape: Andy Anderson &#8211; Special Concave: Medium Dieses Deck ist so universell und vielseitig wie man es von Andy Anderson gewohnt ist. [&#8230;]\n","protected":false},"featured_media":18591,"comment_status":"closed","ping_status":"closed","template":"","meta":{"jetpack_post_was_ever_published":false,"jetpack_publicize_message":"","jetpack_publicize_feature_enabled":true,"jetpack_social_post_already_shared":true,"jetpack_social_options":{"image_generator_settings":{"template":"highway","default_image_id":0,"font":"","enabled":false},"version":2}},"product_brand":[],"product_cat":[314,312],"product_tag":[8647,8648,8244],"class_list":{"0":"post-18590","1":"product","2":"type-product","3":"status-publish","4":"has-post-thumbnail","6":"product_cat-skateboard-decks","7":"product_cat-skateboards","8":"product_tag-andy-anderson","9":"product_tag-9-12","10":"product_tag-9-125","11":"product_shipping_class-paket","13":"first","14":"outofstock","15":"taxable","16":"shipping-taxable","17":"purchasable","18":"product-type-simple"},"composite_virtual":false,"composite_layout":"","composite_add_to_cart_form_location":"","composite_editable_in_cart":false,"composite_sold_individually_context":"","composite_shop_price_calc":"","composite_components":[],"composite_scenarios":[],"booking_location":null,"booking_location_type":null,"booking_duration":null,"booking_duration_unit":null,"booking_buffer":null,"booking_cost":null,"booking_resources":null,"jetpack_publicize_connections":[],"jetpack_sharing_enabled":true,"_links":{"self":[{"href":"https:\/\/www.studiolongboard.com\/es\/wp-json\/wp\/v2\/product\/18590","targetHints":{"allow":["GET"]}}],"collection":[{"href":"https:\/\/www.studiolongboard.com\/es\/wp-json\/wp\/v2\/product"}],"about":[{"href":"https:\/\/www.studiolongboard.com\/es\/wp-json\/wp\/v2\/types\/product"}],"replies":[{"embeddable":true,"href":"https:\/\/www.studiolongboard.com\/es\/wp-json\/wp\/v2\/comments?post=18590"}],"wp:featuredmedia":[{"embeddable":true,"href":"https:\/\/www.studiolongboard.com\/es\/wp-json\/wp\/v2\/media\/18591"}],"wp:attachment":[{"href":"https:\/\/www.studiolongboard.com\/es\/wp-json\/wp\/v2\/media?parent=18590"}],"wp:term":[{"taxonomy":"product_brand","embeddable":true,"href":"https:\/\/www.studiolongboard.com\/es\/wp-json\/wp\/v2\/product_brand?post=18590"},{"taxonomy":"product_cat","embeddable":true,"href":"https:\/\/www.studiolongboard.com\/es\/wp-json\/wp\/v2\/product_cat?post=18590"},{"taxonomy":"product_tag","embeddable":true,"href":"https:\/\/www.studiolongboard.com\/es\/wp-json\/wp\/v2\/product_tag?post=18590"}],"curies":[{"name":"wp","href":"https:\/\/api.w.org\/{rel}","templated":true}]}}