{"id":18333,"date":"2021-12-08T14:49:14","date_gmt":"2021-12-08T13:49:14","guid":{"rendered":"https:\/\/www.studiolongboard.com\/?post_type=product&#038;p=18333"},"modified":"2023-11-11T15:54:57","modified_gmt":"2023-11-11T14:54:57","slug":"daffyboards-balance-board-set-mountaintop","status":"publish","type":"product","link":"https:\/\/www.studiolongboard.com\/es\/shop\/accessories\/balance-boards\/daffyboards-balance-board-set-mountaintop\/","title":{"rendered":"DaffyBoards Balance Board Set Mountaintop"},"content":{"rendered":"<h2>DaffyBoards Balance Board Set Mountaintop<\/h2>\n<p>DaffyBoards Balance Board Set Mountaintop ist an das Shape eines Wakeboards angelehnt. Ein \u201cMuss\u201c f\u00fcr jeden passionierten Boardsportler und die, die es werden wollen. Von einfacheren Gleichgewichts- und Koordiniations\u00fcbungen bis hin zu komplexen Boardtricks und Fitnessmoves &#8211; das DaffyBoard ist mit seiner rutschfesten Oberfl\u00e4che vielf\u00e4ltig einsetzbar.<\/p>\n<p>Das DaffyBoard wird aus hochwertigen Materialen in Deutschland produziert.<\/p>\n<p>-Board: Birke verleimt, 743 x 300 mm<br \/>\n-Rolle: Kork stranggepresst, \u00f8 100 mm oder 150 mm<br \/>\n-Bodenschutzmatte auf Recyclingbasis: Granulat Verbund, 1520 x 580 mm<br \/>\n-Freigegeben bis 130 kg<\/p>","protected":false},"excerpt":{"rendered":"<p>DaffyBoards Balance Board Set Mountaintop DaffyBoards Balance Board Set Mountaintop ist an das Shape eines Wakeboards angelehnt. Ein \u201cMuss\u201c f\u00fcr jeden passionierten Boardsportler und die, die es werden wollen. Von einfacheren Gleichgewichts- und Koordiniations\u00fcbungen bis hin zu komplexen Boardtricks und Fitnessmoves &#8211; das DaffyBoard ist mit seiner rutschfesten Oberfl\u00e4che vielf\u00e4ltig einsetzbar. Das DaffyBoard wird aus [&#8230;]\n","protected":false},"featured_media":18334,"comment_status":"open","ping_status":"closed","template":"","meta":{"jetpack_post_was_ever_published":false,"jetpack_publicize_message":"","jetpack_publicize_feature_enabled":true,"jetpack_social_post_already_shared":true,"jetpack_social_options":{"image_generator_settings":{"template":"highway","default_image_id":0,"font":"","enabled":false},"version":2}},"product_brand":[],"product_cat":[320,589],"product_tag":[590,591,599,600],"class_list":{"0":"post-18333","1":"product","2":"type-product","3":"status-publish","4":"has-post-thumbnail","6":"product_cat-accessories","7":"product_cat-balance-boards","8":"product_tag-balance","9":"product_tag-balance-board","10":"product_tag-balancebrett","11":"product_tag-balanceboard","12":"product_shipping_class-paket","14":"first","15":"outofstock","16":"taxable","17":"shipping-taxable","18":"purchasable","19":"product-type-composite"},"composite_virtual":false,"composite_layout":"single","composite_add_to_cart_form_location":"default","composite_editable_in_cart":false,"composite_sold_individually_context":"product","composite_shop_price_calc":"defaults","composite_components":[{"id":"1638974531","title":"Rolle \/ Plate","description":"","query_type":"product_ids","query_ids":[9733,14308,18322],"default_option_id":9733,"thumbnail_id":"","thumbnail_src":"","quantity_min":1,"quantity_max":1,"priced_individually":false,"shipped_individually":false,"optional":false,"discount":"","options_style":"dropdowns","pagination_style":"classic","display_prices":"absolute","show_sorting_options":false,"show_filtering_options":false,"attribute_filter_ids":[],"select_action":"view","product_title_visible":true,"product_descr_visible":true,"product_price_visible":true,"product_thumb_visible":true,"subtotal_visible_product":true,"subtotal_visible_cart":true,"subtotal_visible_orders":true},{"id":"1638974532","title":"Bodenschutzmatte","description":"","query_type":"product_ids","query_ids":[9734],"default_option_id":9734,"thumbnail_id":"","thumbnail_src":"","quantity_min":1,"quantity_max":1,"priced_individually":true,"shipped_individually":false,"optional":true,"discount":20,"options_style":"dropdowns","pagination_style":"classic","display_prices":"absolute","show_sorting_options":false,"show_filtering_options":false,"attribute_filter_ids":[],"select_action":"view","product_title_visible":true,"product_descr_visible":true,"product_price_visible":true,"product_thumb_visible":true,"subtotal_visible_product":true,"subtotal_visible_cart":true,"subtotal_visible_orders":true}],"composite_scenarios":[],"booking_location":null,"booking_location_type":null,"booking_duration":null,"booking_duration_unit":null,"booking_buffer":null,"booking_cost":null,"booking_resources":null,"jetpack_publicize_connections":[],"jetpack_sharing_enabled":true,"_links":{"self":[{"href":"https:\/\/www.studiolongboard.com\/es\/wp-json\/wp\/v2\/product\/18333","targetHints":{"allow":["GET"]}}],"collection":[{"href":"https:\/\/www.studiolongboard.com\/es\/wp-json\/wp\/v2\/product"}],"about":[{"href":"https:\/\/www.studiolongboard.com\/es\/wp-json\/wp\/v2\/types\/product"}],"replies":[{"embeddable":true,"href":"https:\/\/www.studiolongboard.com\/es\/wp-json\/wp\/v2\/comments?post=18333"}],"wp:featuredmedia":[{"embeddable":true,"href":"https:\/\/www.studiolongboard.com\/es\/wp-json\/wp\/v2\/media\/18334"}],"wp:attachment":[{"href":"https:\/\/www.studiolongboard.com\/es\/wp-json\/wp\/v2\/media?parent=18333"}],"wp:term":[{"taxonomy":"product_brand","embeddable":true,"href":"https:\/\/www.studiolongboard.com\/es\/wp-json\/wp\/v2\/product_brand?post=18333"},{"taxonomy":"product_cat","embeddable":true,"href":"https:\/\/www.studiolongboard.com\/es\/wp-json\/wp\/v2\/product_cat?post=18333"},{"taxonomy":"product_tag","embeddable":true,"href":"https:\/\/www.studiolongboard.com\/es\/wp-json\/wp\/v2\/product_tag?post=18333"}],"curies":[{"name":"wp","href":"https:\/\/api.w.org\/{rel}","templated":true}]}}