{"id":18322,"date":"2021-12-08T13:52:27","date_gmt":"2021-12-08T12:52:27","guid":{"rendered":"https:\/\/www.studiolongboard.com\/?post_type=product&#038;p=18322"},"modified":"2024-01-12T19:11:10","modified_gmt":"2024-01-12T18:11:10","slug":"daffyboards-corky-plate","status":"publish","type":"product","link":"https:\/\/www.studiolongboard.com\/es\/shop\/accessories\/balance-boards\/daffyboards-corky-plate\/","title":{"rendered":"DaffyBoards Corky Plate"},"content":{"rendered":"<h2>DaffyBoards Corky Plate<\/h2>\n<p>DaffyBoards CorkyPlate hebt die M\u00f6glichkeiten mit Deinem Balance Board auf ein ganz neues Level! Die instabile Plattform eignet sich sowohl f\u00fcr Anf\u00e4nger*innen ohne Vorerfahrung als auch f\u00fcr Profis f\u00fcr ein intensives Training! Das CorkyPlate ist beidseitig nutzbar, so dass Du den Schwierigkeitsgrad variieren kannst.<\/p>\n<p>Material: Kork<\/p>\n<p>Anwendungsbereich:<br \/>\n&#8211; Fitness, Physio, Yoga<br \/>\n&#8211; Stabilisationstraining,<br \/>\n&#8211; Koordinationstraining,<br \/>\n&#8211; Aufbautraining (nach Verletzungen)<br \/>\n&#8211; Leicht kontrollierbare Instabilit\u00e4t , keine Erfahrung n\u00f6tig , keine Altersempfehlung<br \/>\n&#8211; Benutzbar im Innen- und Aussenbereich<br \/>\n&#8211; Beidseitig verwendbar &#8211; 2 Schwierigkeitsgrade<\/p>\n<p>&nbsp;<\/p>\n<p><span class=\"embed-youtube\" style=\"text-align:center; display: block;\"><iframe loading=\"lazy\" class=\"youtube-player\" width=\"1020\" height=\"574\" src=\"https:\/\/www.youtube.com\/embed\/iTKpM7zo7h4?version=3&#038;rel=1&#038;showsearch=0&#038;showinfo=1&#038;iv_load_policy=1&#038;fs=1&#038;hl=es-ES&#038;autohide=2&#038;wmode=transparent\" allowfullscreen=\"true\" style=\"border:0;\" sandbox=\"allow-scripts allow-same-origin allow-popups allow-presentation allow-popups-to-escape-sandbox\"><\/iframe><\/span><\/p>\n<p>&nbsp;<\/p>","protected":false},"excerpt":{"rendered":"<p>DaffyBoards Corky Plate DaffyBoards CorkyPlate hebt die M\u00f6glichkeiten mit Deinem Balance Board auf ein ganz neues Level! Die instabile Plattform eignet sich sowohl f\u00fcr Anf\u00e4nger*innen ohne Vorerfahrung als auch f\u00fcr Profis f\u00fcr ein intensives Training! Das CorkyPlate ist beidseitig nutzbar, so dass Du den Schwierigkeitsgrad variieren kannst. Material: Kork Anwendungsbereich: &#8211; Fitness, Physio, Yoga &#8211; [&#8230;]\n","protected":false},"featured_media":18323,"comment_status":"open","ping_status":"closed","template":"","meta":{"jetpack_post_was_ever_published":false,"jetpack_publicize_message":"","jetpack_publicize_feature_enabled":true,"jetpack_social_post_already_shared":true,"jetpack_social_options":{"image_generator_settings":{"template":"highway","default_image_id":0,"font":"","enabled":false},"version":2}},"product_brand":[],"product_cat":[320,589],"product_tag":[590,591,599,600],"class_list":{"0":"post-18322","1":"product","2":"type-product","3":"status-publish","4":"has-post-thumbnail","6":"product_cat-accessories","7":"product_cat-balance-boards","8":"product_tag-balance","9":"product_tag-balance-board","10":"product_tag-balancebrett","11":"product_tag-balanceboard","12":"product_shipping_class-paket-m","14":"first","15":"outofstock","16":"taxable","17":"shipping-taxable","18":"purchasable","19":"product-type-simple"},"composite_virtual":false,"composite_layout":"","composite_add_to_cart_form_location":"","composite_editable_in_cart":false,"composite_sold_individually_context":"","composite_shop_price_calc":"","composite_components":[],"composite_scenarios":[],"booking_location":null,"booking_location_type":null,"booking_duration":null,"booking_duration_unit":null,"booking_buffer":null,"booking_cost":null,"booking_resources":null,"jetpack_publicize_connections":[],"jetpack_sharing_enabled":true,"_links":{"self":[{"href":"https:\/\/www.studiolongboard.com\/es\/wp-json\/wp\/v2\/product\/18322","targetHints":{"allow":["GET"]}}],"collection":[{"href":"https:\/\/www.studiolongboard.com\/es\/wp-json\/wp\/v2\/product"}],"about":[{"href":"https:\/\/www.studiolongboard.com\/es\/wp-json\/wp\/v2\/types\/product"}],"replies":[{"embeddable":true,"href":"https:\/\/www.studiolongboard.com\/es\/wp-json\/wp\/v2\/comments?post=18322"}],"wp:featuredmedia":[{"embeddable":true,"href":"https:\/\/www.studiolongboard.com\/es\/wp-json\/wp\/v2\/media\/18323"}],"wp:attachment":[{"href":"https:\/\/www.studiolongboard.com\/es\/wp-json\/wp\/v2\/media?parent=18322"}],"wp:term":[{"taxonomy":"product_brand","embeddable":true,"href":"https:\/\/www.studiolongboard.com\/es\/wp-json\/wp\/v2\/product_brand?post=18322"},{"taxonomy":"product_cat","embeddable":true,"href":"https:\/\/www.studiolongboard.com\/es\/wp-json\/wp\/v2\/product_cat?post=18322"},{"taxonomy":"product_tag","embeddable":true,"href":"https:\/\/www.studiolongboard.com\/es\/wp-json\/wp\/v2\/product_tag?post=18322"}],"curies":[{"name":"wp","href":"https:\/\/api.w.org\/{rel}","templated":true}]}}