{"id":17462,"date":"2021-09-09T18:06:05","date_gmt":"2021-09-09T16:06:05","guid":{"rendered":"https:\/\/www.studiolongboard.com\/?post_type=product&#038;p=17462"},"modified":"2024-04-04T13:14:38","modified_gmt":"2024-04-04T11:14:38","slug":"landyachtz-atv-x-perfecto-raccon-32","status":"publish","type":"product","link":"https:\/\/www.studiolongboard.com\/es\/shop\/skateboards\/komplett-skateboards\/landyachtz-atv-x-perfecto-raccon-32\/","title":{"rendered":"LANDYACHTZ  ATV X Perfecto Raccon 32&#8243;"},"content":{"rendered":"<h2>LANDYACHTZ ATV X Perfecto Raccon 32&#8243;<\/h2>\n<p>LANDYACHTZ  ATV X Perfecto Raccon 32&#8243; ist ein Cruiser-Skateboard von Landyacht. Mit 9&#8243; Breite und 32&#8243; L\u00e4nge bietet das Deck ausserdem alles was man sich Vert-Skateboarding w\u00fcnscht. Breit und stabil genug nicht nur f\u00fcr den Pool auch in der Halfpipe hast du hiermit deinen Spa\u00df. DAs Setup ist nat\u00fcrlich in erster Linie zum Cruisen gedacht. Die 78a-weichen und 60mm Lil EZ&#8217;s Wheels von Hawgs passen perfekt zu den Black Polar Bear trucks in 155mm Breite. Ab geht die wilde Fahrt! <\/p>\n<p>Especificaciones<\/p>\n<p>Length: 81.3cm \/ 32&#8243;<br \/>\nWidth: 23cm \/ 9&#8243;<br \/>\nWheelbase: 36.5cm \/ 14.375&#8243;<br \/>\nConstruction: 7-Ply Canadian Maple.<\/p>\n<p>Configurar<\/p>\n<p>Trucks: Black Polar Bear 155mm<br \/>\nWheels: 60mm 78a \u2018Lil EZ White<br \/>\nBearings: Spaceballs<\/p>","protected":false},"excerpt":{"rendered":"<p>LANDYACHTZ ATV X Perfecto Raccon 32&#8243; LANDYACHTZ ATV X Perfecto Raccon 32&#8243; ist ein Cruiser-Skateboard von Landyacht. Mit 9&#8243; Breite und 32&#8243; L\u00e4nge bietet das Deck ausserdem alles was man sich Vert-Skateboarding w\u00fcnscht. Breit und stabil genug nicht nur f\u00fcr den Pool auch in der Halfpipe hast du hiermit deinen Spa\u00df. DAs Setup ist nat\u00fcrlich [&#8230;]\n","protected":false},"featured_media":17463,"comment_status":"closed","ping_status":"closed","template":"","meta":{"jetpack_post_was_ever_published":false,"jetpack_publicize_message":"","jetpack_publicize_feature_enabled":true,"jetpack_social_post_already_shared":true,"jetpack_social_options":{"image_generator_settings":{"template":"highway","default_image_id":0,"font":"","enabled":false},"version":2}},"product_brand":[],"product_cat":[312,319,310,311],"product_tag":[394,404,462],"class_list":{"0":"post-17462","1":"product","2":"type-product","3":"status-publish","4":"has-post-thumbnail","6":"product_cat-skateboards","7":"product_cat-komplett-skateboards","8":"product_cat-komplett-longboards","9":"product_cat-longboards","10":"product_tag-old-school","11":"product_tag-hybrid","12":"product_tag-cruiser","13":"product_shipping_class-paket","15":"first","16":"outofstock","17":"taxable","18":"shipping-taxable","19":"purchasable","20":"product-type-simple"},"composite_virtual":false,"composite_layout":"","composite_add_to_cart_form_location":"","composite_editable_in_cart":false,"composite_sold_individually_context":"","composite_shop_price_calc":"","composite_components":[],"composite_scenarios":[],"booking_location":null,"booking_location_type":null,"booking_duration":null,"booking_duration_unit":null,"booking_buffer":null,"booking_cost":null,"booking_resources":null,"jetpack_publicize_connections":[],"jetpack_sharing_enabled":true,"_links":{"self":[{"href":"https:\/\/www.studiolongboard.com\/es\/wp-json\/wp\/v2\/product\/17462","targetHints":{"allow":["GET"]}}],"collection":[{"href":"https:\/\/www.studiolongboard.com\/es\/wp-json\/wp\/v2\/product"}],"about":[{"href":"https:\/\/www.studiolongboard.com\/es\/wp-json\/wp\/v2\/types\/product"}],"replies":[{"embeddable":true,"href":"https:\/\/www.studiolongboard.com\/es\/wp-json\/wp\/v2\/comments?post=17462"}],"wp:featuredmedia":[{"embeddable":true,"href":"https:\/\/www.studiolongboard.com\/es\/wp-json\/wp\/v2\/media\/17463"}],"wp:attachment":[{"href":"https:\/\/www.studiolongboard.com\/es\/wp-json\/wp\/v2\/media?parent=17462"}],"wp:term":[{"taxonomy":"product_brand","embeddable":true,"href":"https:\/\/www.studiolongboard.com\/es\/wp-json\/wp\/v2\/product_brand?post=17462"},{"taxonomy":"product_cat","embeddable":true,"href":"https:\/\/www.studiolongboard.com\/es\/wp-json\/wp\/v2\/product_cat?post=17462"},{"taxonomy":"product_tag","embeddable":true,"href":"https:\/\/www.studiolongboard.com\/es\/wp-json\/wp\/v2\/product_tag?post=17462"}],"curies":[{"name":"wp","href":"https:\/\/api.w.org\/{rel}","templated":true}]}}