{"id":17215,"date":"2021-08-21T15:46:24","date_gmt":"2021-08-21T13:46:24","guid":{"rendered":"https:\/\/www.studiolongboard.com\/?post_type=product&#038;p=17215"},"modified":"2025-12-31T14:24:06","modified_gmt":"2025-12-31T13:24:06","slug":"ruedas-60mm-chubby-hawgs","status":"publish","type":"product","link":"https:\/\/www.studiolongboard.com\/es\/shop\/skateboards\/skateboard-wheels\/60mm-chubby-hawgs-wheels\/","title":{"rendered":"RUEDAS 60MM CHUBBY HAWGS"},"content":{"rendered":"<h1 class=\"h2 product-single__title\">RUEDAS 60MM CHUBBY HAWGS<\/h1>\n<p>Las Chubby Hawgs son las ruedas elegidas en muchos de nuestros modelos Cruiser y ATV completos y ahora est\u00e1n disponibles por separado en todos los colores del arco iris. Puedes actualizar tu cruiser hoy mismo. Utilizan el mismo uretano de alta calidad que se encuentra en las Fatty Hawgs para un rendimiento superior, s\u00f3lo que en un paquete m\u00e1s peque\u00f1o.<\/p>\n<p>Los hermanos peque\u00f1os de los Fatty Hawgs, los Chubbies de 60 mm miden <strong>60 mm de alto por 45 mm de ancho<\/strong> por lo que son perfectas si no quieres usar elevadores o te preocupa la mordida de la rueda en tu tabla cruiser. Se vierten en la misma alta calidad <strong>78a<\/strong> f\u00f3rmula de uretano como las Fatties, pero al ser m\u00e1s peque\u00f1as se deslizan un poco m\u00e1s. Si est\u00e1s buscando una rueda cruiser que tambi\u00e9n sea una rueda freeride s\u00faper divertida, las Chubbies podr\u00edan ser adecuadas para ti. Vienen con un acabado stone ground para que est\u00e9n listas para deslizarse nada m\u00e1s sacarlas del paquete, y el uretano duradero significa que hay mucha diversi\u00f3n en este peque\u00f1o paquete.<\/p>","protected":false},"excerpt":{"rendered":"<p>60MM CHUBBY HAWGS WHEELS Chubby Hawgs are the wheel of choice on many of our cruiser and ATV completes and are now available separately in all the colours of the rainbow! You can upgrade your cruiser set up today. They use the same high-quality urethane found in the Fatty Hawgs for premium performance, just in [&#8230;]\n","protected":false},"featured_media":17220,"comment_status":"closed","ping_status":"closed","template":"","meta":{"jetpack_post_was_ever_published":false,"jetpack_publicize_message":"","jetpack_publicize_feature_enabled":true,"jetpack_social_post_already_shared":true,"jetpack_social_options":{"image_generator_settings":{"template":"highway","default_image_id":0,"font":"","enabled":false},"version":2}},"product_brand":[],"product_cat":[316,317],"product_tag":[],"class_list":{"0":"post-17215","1":"product","2":"type-product","3":"status-publish","4":"has-post-thumbnail","6":"product_cat-skateboard-wheels","7":"product_cat-longboard-wheels","8":"product_shipping_class-paket-m","10":"first","11":"instock","12":"taxable","13":"shipping-taxable","14":"purchasable","15":"product-type-variable"},"composite_virtual":false,"composite_layout":"","composite_add_to_cart_form_location":"","composite_editable_in_cart":false,"composite_sold_individually_context":"","composite_shop_price_calc":"","composite_components":[],"composite_scenarios":[],"booking_location":null,"booking_location_type":null,"booking_duration":null,"booking_duration_unit":null,"booking_buffer":null,"booking_cost":null,"booking_resources":null,"jetpack_publicize_connections":[],"jetpack_sharing_enabled":true,"_links":{"self":[{"href":"https:\/\/www.studiolongboard.com\/es\/wp-json\/wp\/v2\/product\/17215","targetHints":{"allow":["GET"]}}],"collection":[{"href":"https:\/\/www.studiolongboard.com\/es\/wp-json\/wp\/v2\/product"}],"about":[{"href":"https:\/\/www.studiolongboard.com\/es\/wp-json\/wp\/v2\/types\/product"}],"replies":[{"embeddable":true,"href":"https:\/\/www.studiolongboard.com\/es\/wp-json\/wp\/v2\/comments?post=17215"}],"wp:featuredmedia":[{"embeddable":true,"href":"https:\/\/www.studiolongboard.com\/es\/wp-json\/wp\/v2\/media\/17220"}],"wp:attachment":[{"href":"https:\/\/www.studiolongboard.com\/es\/wp-json\/wp\/v2\/media?parent=17215"}],"wp:term":[{"taxonomy":"product_brand","embeddable":true,"href":"https:\/\/www.studiolongboard.com\/es\/wp-json\/wp\/v2\/product_brand?post=17215"},{"taxonomy":"product_cat","embeddable":true,"href":"https:\/\/www.studiolongboard.com\/es\/wp-json\/wp\/v2\/product_cat?post=17215"},{"taxonomy":"product_tag","embeddable":true,"href":"https:\/\/www.studiolongboard.com\/es\/wp-json\/wp\/v2\/product_tag?post=17215"}],"curies":[{"name":"wp","href":"https:\/\/api.w.org\/{rel}","templated":true}]}}