{"id":17017,"date":"2021-08-12T14:06:16","date_gmt":"2021-08-12T12:06:16","guid":{"rendered":"https:\/\/www.studiolongboard.com\/?post_type=product&#038;p=17017"},"modified":"2026-02-22T18:07:24","modified_gmt":"2026-02-22T17:07:24","slug":"riptide-aps-tall-fatcone-bushings","status":"publish","type":"product","link":"https:\/\/www.studiolongboard.com\/es\/shop\/accessories\/bushings-pivot-cups\/riptide-aps-tall-fatcone-bushings\/","title":{"rendered":"Casquillos Riptide APS Tall FatCone"},"content":{"rendered":"<h2>Casquillos Riptide APS Tall FatCone<\/h2>\n<p>Riptide APS Tall FatCone Bushings werden gerne f\u00fcr Downhill-Anwendungen genommen, um der Achse den Lean etwas wegzunehmen und dadurch auch gr\u00f6\u00dfere Rollen fahren zu k\u00f6nnen.<\/p>\n<p>erh\u00e4ltlich in H\u00e4rten:<\/p>\n<p>70a<br \/>\n75a<br \/>\n80a<br \/>\n85a<br \/>\n87,5a<br \/>\n90a<br \/>\n92,5a<br \/>\n95a<br \/>\n97,5a<\/p>\n<p>APS (Animated Polymer Systems):<\/p>\n<p>Die APS sind Allround Lenkgummis mit sehr viel R\u00fcckstellkraft. WFB Bushings sind ein bisschen spezieller, sie haben weniger R\u00fcckstellkraft und wesentlich mehr lean, somit lenken sie sanfter ein.<\/p>\n<p>\u00fcber RipTide:<br \/>\nRipTide Sports, die Hauptfirma von RipTide Bushings hat sich einem Ziel verschrieben: G\u00e4nzlich neu entwickelte Produkte f\u00fcr den Longboardmarkt zu produzieren, die innovativ und nachhaltig im Design und in der Herstellung sind.<br \/>\nIhr Ziel ist es longboardspezifische Produkte zu produzieren, die einem helfen sein Setup individuell anzupassen und zu optimieren um den Fahrspass wieder aufleben zu lassen. RipTide glaubt, das Longboarden nicht nur ein Wochenendspass ist, sondern ein gesunder Lifestyle. Deswegen pusht RipTide Produkte, die sicher und innovativ sind und so das Longboarden weiterbringen.<\/p>","protected":false},"excerpt":{"rendered":"<p>Riptide APS Tall FatCone Bushings Riptide APS Tall FatCone Bushings werden gerne f\u00fcr Downhill-Anwendungen genommen, um der Achse den Lean etwas wegzunehmen und dadurch auch gr\u00f6\u00dfere Rollen fahren zu k\u00f6nnen. erh\u00e4ltlich in H\u00e4rten: 70a 75a 80a 85a 87,5a 90a 92,5a 95a 97,5a APS (Animated Polymer Systems): Die APS sind Allround Lenkgummis mit sehr viel R\u00fcckstellkraft. [&#8230;]\n","protected":false},"featured_media":17022,"comment_status":"closed","ping_status":"closed","template":"","meta":{"jetpack_post_was_ever_published":false,"jetpack_publicize_message":"","jetpack_publicize_feature_enabled":true,"jetpack_social_post_already_shared":true,"jetpack_social_options":{"image_generator_settings":{"template":"highway","default_image_id":0,"font":"","enabled":false},"version":2}},"product_brand":[9131],"product_cat":[3208,320],"product_tag":[782,3209,3238,780],"class_list":{"0":"post-17017","1":"product","2":"type-product","3":"status-publish","4":"has-post-thumbnail","6":"product_brand-riptide","7":"product_cat-bushings-pivot-cups","8":"product_cat-accessories","9":"product_tag-aps","10":"product_tag-lenkgummies","11":"product_tag-fatcones","12":"product_tag-bushings","13":"product_shipping_class-paket-m","15":"first","16":"instock","17":"taxable","18":"shipping-taxable","19":"purchasable","20":"product-type-variable"},"composite_virtual":false,"composite_layout":"","composite_add_to_cart_form_location":"","composite_editable_in_cart":false,"composite_sold_individually_context":"","composite_shop_price_calc":"","composite_components":[],"composite_scenarios":[],"booking_location":null,"booking_location_type":null,"booking_duration":null,"booking_duration_unit":null,"booking_buffer":null,"booking_cost":null,"booking_resources":null,"jetpack_publicize_connections":[],"jetpack_sharing_enabled":true,"_links":{"self":[{"href":"https:\/\/www.studiolongboard.com\/es\/wp-json\/wp\/v2\/product\/17017","targetHints":{"allow":["GET"]}}],"collection":[{"href":"https:\/\/www.studiolongboard.com\/es\/wp-json\/wp\/v2\/product"}],"about":[{"href":"https:\/\/www.studiolongboard.com\/es\/wp-json\/wp\/v2\/types\/product"}],"replies":[{"embeddable":true,"href":"https:\/\/www.studiolongboard.com\/es\/wp-json\/wp\/v2\/comments?post=17017"}],"wp:featuredmedia":[{"embeddable":true,"href":"https:\/\/www.studiolongboard.com\/es\/wp-json\/wp\/v2\/media\/17022"}],"wp:attachment":[{"href":"https:\/\/www.studiolongboard.com\/es\/wp-json\/wp\/v2\/media?parent=17017"}],"wp:term":[{"taxonomy":"product_brand","embeddable":true,"href":"https:\/\/www.studiolongboard.com\/es\/wp-json\/wp\/v2\/product_brand?post=17017"},{"taxonomy":"product_cat","embeddable":true,"href":"https:\/\/www.studiolongboard.com\/es\/wp-json\/wp\/v2\/product_cat?post=17017"},{"taxonomy":"product_tag","embeddable":true,"href":"https:\/\/www.studiolongboard.com\/es\/wp-json\/wp\/v2\/product_tag?post=17017"}],"curies":[{"name":"wp","href":"https:\/\/api.w.org\/{rel}","templated":true}]}}