{"id":16950,"date":"2021-08-09T17:28:47","date_gmt":"2021-08-09T15:28:47","guid":{"rendered":"https:\/\/www.studiolongboard.com\/?post_type=product&#038;p=16950"},"modified":"2025-07-21T13:23:50","modified_gmt":"2025-07-21T11:23:50","slug":"landyachtz-evo-36-spectrum-complete-2","status":"publish","type":"product","link":"https:\/\/www.studiolongboard.com\/es\/shop\/longboards\/komplett-longboards\/einsteiger-longboards\/landyachtz-evo-36-spectrum-complete-2\/","title":{"rendered":"LANDYACHTZ Evo 36 Spectrum completo"},"content":{"rendered":"<h2>LANDYACHTZ Evo 36 Spectrum completo<\/h2>\n<p>LANDYACHTZ Evo 36 Spectrum complete ist ein klassisches Beispiel f\u00fcr Downhill-Board-Design, und das Konzept ist bis heute wirksam. Eine abgesenkte Plattform und richtungsweisende Keile sorgen f\u00fcr ein superstabiles Fahrverhalten und eine Vorderachslenkung, die Dir eine Menge Kontrolle bei harten Kurvenfahrten gibt. Der Evo 36 ist der gr\u00f6\u00dfere der beiden Evo-Formen und bietet eine unvergleichliche Stabilit\u00e4t und eine super kontrollierbare, driftende Fahrt. Der \u00a0Spectrum ist mit 10 Lagen kanadischem Ahorn verpresst und bietet eine steife Plattform f\u00fcr die Abfahrt. Neu in diesem Jahr ist der Evo mit 155-mm-Gen 6 Bear Grizzly-Trucks ausgestattet. Der Evo rollt auf 76mm 78a Monster Hawgs mit viel Rollgeschwindigkeit, Grip und vorhersehbaren Drifts.<\/p>\n<p>Specs:<\/p>\n<p>Length: 91,4 cm \/ 36\u201d<br \/>\nWidth: 24,1 cm \/ 9,5\u201d<br \/>\nWheelbase: 70,5 cm \/ 27,75\u201d<br \/>\nConstruction: Maple.<\/p>\n<p>Landyachtz Biggie Hawgs 73mm wheels<br \/>\nBear Grizzly Trucks Gen 6 155mm 40\u00b0<\/p>\n<p>&nbsp;<\/p>\n<p>Weitere <a href=\"https:\/\/www.studiolongboard.com\/es\/product-category\/brands\/landyachtz\/\">LANDYACHTZ<\/a> Produkte<\/p>\n<p><a href=\"https:\/\/landyachtz.com\/product-category\/boards\/longboard\/\">landyachtz.com<\/a><\/p>","protected":false},"excerpt":{"rendered":"<p>LANDYACHTZ Evo 36 Spectrum complete LANDYACHTZ Evo 36 Spectrum complete ist ein klassisches Beispiel f\u00fcr Downhill-Board-Design, und das Konzept ist bis heute wirksam. Eine abgesenkte Plattform und richtungsweisende Keile sorgen f\u00fcr ein superstabiles Fahrverhalten und eine Vorderachslenkung, die Dir eine Menge Kontrolle bei harten Kurvenfahrten gibt. Der Evo 36 ist der gr\u00f6\u00dfere der beiden Evo-Formen [&#8230;]\n","protected":false},"featured_media":16951,"comment_status":"open","ping_status":"closed","template":"","meta":{"jetpack_post_was_ever_published":false,"jetpack_publicize_message":"","jetpack_publicize_feature_enabled":true,"jetpack_social_post_already_shared":true,"jetpack_social_options":{"image_generator_settings":{"template":"highway","default_image_id":0,"font":"","enabled":false},"version":2}},"product_brand":[],"product_cat":[8642,310,311],"product_tag":[343,1137,4247,328,5223],"class_list":{"0":"post-16950","1":"product","2":"type-product","3":"status-publish","4":"has-post-thumbnail","6":"product_cat-einsteiger-longboards","7":"product_cat-komplett-longboards","8":"product_cat-longboards","9":"product_tag-downhill","10":"product_tag-slide","11":"product_tag-long-distance","12":"product_tag-freeride","13":"product_tag-ldp","14":"product_shipping_class-paket","16":"first","17":"onbackorder","18":"taxable","19":"shipping-taxable","20":"purchasable","21":"product-type-simple"},"composite_virtual":false,"composite_layout":"","composite_add_to_cart_form_location":"","composite_editable_in_cart":false,"composite_sold_individually_context":"","composite_shop_price_calc":"","composite_components":[],"composite_scenarios":[],"booking_location":null,"booking_location_type":null,"booking_duration":null,"booking_duration_unit":null,"booking_buffer":null,"booking_cost":null,"booking_resources":null,"jetpack_publicize_connections":[],"jetpack_sharing_enabled":true,"_links":{"self":[{"href":"https:\/\/www.studiolongboard.com\/es\/wp-json\/wp\/v2\/product\/16950","targetHints":{"allow":["GET"]}}],"collection":[{"href":"https:\/\/www.studiolongboard.com\/es\/wp-json\/wp\/v2\/product"}],"about":[{"href":"https:\/\/www.studiolongboard.com\/es\/wp-json\/wp\/v2\/types\/product"}],"replies":[{"embeddable":true,"href":"https:\/\/www.studiolongboard.com\/es\/wp-json\/wp\/v2\/comments?post=16950"}],"wp:featuredmedia":[{"embeddable":true,"href":"https:\/\/www.studiolongboard.com\/es\/wp-json\/wp\/v2\/media\/16951"}],"wp:attachment":[{"href":"https:\/\/www.studiolongboard.com\/es\/wp-json\/wp\/v2\/media?parent=16950"}],"wp:term":[{"taxonomy":"product_brand","embeddable":true,"href":"https:\/\/www.studiolongboard.com\/es\/wp-json\/wp\/v2\/product_brand?post=16950"},{"taxonomy":"product_cat","embeddable":true,"href":"https:\/\/www.studiolongboard.com\/es\/wp-json\/wp\/v2\/product_cat?post=16950"},{"taxonomy":"product_tag","embeddable":true,"href":"https:\/\/www.studiolongboard.com\/es\/wp-json\/wp\/v2\/product_tag?post=16950"}],"curies":[{"name":"wp","href":"https:\/\/api.w.org\/{rel}","templated":true}]}}