{"id":16721,"date":"2021-07-13T15:54:18","date_gmt":"2021-07-13T13:54:18","guid":{"rendered":"https:\/\/www.studiolongboard.com\/?post_type=product&#038;p=16721"},"modified":"2025-09-01T13:18:33","modified_gmt":"2025-09-01T11:18:33","slug":"btfl-fusion-skateboard-8-125","status":"publish","type":"product","link":"https:\/\/www.studiolongboard.com\/es\/shop\/skateboards\/komplett-skateboards\/kinder-skateboards\/btfl-fusion-skateboard-8-125\/","title":{"rendered":"BTFL Fusion Skateboard 8.125"},"content":{"rendered":"<h2>BTFL Fusion Skateboard 8.125<\/h2>\n<p>BTFL Fusion Skateboard 8.125 eignet sich ideal f\u00fcr Anf\u00e4nger*innen und Fortgeschrittene jeglichen Alters.\u00a0Das Deck ist aus 100% kanadischem Ahorn gefertigt, welches aufgrund des langsamen Wachstums besonders stabil und widerstandsf\u00e4hig ist. Jedes Deck wird einzeln gepresst, wodurch eine gleichbleibende Qualit\u00e4t garantiert ist. Des Weiteren wird bei der Verarbeitung der Decks Epoxy Resin verwendet. Dies macht die Boards leichter und haltbarer und generiert mehr \u201ePop\u201c. F\u00fcr weniger Gewicht sorgen au\u00dferdem die 5.25\u201c Hollow-Trucks. Das medium starke Concave bietet den F\u00fc\u00dfen einen guten Halt und ist der ideale Kompromiss zwischen technischem Skaten und stabilem Fahrverhalten. Dank der hochwertigen ABEC 9 Kugellager ist langanhaltendes Ausrollen beim Fahren garantiert, sodass das Board nicht st\u00e4ndig aufs Neue angeschoben werden muss. Das Zusammenspiel aus farbenfrohem Griptape und schlichter, einfarbiger Unterseite macht das Board zum absoluten Hingucker.<\/p>\n<p>Deck Gr\u00f6\u00dfe: 20,6 x 80,6 cm \/ 8.125&#8243; x 31.75&#8243;<br \/>\nRollen Gr\u00f6\u00dfe + H\u00e4rte: 99A<br \/>\nBushings: 90A<br \/>\nAchsbreite: 5.25&#8243;<br \/>\nKugellager: ABEC 9<\/p>","protected":false},"excerpt":{"rendered":"<p>Bei <strong>Vorbestellung<\/strong> voraussichtliche Lieferung innerhalb einer Woche<\/p>","protected":false},"featured_media":16722,"comment_status":"closed","ping_status":"closed","template":"","meta":{"jetpack_post_was_ever_published":false,"jetpack_publicize_message":"","jetpack_publicize_feature_enabled":true,"jetpack_social_post_already_shared":true,"jetpack_social_options":{"image_generator_settings":{"template":"highway","default_image_id":0,"font":"","enabled":false},"version":2}},"product_brand":[9121],"product_cat":[9085,312,319,687],"product_tag":[5889,4354,5528,5888],"class_list":{"0":"post-16721","1":"product","2":"type-product","3":"status-publish","4":"has-post-thumbnail","6":"product_brand-btfl","7":"product_cat-kinder-skateboards","8":"product_cat-skateboards","9":"product_cat-komplett-skateboards","10":"product_cat-sale","11":"product_tag-anfaenger","12":"product_tag-kinderskateboard","13":"product_tag-kinder","14":"product_tag-beginner","15":"product_shipping_class-paket","17":"first","18":"outofstock","19":"sale","20":"taxable","21":"shipping-taxable","22":"purchasable","23":"product-type-simple"},"composite_virtual":false,"composite_layout":"","composite_add_to_cart_form_location":"","composite_editable_in_cart":false,"composite_sold_individually_context":"","composite_shop_price_calc":"","composite_components":[],"composite_scenarios":[],"booking_location":null,"booking_location_type":null,"booking_duration":null,"booking_duration_unit":null,"booking_buffer":null,"booking_cost":null,"booking_resources":null,"jetpack_publicize_connections":[],"jetpack_sharing_enabled":true,"_links":{"self":[{"href":"https:\/\/www.studiolongboard.com\/es\/wp-json\/wp\/v2\/product\/16721","targetHints":{"allow":["GET"]}}],"collection":[{"href":"https:\/\/www.studiolongboard.com\/es\/wp-json\/wp\/v2\/product"}],"about":[{"href":"https:\/\/www.studiolongboard.com\/es\/wp-json\/wp\/v2\/types\/product"}],"replies":[{"embeddable":true,"href":"https:\/\/www.studiolongboard.com\/es\/wp-json\/wp\/v2\/comments?post=16721"}],"wp:featuredmedia":[{"embeddable":true,"href":"https:\/\/www.studiolongboard.com\/es\/wp-json\/wp\/v2\/media\/16722"}],"wp:attachment":[{"href":"https:\/\/www.studiolongboard.com\/es\/wp-json\/wp\/v2\/media?parent=16721"}],"wp:term":[{"taxonomy":"product_brand","embeddable":true,"href":"https:\/\/www.studiolongboard.com\/es\/wp-json\/wp\/v2\/product_brand?post=16721"},{"taxonomy":"product_cat","embeddable":true,"href":"https:\/\/www.studiolongboard.com\/es\/wp-json\/wp\/v2\/product_cat?post=16721"},{"taxonomy":"product_tag","embeddable":true,"href":"https:\/\/www.studiolongboard.com\/es\/wp-json\/wp\/v2\/product_tag?post=16721"}],"curies":[{"name":"wp","href":"https:\/\/api.w.org\/{rel}","templated":true}]}}