{"id":16467,"date":"2021-06-29T12:41:44","date_gmt":"2021-06-29T10:41:44","guid":{"rendered":"https:\/\/www.studiolongboard.com\/?post_type=product&#038;p=16467"},"modified":"2023-12-20T15:09:48","modified_gmt":"2023-12-20T14:09:48","slug":"carver-roundhouse-mag-wheels-70mm-78a","status":"publish","type":"product","link":"https:\/\/www.studiolongboard.com\/es\/shop\/longboards\/longboard-wheels\/carver-roundhouse-mag-wheels-70mm-78a\/","title":{"rendered":"Carver Roundhouse Mag Wheels 70mm 78A"},"content":{"rendered":"<h2>Carver Roundhouse Mag Wheels 70mm 78A<\/h2>\n<div class=\"content--title\">Produktinformationen &#8222;Roundhouse by Carver Mag Wheel Set Smoke &#8211; 70mm 78a&#8220;<\/div>\n<div class=\"product--description\">\n<ul>\n<li>Gr\u00f6\u00dfe\/Durchmesser: 70 mm<\/li>\n<li>Breite\/Kontakt-Patch:<\/li>\n<li>Durometer: 78a<\/li>\n<li>Profil: Mag<\/li>\n<\/ul>\n<p>Bei Carver Roundhouse Wheels dreht sich alles ums Carven, und daf\u00fcr ist die Traktion der Rollen absolut entscheidend. Deshalb hat Carver eine Surfskate-Rolle entwickelt, bei dem sich alles um Grip und Geschwindigkeit dreht. Das Carver Mag Wheel Set Smoke &#8211; 70mm 78a ist ein ausgewogenes Gleichgewicht aus einer kantigen Lippe f\u00fcr maximale Haftung und einem h\u00e4rteren Mittelprofil f\u00fcr die Geschwindigkeit.<\/p>\n<p>Der Schl\u00fcssel des Kozeptes liegt in der Form der Lippe; d\u00fcnn am Rand, aber schnell dicker werdend, mit einem hohlen Relief in der N\u00e4he des Kerns. Dadurch entsteht eine federbelastete, zur\u00fcckfedernde Lippe, so dass jedes Mal, wenn du zur Geschwindigkeit pumpst, das Rad zur\u00fcckpumpt. Und weil die Aufstandsfl\u00e4che sch\u00f6n breit ist, kann man sich wirklich in die Spur eingraben, und diese R\u00e4der bleiben haften. Hergestellt in den USA aus kundenspezifisch gemischtem Urethan, das speziell f\u00fcr die neue Marke Roundhouse von Carver entwickelt wurde.<\/p>\n<\/div>","protected":false},"excerpt":{"rendered":"<p>juego de 4<\/p>","protected":false},"featured_media":19755,"comment_status":"closed","ping_status":"closed","template":"","meta":{"jetpack_post_was_ever_published":false,"jetpack_publicize_message":"","jetpack_publicize_feature_enabled":true,"jetpack_social_post_already_shared":true,"jetpack_social_options":{"image_generator_settings":{"template":"highway","default_image_id":0,"font":"","enabled":false},"version":2}},"product_brand":[],"product_cat":[317,531,8781],"product_tag":[],"class_list":{"0":"post-16467","1":"product","2":"type-product","3":"status-publish","4":"has-post-thumbnail","6":"product_cat-longboard-wheels","7":"product_cat-surfskates","8":"product_cat-surfskate-wheels","9":"product_shipping_class-paket-m","11":"first","12":"outofstock","13":"taxable","14":"shipping-taxable","15":"purchasable","16":"product-type-simple"},"composite_virtual":false,"composite_layout":"","composite_add_to_cart_form_location":"","composite_editable_in_cart":false,"composite_sold_individually_context":"","composite_shop_price_calc":"","composite_components":[],"composite_scenarios":[],"booking_location":null,"booking_location_type":null,"booking_duration":null,"booking_duration_unit":null,"booking_buffer":null,"booking_cost":null,"booking_resources":null,"jetpack_publicize_connections":[],"jetpack_sharing_enabled":true,"_links":{"self":[{"href":"https:\/\/www.studiolongboard.com\/es\/wp-json\/wp\/v2\/product\/16467","targetHints":{"allow":["GET"]}}],"collection":[{"href":"https:\/\/www.studiolongboard.com\/es\/wp-json\/wp\/v2\/product"}],"about":[{"href":"https:\/\/www.studiolongboard.com\/es\/wp-json\/wp\/v2\/types\/product"}],"replies":[{"embeddable":true,"href":"https:\/\/www.studiolongboard.com\/es\/wp-json\/wp\/v2\/comments?post=16467"}],"wp:featuredmedia":[{"embeddable":true,"href":"https:\/\/www.studiolongboard.com\/es\/wp-json\/wp\/v2\/media\/19755"}],"wp:attachment":[{"href":"https:\/\/www.studiolongboard.com\/es\/wp-json\/wp\/v2\/media?parent=16467"}],"wp:term":[{"taxonomy":"product_brand","embeddable":true,"href":"https:\/\/www.studiolongboard.com\/es\/wp-json\/wp\/v2\/product_brand?post=16467"},{"taxonomy":"product_cat","embeddable":true,"href":"https:\/\/www.studiolongboard.com\/es\/wp-json\/wp\/v2\/product_cat?post=16467"},{"taxonomy":"product_tag","embeddable":true,"href":"https:\/\/www.studiolongboard.com\/es\/wp-json\/wp\/v2\/product_tag?post=16467"}],"curies":[{"name":"wp","href":"https:\/\/api.w.org\/{rel}","templated":true}]}}