{"id":15827,"date":"2021-05-14T16:16:59","date_gmt":"2021-05-14T14:16:59","guid":{"rendered":"https:\/\/www.studiolongboard.com\/?post_type=product&#038;p=15827"},"modified":"2025-01-23T17:28:03","modified_gmt":"2025-01-23T16:28:03","slug":"santa-cruz-screaming-hand-full-skateboard","status":"publish","type":"product","link":"https:\/\/www.studiolongboard.com\/es\/shop\/skateboards\/komplett-skateboards\/santa-cruz-screaming-hand-full-skateboard\/","title":{"rendered":"SANTA CRUZ Screaming Hand Full Skateboard"},"content":{"rendered":"<h2>SANTA CRUZ Screaming Hand Full Skateboard<\/h2>\n<p>SANTA CRUZ Screaming Hand Full Skateboard hat die optimale Allround Gr\u00f6\u00dfe sowohl f\u00fcr Kinder als auch f\u00fcr Erwachsene.\u00a0Das Deck ist 8&#8243; breit und hat 31.25&#8243; lang. Die leicht lenkbaren Achsen von Bullet und die weichen Slime Balls Rollen runden das Setup ab und garantieren Fahrspa\u00df auch auf rauem Untergrund.<\/p>\n<p>CUBIERTA<br \/>\nLeichte, superstarke, 7-lagige Ahornkonstruktion<\/p>\n<p>ACHSEN<br \/>\nStarke, leichte trucks aus Aluminiumguss mit 90a-Lenkgummies f\u00fcr einfaches Lenken<\/p>\n<p>ROLLEN<br \/>\nSlime Balls 95a<\/p>\n<p>KUGELLAGER<br \/>\nLanglebige Hochgeschwindigkeits-Pr\u00e4zisionsstahllager mit \u00d6lschmiermittel f\u00fcr leichtes Rollen<\/p>\n<p>GRIPTAPE<br \/>\nHochwertige professionelle K\u00f6rnung und Klebstoff<\/p>\n<p>&nbsp;<\/p>\n<div id=\"product_infos\">\n<div class=\"info\">\n<div class=\"productdescr\">Ma\u00dfe: 8&#8243; x 31.25&#8243;<\/div>\n<div class=\"productdescr\">7 Schichten Ahornholz<\/div>\n<\/div>\n<\/div>","protected":false},"excerpt":{"rendered":"<p>SANTA CRUZ Screaming Hand Full Skateboard SANTA CRUZ Screaming Hand Full Skateboard hat die optimale Allround Gr\u00f6\u00dfe sowohl f\u00fcr Kinder als auch f\u00fcr Erwachsene.\u00a0Das Deck ist 8&#8243; breit und hat 31.25&#8243; lang. Die leicht lenkbaren Achsen von Bullet und die weichen Slime Balls Rollen runden das Setup ab und garantieren Fahrspa\u00df auch auf rauem Untergrund. [&#8230;]\n","protected":false},"featured_media":15828,"comment_status":"open","ping_status":"closed","template":"","meta":{"jetpack_post_was_ever_published":false,"jetpack_publicize_message":"SANTA CRUZ Glow Dot Skateboard","jetpack_publicize_feature_enabled":true,"jetpack_social_post_already_shared":true,"jetpack_social_options":{"image_generator_settings":{"template":"highway","default_image_id":0,"font":"","enabled":false},"version":2}},"product_brand":[],"product_cat":[687,312,319],"product_tag":[5888,5889,3646,4354],"class_list":{"0":"post-15827","1":"product","2":"type-product","3":"status-publish","4":"has-post-thumbnail","6":"product_cat-sale","7":"product_cat-skateboards","8":"product_cat-komplett-skateboards","9":"product_tag-beginner","10":"product_tag-anfaenger","11":"product_tag-kids","12":"product_tag-kinderskateboard","13":"product_shipping_class-paket","15":"first","16":"outofstock","17":"sale","18":"taxable","19":"shipping-taxable","20":"purchasable","21":"product-type-simple"},"composite_virtual":false,"composite_layout":"","composite_add_to_cart_form_location":"","composite_editable_in_cart":false,"composite_sold_individually_context":"","composite_shop_price_calc":"","composite_components":[],"composite_scenarios":[],"booking_location":null,"booking_location_type":null,"booking_duration":null,"booking_duration_unit":null,"booking_buffer":null,"booking_cost":null,"booking_resources":null,"jetpack_publicize_connections":[],"jetpack_sharing_enabled":true,"_links":{"self":[{"href":"https:\/\/www.studiolongboard.com\/es\/wp-json\/wp\/v2\/product\/15827","targetHints":{"allow":["GET"]}}],"collection":[{"href":"https:\/\/www.studiolongboard.com\/es\/wp-json\/wp\/v2\/product"}],"about":[{"href":"https:\/\/www.studiolongboard.com\/es\/wp-json\/wp\/v2\/types\/product"}],"replies":[{"embeddable":true,"href":"https:\/\/www.studiolongboard.com\/es\/wp-json\/wp\/v2\/comments?post=15827"}],"wp:featuredmedia":[{"embeddable":true,"href":"https:\/\/www.studiolongboard.com\/es\/wp-json\/wp\/v2\/media\/15828"}],"wp:attachment":[{"href":"https:\/\/www.studiolongboard.com\/es\/wp-json\/wp\/v2\/media?parent=15827"}],"wp:term":[{"taxonomy":"product_brand","embeddable":true,"href":"https:\/\/www.studiolongboard.com\/es\/wp-json\/wp\/v2\/product_brand?post=15827"},{"taxonomy":"product_cat","embeddable":true,"href":"https:\/\/www.studiolongboard.com\/es\/wp-json\/wp\/v2\/product_cat?post=15827"},{"taxonomy":"product_tag","embeddable":true,"href":"https:\/\/www.studiolongboard.com\/es\/wp-json\/wp\/v2\/product_tag?post=15827"}],"curies":[{"name":"wp","href":"https:\/\/api.w.org\/{rel}","templated":true}]}}