{"id":15732,"date":"2021-05-07T16:36:04","date_gmt":"2021-05-07T14:36:04","guid":{"rendered":"https:\/\/www.studiolongboard.com\/?post_type=product&#038;p=15732"},"modified":"2025-09-19T19:17:53","modified_gmt":"2025-09-19T17:17:53","slug":"tsg-kneepads-sk8-dhps","status":"publish","type":"product","link":"https:\/\/www.studiolongboard.com\/es\/shop\/protection\/schuetzer\/tsg-kneepads-sk8-dhps\/","title":{"rendered":"Rodilleras TSG Sk8 DHP's"},"content":{"rendered":"<h2>Rodilleras TSG Sk8 DHP's<\/h2>\n<p>TSG Kneepads Sk8 DHP&#8217;s entstammen einer Kollaboration mit Speed-Demon Kevin Reimer und bieten den besten Schutz beim Downhill Skaten. Downhill-Sch\u00fctzer k\u00f6nnen noch mehr als Haut und Knochen zu sch\u00fctzen, denn sie bieten eine robuste Basis f\u00fcr Slides und Balance. Aus diesem Grund haben wir den SK8 DHP l\u00e4nger gestaltet, aus widerstandsf\u00e4higem Cordura-Stoff gefertigt und ihm eine gro\u00dfe Kappe mit lateralen Slide-Extensions verpasst. Damit er nicht verrutscht kommt er mit sicheren Butterfly-Straps aus Neopren und Velcro-Verschl\u00fcssen auf die sich Kevin verlassen kann.<\/p>\n<p>&#8222;Protection:<br \/>\nHardshell Construction, Mehrlagiger EVA Schaum auf und neben Knie, Auswechselbare robuste PE Cap mit seitlicher Slide-Extension, EN 14120 CE gepr\u00fcft<\/p>\n<p>Comfort:<br \/>\nVorgeformtes Design, Robustes Cordura Material, Polster im rutschsicheren Horseshoe Shape, Bequeme Neopren Butterfly Straps, Umlaufender doppellagiger 360\u00b0 Strap oben, Anpassbarer Klett-Strap mit Klickverschlu\u00df unten, Bequemes Futtermaterial, Open-Back Design kann hinten ge\u00f6ffnet werden f\u00fcr leichtes An- und Ausziehen&#8220;<\/p>\n<p>Terrain: Downhill\/Freeride<\/p>","protected":false},"excerpt":{"rendered":"<p>TSG Kneepads Sk8 DHP&#8217;s TSG Kneepads Sk8 DHP&#8217;s entstammen einer Kollaboration mit Speed-Demon Kevin Reimer und bieten den besten Schutz beim Downhill Skaten. Downhill-Sch\u00fctzer k\u00f6nnen noch mehr als Haut und Knochen zu sch\u00fctzen, denn sie bieten eine robuste Basis f\u00fcr Slides und Balance. Aus diesem Grund haben wir den SK8 DHP l\u00e4nger gestaltet, aus widerstandsf\u00e4higem [&#8230;]\n","protected":false},"featured_media":15735,"comment_status":"open","ping_status":"closed","template":"","meta":{"jetpack_post_was_ever_published":false,"jetpack_publicize_message":"","jetpack_publicize_feature_enabled":true,"jetpack_social_post_already_shared":true,"jetpack_social_options":{"image_generator_settings":{"template":"highway","default_image_id":0,"font":"","enabled":false},"version":2}},"product_brand":[],"product_cat":[320,505,528],"product_tag":[6894,6895,8199,8413,8504],"class_list":{"0":"post-15732","1":"product","2":"type-product","3":"status-publish","4":"has-post-thumbnail","6":"product_cat-accessories","7":"product_cat-protection","8":"product_cat-schuetzer","9":"product_tag-protection","10":"product_tag-knieschoner","11":"product_tag-knee-pads","12":"product_tag-kevin-reimer","13":"product_tag-knieschuetzer","14":"product_shipping_class-paket","16":"first","17":"instock","18":"taxable","19":"shipping-taxable","20":"purchasable","21":"product-type-variable"},"composite_virtual":false,"composite_layout":"","composite_add_to_cart_form_location":"","composite_editable_in_cart":false,"composite_sold_individually_context":"","composite_shop_price_calc":"","composite_components":[],"composite_scenarios":[],"booking_location":null,"booking_location_type":null,"booking_duration":null,"booking_duration_unit":null,"booking_buffer":null,"booking_cost":null,"booking_resources":null,"jetpack_publicize_connections":[],"jetpack_sharing_enabled":true,"_links":{"self":[{"href":"https:\/\/www.studiolongboard.com\/es\/wp-json\/wp\/v2\/product\/15732","targetHints":{"allow":["GET"]}}],"collection":[{"href":"https:\/\/www.studiolongboard.com\/es\/wp-json\/wp\/v2\/product"}],"about":[{"href":"https:\/\/www.studiolongboard.com\/es\/wp-json\/wp\/v2\/types\/product"}],"replies":[{"embeddable":true,"href":"https:\/\/www.studiolongboard.com\/es\/wp-json\/wp\/v2\/comments?post=15732"}],"wp:featuredmedia":[{"embeddable":true,"href":"https:\/\/www.studiolongboard.com\/es\/wp-json\/wp\/v2\/media\/15735"}],"wp:attachment":[{"href":"https:\/\/www.studiolongboard.com\/es\/wp-json\/wp\/v2\/media?parent=15732"}],"wp:term":[{"taxonomy":"product_brand","embeddable":true,"href":"https:\/\/www.studiolongboard.com\/es\/wp-json\/wp\/v2\/product_brand?post=15732"},{"taxonomy":"product_cat","embeddable":true,"href":"https:\/\/www.studiolongboard.com\/es\/wp-json\/wp\/v2\/product_cat?post=15732"},{"taxonomy":"product_tag","embeddable":true,"href":"https:\/\/www.studiolongboard.com\/es\/wp-json\/wp\/v2\/product_tag?post=15732"}],"curies":[{"name":"wp","href":"https:\/\/api.w.org\/{rel}","templated":true}]}}