{"id":15715,"date":"2021-05-07T13:28:35","date_gmt":"2021-05-07T11:28:35","guid":{"rendered":"https:\/\/www.studiolongboard.com\/?post_type=product&#038;p=15715"},"modified":"2025-12-31T14:20:55","modified_gmt":"2025-12-31T13:20:55","slug":"btfl-maya-kinderlongboard","status":"publish","type":"product","link":"https:\/\/www.studiolongboard.com\/es\/shop\/longboards\/komplett-longboards\/kinder-longboards\/btfl-maya-kinderlongboard\/","title":{"rendered":"BTFL Maya longboard infantil"},"content":{"rendered":"<h2>BTFL Maya longboard infantil<\/h2>\n<p>BTFL Maya Kinderlongboard &#8211; Lamaalarm im Hause BTFL. Denn hier sind die Lamas los! Maya ist mit einer Gesamtl\u00e4nge von 80 cm &#038; einer Breite von 19 cm gerade f\u00fcr die kleinen Girls konzipiert. Durch die 74A weichen Bushings l\u00e4sst es sich angenehm und leicht lenken, sodass auch die weniger starken M\u00e4dels Spa\u00df am Cruisen haben k\u00f6nnen! Au\u00dferdem sind die 150 mm RKP Achsen von oben verschraubt, sodass die Fahrerin weniger tief in die Knie gehen muss. Das ist besonders f\u00fcr Anf\u00e4nger und Kinder sehr vorteilhaft. Und damit auch die leichteren Girls mal ein Board mit Flex fahren k\u00f6nnen, haben wir Maya mit extra d\u00fcnnen Ahornschichten versehen. Daher w\u00fcrden wir euch empfehlen, das Board nur dann zu kaufen, wenn ihr weniger als 65 KG wiegt.<\/p>\n<p>Deck: 19 x 80 cm \/ 7.5\u201d  x 31.5\u201d<br \/>\nWheels: 65 x 47 mm<br \/>\nBearings: ABEC 9<br \/>\nTrucks: 150 mm RKP<\/p>\n<p>Flex: soft, bis 65 KG<\/p>","protected":false},"excerpt":{"rendered":"<p>Deck: 19 x 80 cm<br \/>\nWheels: 65 x 47 mm<br \/>\nBearings: ABEC 9<br \/>\nTrucks: 150 mm RKP<\/p>\n<p>Flex: soft, bis 65 KG<\/p>","protected":false},"featured_media":15716,"comment_status":"open","ping_status":"closed","template":"","meta":{"jetpack_post_was_ever_published":false,"jetpack_publicize_message":"","jetpack_publicize_feature_enabled":true,"jetpack_social_post_already_shared":true,"jetpack_social_options":{"image_generator_settings":{"template":"highway","default_image_id":0,"font":"","enabled":false},"version":2}},"product_brand":[],"product_cat":[310,8641,8642],"product_tag":[3646,5528,322,5529,8496,360],"class_list":{"0":"post-15715","1":"product","2":"type-product","3":"status-publish","4":"has-post-thumbnail","6":"product_cat-komplett-longboards","7":"product_cat-kinder-longboards","8":"product_cat-einsteiger-longboards","9":"product_tag-kids","10":"product_tag-kinder","11":"product_tag-drop-through","12":"product_tag-kinder-longboard","13":"product_tag-lama","14":"product_tag-flex","15":"product_shipping_class-paket","17":"first","18":"instock","19":"taxable","20":"shipping-taxable","21":"purchasable","22":"product-type-simple"},"composite_virtual":false,"composite_layout":"","composite_add_to_cart_form_location":"","composite_editable_in_cart":false,"composite_sold_individually_context":"","composite_shop_price_calc":"","composite_components":[],"composite_scenarios":[],"booking_location":null,"booking_location_type":null,"booking_duration":null,"booking_duration_unit":null,"booking_buffer":null,"booking_cost":null,"booking_resources":null,"jetpack_publicize_connections":[],"jetpack_sharing_enabled":true,"_links":{"self":[{"href":"https:\/\/www.studiolongboard.com\/es\/wp-json\/wp\/v2\/product\/15715","targetHints":{"allow":["GET"]}}],"collection":[{"href":"https:\/\/www.studiolongboard.com\/es\/wp-json\/wp\/v2\/product"}],"about":[{"href":"https:\/\/www.studiolongboard.com\/es\/wp-json\/wp\/v2\/types\/product"}],"replies":[{"embeddable":true,"href":"https:\/\/www.studiolongboard.com\/es\/wp-json\/wp\/v2\/comments?post=15715"}],"wp:featuredmedia":[{"embeddable":true,"href":"https:\/\/www.studiolongboard.com\/es\/wp-json\/wp\/v2\/media\/15716"}],"wp:attachment":[{"href":"https:\/\/www.studiolongboard.com\/es\/wp-json\/wp\/v2\/media?parent=15715"}],"wp:term":[{"taxonomy":"product_brand","embeddable":true,"href":"https:\/\/www.studiolongboard.com\/es\/wp-json\/wp\/v2\/product_brand?post=15715"},{"taxonomy":"product_cat","embeddable":true,"href":"https:\/\/www.studiolongboard.com\/es\/wp-json\/wp\/v2\/product_cat?post=15715"},{"taxonomy":"product_tag","embeddable":true,"href":"https:\/\/www.studiolongboard.com\/es\/wp-json\/wp\/v2\/product_tag?post=15715"}],"curies":[{"name":"wp","href":"https:\/\/api.w.org\/{rel}","templated":true}]}}