{"id":15109,"date":"2021-04-09T18:07:51","date_gmt":"2021-04-09T16:07:51","guid":{"rendered":"https:\/\/www.studiolongboard.com\/?post_type=product&#038;p=15109"},"modified":"2025-12-31T14:22:10","modified_gmt":"2025-12-31T13:22:10","slug":"btfl-keanu-longboard-double-drop-complete","status":"publish","type":"product","link":"https:\/\/www.studiolongboard.com\/es\/shop\/longboards\/komplett-longboards\/einsteiger-longboards\/btfl-keanu-longboard-double-drop-complete\/","title":{"rendered":"BTFL Keanu Longboard doble ca\u00edda completa"},"content":{"rendered":"<h2>BTFL Keanu Longboard double-drop<\/h2>\n<p>BTFL Keanu Longboard double-drop  &#8211; Dank der Doubledrop-Konstruktion liegt das Deck tief am Boden, sodass du beim Pushen und Bremsen deine Knie wenig belastest. Das starke Concave und der tiefe Stand sorgen f\u00fcr Stabilit\u00e4t beim Fahren. Die Konstruktion von 8 Lagen Ahorn und einer Lage Fiberglas verleiht dem Deck die notwendige H\u00e4rte und l\u00e4sst ein Fahrer*innengewicht von bis zu 95 KG zu. Das Board kommt mit 75mm gro\u00dfen Rollen und ist der ideale Begleiter f\u00fcr l\u00e4ngere Strecken. Aufgrund der Gesamtl\u00e4nge von 96.5 cm ist das Board dennoch agil und wendig. Keanu punktet mit Stabilit\u00e4t und Komfort und ist somit das ideale Modell f\u00fcr alle Einsteiger*innen und Langstreckenfans. <\/p>\n<p>Specs:<\/p>\n<p>22,8 x 96,5 cm<br \/>\n9\u201d x 38&#8243;<br \/>\n8 layers canadian maple + 1 layer fibreglas<br \/>\n180 mm 50\u00b0 RKP trucks<br \/>\n75 x 52 mm 80A wheels<\/p>","protected":false},"excerpt":{"rendered":"<p>21 x 96,5 cm<br \/>\n8.2\u201d x 38\u201d&#8220;<\/p>\n<p>6 layers canadian maple + 1 layer bamboo<br \/>\n180 mm RKP trucks<br \/>\n70 x 51 mm Wheels<br \/>\nABEC 9 bearings<\/p>","protected":false},"featured_media":15110,"comment_status":"closed","ping_status":"closed","template":"","meta":{"jetpack_post_was_ever_published":false,"jetpack_publicize_message":"","jetpack_publicize_feature_enabled":true,"jetpack_social_post_already_shared":true,"jetpack_social_options":{"image_generator_settings":{"template":"highway","default_image_id":0,"font":"","enabled":false},"version":2}},"product_brand":[9121],"product_cat":[8642,9127,310],"product_tag":[367,4247,5888,5889],"class_list":{"0":"post-15109","1":"product","2":"type-product","3":"status-publish","4":"has-post-thumbnail","6":"product_brand-btfl","7":"product_cat-einsteiger-longboards","8":"product_cat-ldp-completes","9":"product_cat-komplett-longboards","10":"product_tag-double-drop","11":"product_tag-long-distance","12":"product_tag-beginner","13":"product_tag-anfaenger","14":"product_shipping_class-paket","16":"first","17":"instock","18":"taxable","19":"shipping-taxable","20":"purchasable","21":"product-type-simple"},"composite_virtual":false,"composite_layout":"","composite_add_to_cart_form_location":"","composite_editable_in_cart":false,"composite_sold_individually_context":"","composite_shop_price_calc":"","composite_components":[],"composite_scenarios":[],"booking_location":null,"booking_location_type":null,"booking_duration":null,"booking_duration_unit":null,"booking_buffer":null,"booking_cost":null,"booking_resources":null,"jetpack_publicize_connections":[],"jetpack_sharing_enabled":true,"_links":{"self":[{"href":"https:\/\/www.studiolongboard.com\/es\/wp-json\/wp\/v2\/product\/15109","targetHints":{"allow":["GET"]}}],"collection":[{"href":"https:\/\/www.studiolongboard.com\/es\/wp-json\/wp\/v2\/product"}],"about":[{"href":"https:\/\/www.studiolongboard.com\/es\/wp-json\/wp\/v2\/types\/product"}],"replies":[{"embeddable":true,"href":"https:\/\/www.studiolongboard.com\/es\/wp-json\/wp\/v2\/comments?post=15109"}],"wp:featuredmedia":[{"embeddable":true,"href":"https:\/\/www.studiolongboard.com\/es\/wp-json\/wp\/v2\/media\/15110"}],"wp:attachment":[{"href":"https:\/\/www.studiolongboard.com\/es\/wp-json\/wp\/v2\/media?parent=15109"}],"wp:term":[{"taxonomy":"product_brand","embeddable":true,"href":"https:\/\/www.studiolongboard.com\/es\/wp-json\/wp\/v2\/product_brand?post=15109"},{"taxonomy":"product_cat","embeddable":true,"href":"https:\/\/www.studiolongboard.com\/es\/wp-json\/wp\/v2\/product_cat?post=15109"},{"taxonomy":"product_tag","embeddable":true,"href":"https:\/\/www.studiolongboard.com\/es\/wp-json\/wp\/v2\/product_tag?post=15109"}],"curies":[{"name":"wp","href":"https:\/\/api.w.org\/{rel}","templated":true}]}}