{"id":15101,"date":"2021-04-09T17:51:46","date_gmt":"2021-04-09T15:51:46","guid":{"rendered":"https:\/\/www.studiolongboard.com\/?post_type=product&#038;p=15101"},"modified":"2025-05-30T16:11:07","modified_gmt":"2025-05-30T14:11:07","slug":"btfl-marvin-skateboard","status":"publish","type":"product","link":"https:\/\/www.studiolongboard.com\/es\/shop\/skateboards\/komplett-skateboards\/kinder-skateboards\/btfl-marvin-skateboard\/","title":{"rendered":"BTFL Marvin Skateboard"},"content":{"rendered":"<h2>BTFL Marvin Skateboard<\/h2>\n<p>BTFL Marvin Skateboard ist ein Cruising Skateboard. Durch die weichen Cruiser-Rollen l\u00e4sst es sich auch auf rauem Asphalt gut rollen. Durch das ruhige Fahrverhalten besonders gut f\u00fcrs Filmen geeignet. Mit einer Rollengr\u00f6\u00dfe von 58mm l\u00e4sst sich das Board weiterhin gut poppen, sodass neben gem\u00fctlichem Cruisen auch klassische Skateboardtricks damit m\u00f6glich sind. Aufgrund der Deckgr\u00f6\u00dfe ist das Board handlich und schnell auch mal am Rucksack befestigt. Marvin ist ein super Kompromiss f\u00fcr alle diejenigen, die auf der Suche nach einer Mischung zwischen Skateboard und Minicruiser sind.<\/p>\n<p>Cubierta<\/p>\n<p>Abmessungen:<br \/>\n20,3 cm x 80.6 cm<br \/>\n8\u201d x 31.75\u201d<br \/>\n7 Lagen kanadischer Ahorn \/ 7 layers canadian maple<\/p>\n<p>Trucks: 5.5&#8243; TKP, 90a bushings<br \/>\nWheels: &#8222;58 x 32mm, 80A&#8220;<br \/>\nBearings: Abec 9<\/p>","protected":false},"excerpt":{"rendered":"<p>Bei <strong>Vorbestellung<\/strong> voraussichtliche Lieferung innerhalb einer Woche<\/p>","protected":false},"featured_media":15107,"comment_status":"closed","ping_status":"closed","template":"","meta":{"jetpack_post_was_ever_published":false,"jetpack_publicize_message":"","jetpack_publicize_feature_enabled":true,"jetpack_social_post_already_shared":true,"jetpack_social_options":{"image_generator_settings":{"template":"highway","default_image_id":0,"font":"","enabled":false},"version":2}},"product_brand":[9121],"product_cat":[312,319,9085],"product_tag":[340,462,8425,766,8454,8455,3647,4354],"class_list":{"0":"post-15101","1":"product","2":"type-product","3":"status-publish","4":"has-post-thumbnail","6":"product_brand-btfl","7":"product_cat-skateboards","8":"product_cat-komplett-skateboards","9":"product_cat-kinder-skateboards","10":"product_tag-cruisen","11":"product_tag-cruiser","12":"product_tag-women","13":"product_tag-cruiser-wheels","14":"product_tag-filmen","15":"product_tag-filming","16":"product_tag-girls","17":"product_tag-kinderskateboard","18":"product_shipping_class-paket","20":"first","21":"outofstock","22":"taxable","23":"shipping-taxable","24":"purchasable","25":"product-type-simple"},"composite_virtual":false,"composite_layout":"","composite_add_to_cart_form_location":"","composite_editable_in_cart":false,"composite_sold_individually_context":"","composite_shop_price_calc":"","composite_components":[],"composite_scenarios":[],"booking_location":null,"booking_location_type":null,"booking_duration":null,"booking_duration_unit":null,"booking_buffer":null,"booking_cost":null,"booking_resources":null,"jetpack_publicize_connections":[],"jetpack_sharing_enabled":true,"_links":{"self":[{"href":"https:\/\/www.studiolongboard.com\/es\/wp-json\/wp\/v2\/product\/15101","targetHints":{"allow":["GET"]}}],"collection":[{"href":"https:\/\/www.studiolongboard.com\/es\/wp-json\/wp\/v2\/product"}],"about":[{"href":"https:\/\/www.studiolongboard.com\/es\/wp-json\/wp\/v2\/types\/product"}],"replies":[{"embeddable":true,"href":"https:\/\/www.studiolongboard.com\/es\/wp-json\/wp\/v2\/comments?post=15101"}],"wp:featuredmedia":[{"embeddable":true,"href":"https:\/\/www.studiolongboard.com\/es\/wp-json\/wp\/v2\/media\/15107"}],"wp:attachment":[{"href":"https:\/\/www.studiolongboard.com\/es\/wp-json\/wp\/v2\/media?parent=15101"}],"wp:term":[{"taxonomy":"product_brand","embeddable":true,"href":"https:\/\/www.studiolongboard.com\/es\/wp-json\/wp\/v2\/product_brand?post=15101"},{"taxonomy":"product_cat","embeddable":true,"href":"https:\/\/www.studiolongboard.com\/es\/wp-json\/wp\/v2\/product_cat?post=15101"},{"taxonomy":"product_tag","embeddable":true,"href":"https:\/\/www.studiolongboard.com\/es\/wp-json\/wp\/v2\/product_tag?post=15101"}],"curies":[{"name":"wp","href":"https:\/\/api.w.org\/{rel}","templated":true}]}}