{"id":15098,"date":"2021-04-09T15:14:39","date_gmt":"2021-04-09T13:14:39","guid":{"rendered":"https:\/\/www.studiolongboard.com\/?post_type=product&#038;p=15098"},"modified":"2025-12-31T14:22:17","modified_gmt":"2025-12-31T13:22:17","slug":"btfl-sydney-longboard-dancer-complete-2021","status":"publish","type":"product","link":"https:\/\/www.studiolongboard.com\/es\/shop\/longboards\/komplett-longboards\/dance-und-freestyle\/btfl-sydney-longboard-dancer-complete-2021\/","title":{"rendered":"BTFL Sydney Longboard Dancer completo SL"},"content":{"rendered":"<h2>BTFL Sydney Longboard Dancer complete 2021<\/h2>\n<p>BTFL Sydney Longboard Dancer complete 2021 eignet sich perfekt f\u00fcr Anf\u00e4nger im Longboard Dance und Freestyle. Trotz des geringen Preises ist das Board mit Bambus-Stringern und Fiberglas versehen (\u00fcblich in dem Preissegment ist der Verbau von reinem Ahorn). Dadurch ist das Deck stabil, flexibel und langlebig. Sehr geschmackvoller Design. Entwickelt zusammen mit Deborah Keser (u.a. Gewinnerin des <a href=\"https:\/\/www.studiolongboard.com\/es\/hamburg-longboard-open-2019\/\">Hamburg Longboard Open 2019<\/a>)<\/p>\n<p>Auf beiden Seiten mit Bambus-Stringern versehen erinnert Sydney optisch an jene Longboards, wie man sie aus dem Surfen kennt. Die Unterseite ziert au\u00dferdem ein wei\u00dfes Mandala. Das eigentlich sehr gro\u00dfe Deck wirkt filigran und l\u00e4dt auf ein graziles T\u00e4nzchen ein. Um euch eine m\u00f6glichst hohe Bewegungsfreiheit zu garantieren, ist das Deck nur an den Kicks mit Griptape versehen. Aufgrund der L\u00e4nge hast du au\u00dferdem gen\u00fcgend Platz, um Dancing Steps zu praktizieren. Doch auch f\u00fcr Freestyletricks ist Sydney ideal. Ob Manual, Shoveit oder No Comply &#8211; Die Kicks sind gro\u00dfz\u00fcgig lang und haben einen guten Pop. Um eine gute Kombination aus Flex und Gewicht herzustellen, besteht das Board aus Bambus, Ahorn und Fiberglas<\/p>\n<p>Konstruktion: Bambus + Fiberglas<br \/>\nL\u00e4nge: 115cm<br \/>\nBreite: 23cm<br \/>\nFlex: 1,5 (mittel-hart)<br \/>\nGrip vorhanden<\/p>\n<p>Setup w\u00e4hlbar aus:<\/p>\n<p>Trucks: Paris V3 \/ Kahalani cast \/ Caliber II \/ Bear Grizzley Gen6<\/p>\n<p>Wheels: Easy Hawgs \/ Fatties \/ Orangatang fat free \/ Bood Orange<\/p>\n<p>Kugellager: Modus Abec 5 \/ Blurs Abec 7 oder 9 \/ uva<\/p>\n<p>Schrauben und Softpads sind im Preis inklusive<\/p>","protected":false},"excerpt":{"rendered":"<p>BTFL Sydney Longboard Dancer complete 2021 BTFL Sydney Longboard Dancer complete 2021 eignet sich perfekt f\u00fcr Anf\u00e4nger im Longboard Dance und Freestyle. Trotz des geringen Preises ist das Board mit Bambus-Stringern und Fiberglas versehen (\u00fcblich in dem Preissegment ist der Verbau von reinem Ahorn). Dadurch ist das Deck stabil, flexibel und langlebig. Sehr geschmackvoller Design. [&#8230;]\n","protected":false},"featured_media":15100,"comment_status":"closed","ping_status":"closed","template":"","meta":{"jetpack_post_was_ever_published":false,"jetpack_publicize_message":"","jetpack_publicize_feature_enabled":true,"jetpack_social_post_already_shared":true,"jetpack_social_options":{"image_generator_settings":{"template":"highway","default_image_id":0,"font":"","enabled":false},"version":2}},"product_brand":[9121],"product_cat":[310,8627],"product_tag":[373,8240,342],"class_list":{"0":"post-15098","1":"product","2":"type-product","3":"status-publish","4":"has-post-thumbnail","6":"product_brand-btfl","7":"product_cat-komplett-longboards","8":"product_cat-dance-und-freestyle","9":"product_tag-dancer","10":"product_tag-budget-longboard","11":"product_tag-freeestyle","12":"product_shipping_class-paket","14":"first","15":"instock","16":"sale","17":"taxable","18":"shipping-taxable","19":"purchasable","20":"product-type-composite"},"composite_virtual":false,"composite_layout":"progressive","composite_add_to_cart_form_location":"after_summary","composite_editable_in_cart":false,"composite_sold_individually_context":"product","composite_shop_price_calc":"defaults","composite_components":[{"id":"1617984283","title":"Camiones \/ Ejes","description":"","query_type":"product_ids","query_ids":[11887,2112,6113,19790,19796,9957,7300,7267,7261,7255,9989,7269,19724,19727,19730,17831,17842,19437,19441,19712,2127,33184,33186],"default_option_id":7267,"thumbnail_id":5893,"thumbnail_src":"","quantity_min":2,"quantity_max":2,"priced_individually":true,"shipped_individually":false,"optional":false,"discount":5,"options_style":"dropdowns","pagination_style":"classic","display_prices":"absolute","show_sorting_options":false,"show_filtering_options":false,"attribute_filter_ids":[],"select_action":"view","product_title_visible":true,"product_descr_visible":false,"product_price_visible":true,"product_thumb_visible":true,"subtotal_visible_product":false,"subtotal_visible_cart":true,"subtotal_visible_orders":true},{"id":"1617984284","title":"Ruedas","description":"","query_type":"product_ids","query_ids":[7036,7031,5707,5709,5711,5722,13304,18738,16058,16054,16056,10045,4789,20008,19353,19349,19358,21064,7672,7666,7670,22637,57374],"default_option_id":7031,"thumbnail_id":"","thumbnail_src":"","quantity_min":1,"quantity_max":1,"priced_individually":true,"shipped_individually":false,"optional":false,"discount":5,"options_style":"dropdowns","pagination_style":"classic","display_prices":"absolute","show_sorting_options":false,"show_filtering_options":false,"attribute_filter_ids":[],"select_action":"view","product_title_visible":true,"product_descr_visible":true,"product_price_visible":true,"product_thumb_visible":true,"subtotal_visible_product":true,"subtotal_visible_cart":true,"subtotal_visible_orders":true},{"id":"1617985864","title":"Rodamientos \/ Rodamientos de bolas","description":"","query_type":"product_ids","query_ids":[8047,6792,11957,6044,8974,10642,15162],"default_option_id":8047,"thumbnail_id":8051,"thumbnail_src":"https:\/\/www.studiolongboard.com\/wp-content\/uploads\/2019\/11\/Modus_Black.jpg","quantity_min":1,"quantity_max":1,"priced_individually":true,"shipped_individually":false,"optional":false,"discount":5,"options_style":"dropdowns","pagination_style":"classic","display_prices":"absolute","show_sorting_options":false,"show_filtering_options":false,"attribute_filter_ids":[],"select_action":"view","product_title_visible":true,"product_descr_visible":true,"product_price_visible":true,"product_thumb_visible":true,"subtotal_visible_product":true,"subtotal_visible_cart":true,"subtotal_visible_orders":true}],"composite_scenarios":[],"booking_location":null,"booking_location_type":null,"booking_duration":null,"booking_duration_unit":null,"booking_buffer":null,"booking_cost":null,"booking_resources":null,"jetpack_publicize_connections":[],"jetpack_sharing_enabled":true,"_links":{"self":[{"href":"https:\/\/www.studiolongboard.com\/es\/wp-json\/wp\/v2\/product\/15098","targetHints":{"allow":["GET"]}}],"collection":[{"href":"https:\/\/www.studiolongboard.com\/es\/wp-json\/wp\/v2\/product"}],"about":[{"href":"https:\/\/www.studiolongboard.com\/es\/wp-json\/wp\/v2\/types\/product"}],"replies":[{"embeddable":true,"href":"https:\/\/www.studiolongboard.com\/es\/wp-json\/wp\/v2\/comments?post=15098"}],"wp:featuredmedia":[{"embeddable":true,"href":"https:\/\/www.studiolongboard.com\/es\/wp-json\/wp\/v2\/media\/15100"}],"wp:attachment":[{"href":"https:\/\/www.studiolongboard.com\/es\/wp-json\/wp\/v2\/media?parent=15098"}],"wp:term":[{"taxonomy":"product_brand","embeddable":true,"href":"https:\/\/www.studiolongboard.com\/es\/wp-json\/wp\/v2\/product_brand?post=15098"},{"taxonomy":"product_cat","embeddable":true,"href":"https:\/\/www.studiolongboard.com\/es\/wp-json\/wp\/v2\/product_cat?post=15098"},{"taxonomy":"product_tag","embeddable":true,"href":"https:\/\/www.studiolongboard.com\/es\/wp-json\/wp\/v2\/product_tag?post=15098"}],"curies":[{"name":"wp","href":"https:\/\/api.w.org\/{rel}","templated":true}]}}